{"id":39250,"date":"2024-09-01T07:00:55","date_gmt":"2024-09-21T19:33:06","guid":{"rendered":"https:\/\/sundar.be\/product\/busch-fraise-en-carbure-denture-x\/"},"modified":"2025-01-01T00:04:25","modified_gmt":"2024-12-31T23:04:25","slug":"busch-fraise-en-carbure-denture-x","status":"publish","type":"product","link":"https:\/\/sundar.be\/fr\/produit\/busch-fraise-en-carbure-denture-x\/","title":{"rendered":"Busch Fraise en Carbure Denture X"},"content":{"rendered":"<p>Busch Fraise en Carbure Denture X, l&rsquo;utilisation de fraises en carbure (ou en tungst\u00e8ne) est en plein essor dans le domaine des soins des pieds depuis quelques ann\u00e9es. Cette technique est utilis\u00e9e depuis de nombreuses ann\u00e9es dans le secteur dentaire. La composition des fraises garantit une tr\u00e8s longue dur\u00e9e de vie et une grande r\u00e9sistance aux influences ext\u00e9rieures. Par rapport aux fraises en acier, la dur\u00e9e de vie des fraises en carbure est plusieurs fois sup\u00e9rieure. <strong>X<\/strong> signifie que les fraises ont des dents moyennement grosses, ce qui les rend tr\u00e8s adapt\u00e9es \u00e0 l&rsquo;usinage normal des ongles.   <\/p>\n","protected":false},"excerpt":{"rendered":"<p>Busch Fraise en Carbure Denture X<\/p>\n","protected":false},"featured_media":39248,"comment_status":"open","ping_status":"closed","template":"","meta":{"_acf_changed":false},"product_brand":[],"product_cat":[1626,3799,4765],"product_tag":[3472],"class_list":{"0":"post-39250","1":"product","2":"type-product","3":"status-publish","4":"has-post-thumbnail","6":"product_cat-appareils-et-accessoires","7":"product_cat-units-fraises-carbure","8":"product_cat-matriel-de-pratique","9":"product_tag-fraisen-fr","10":"pa_vorm-fissuurfrais-016-fr","11":"pa_vorm-fissuurfrais-016-2-fr","12":"pa_vorm-fissuurfrais-023-fr","13":"pa_vorm-fissuurfrais-023-2-fr","14":"pa_vorm-peerfrais-060-fr","15":"pa_vorm-peerfrais-ovaal-040-fr","16":"pa_vorm-peerfrais-ovaal-060-fr","17":"pa_vorm-pyramidefrais-031-fr","18":"pa_vorm-pyramidefrais-040-fr","19":"pa_vorm-pyramidefrais-040-2-fr","20":"pa_vorm-pyramidefrais-060-fr","22":"first","23":"instock","24":"taxable","25":"shipping-taxable","26":"product-type-variable"},"acf":[],"_links":{"self":[{"href":"https:\/\/sundar.be\/fr\/wp-json\/wp\/v2\/product\/39250","targetHints":{"allow":["GET"]}}],"collection":[{"href":"https:\/\/sundar.be\/fr\/wp-json\/wp\/v2\/product"}],"about":[{"href":"https:\/\/sundar.be\/fr\/wp-json\/wp\/v2\/types\/product"}],"replies":[{"embeddable":true,"href":"https:\/\/sundar.be\/fr\/wp-json\/wp\/v2\/comments?post=39250"}],"wp:featuredmedia":[{"embeddable":true,"href":"https:\/\/sundar.be\/fr\/wp-json\/wp\/v2\/media\/39248"}],"wp:attachment":[{"href":"https:\/\/sundar.be\/fr\/wp-json\/wp\/v2\/media?parent=39250"}],"wp:term":[{"taxonomy":"product_brand","embeddable":true,"href":"https:\/\/sundar.be\/fr\/wp-json\/wp\/v2\/product_brand?post=39250"},{"taxonomy":"product_cat","embeddable":true,"href":"https:\/\/sundar.be\/fr\/wp-json\/wp\/v2\/product_cat?post=39250"},{"taxonomy":"product_tag","embeddable":true,"href":"https:\/\/sundar.be\/fr\/wp-json\/wp\/v2\/product_tag?post=39250"}],"curies":[{"name":"wp","href":"https:\/\/api.w.org\/{rel}","templated":true}]}}