{"id":39209,"date":"2024-09-01T07:00:25","date_gmt":"2024-09-21T19:20:26","guid":{"rendered":"https:\/\/sundar.be\/product\/busch-fraise-en-carbure-denture-sgx-gx\/"},"modified":"2025-03-13T13:42:21","modified_gmt":"2025-03-13T12:42:21","slug":"busch-fraise-en-carbure-denture-sgx-gx","status":"publish","type":"product","link":"https:\/\/sundar.be\/fr\/produit\/busch-fraise-en-carbure-denture-sgx-gx\/","title":{"rendered":"Busch Fraise en Carbure Denture SGX \/ GX"},"content":{"rendered":"<p>Les fraises en tungst\u00e8ne Busch SGX \/ GX \u00e0 denture connaissent un grand succ\u00e8s ces derni\u00e8res ann\u00e9es dans les soins des pieds. C&rsquo;est une technique qui est utilis\u00e9e depuis de nombreuses ann\u00e9es dans le secteur de la proth\u00e8se dentaire. <\/p>\n<p>La composition des fraises garantit une tr\u00e8s longue dur\u00e9e de vie et une haute r\u00e9sistance aux influences ext\u00e9rieures. Compar\u00e9es aux fraises en acier, les fraises en carbure ont une dur\u00e9e de vie beaucoup plus longue. <\/p>\n<p><strong>SGX<\/strong> signifie que les fraises ont une denture tr\u00e8s grossi\u00e8re, ce qui les rend particuli\u00e8rement adapt\u00e9es pour le travail extr\u00eame des ongles.<\/p>\n<p><strong>GX<\/strong> signifie que les fraises ont une denture grossi\u00e8re, ce qui les rend particuli\u00e8rement adapt\u00e9es pour le pon\u00e7age grossier des ongles.<\/p>\n","protected":false},"excerpt":{"rendered":"<p>Busch Fraise en Carbure Denture SGX \/ GX<\/p>\n","protected":false},"featured_media":39208,"comment_status":"open","ping_status":"closed","template":"","meta":{"_acf_changed":false},"product_brand":[],"product_cat":[1626,4059,3799,4765],"product_tag":[3472],"class_list":{"0":"post-39209","1":"product","2":"type-product","3":"status-publish","4":"has-post-thumbnail","6":"product_cat-appareils-et-accessoires","7":"product_cat-units-fraises-accessoires","8":"product_cat-units-fraises-carbure","9":"product_cat-matriel-de-pratique","10":"product_tag-fraisen-fr","11":"pa_vorm-peerfrais-gx-060-fr","12":"pa_vorm-peerfrais-sgx-045-fr","13":"pa_vorm-peerfrais-sgx-060-fr","15":"first","16":"instock","17":"taxable","18":"shipping-taxable","19":"product-type-variable"},"acf":[],"_links":{"self":[{"href":"https:\/\/sundar.be\/fr\/wp-json\/wp\/v2\/product\/39209","targetHints":{"allow":["GET"]}}],"collection":[{"href":"https:\/\/sundar.be\/fr\/wp-json\/wp\/v2\/product"}],"about":[{"href":"https:\/\/sundar.be\/fr\/wp-json\/wp\/v2\/types\/product"}],"replies":[{"embeddable":true,"href":"https:\/\/sundar.be\/fr\/wp-json\/wp\/v2\/comments?post=39209"}],"wp:featuredmedia":[{"embeddable":true,"href":"https:\/\/sundar.be\/fr\/wp-json\/wp\/v2\/media\/39208"}],"wp:attachment":[{"href":"https:\/\/sundar.be\/fr\/wp-json\/wp\/v2\/media?parent=39209"}],"wp:term":[{"taxonomy":"product_brand","embeddable":true,"href":"https:\/\/sundar.be\/fr\/wp-json\/wp\/v2\/product_brand?post=39209"},{"taxonomy":"product_cat","embeddable":true,"href":"https:\/\/sundar.be\/fr\/wp-json\/wp\/v2\/product_cat?post=39209"},{"taxonomy":"product_tag","embeddable":true,"href":"https:\/\/sundar.be\/fr\/wp-json\/wp\/v2\/product_tag?post=39209"}],"curies":[{"name":"wp","href":"https:\/\/api.w.org\/{rel}","templated":true}]}}