{"id":39192,"date":"2024-09-01T07:00:48","date_gmt":"2024-09-21T19:13:19","guid":{"rendered":"https:\/\/sundar.be\/product\/busch-fraise-en-carbure-denture-mqs\/"},"modified":"2025-03-13T13:02:36","modified_gmt":"2025-03-13T12:02:36","slug":"busch-fraise-en-carbure-denture-mqs","status":"publish","type":"product","link":"https:\/\/sundar.be\/fr\/produit\/busch-fraise-en-carbure-denture-mqs\/","title":{"rendered":"Busch Fraise en Carbure Denture MQS"},"content":{"rendered":"<p>Les fraises en tungst\u00e8ne Busch MQS \u00e0 denture connaissent une forte croissance dans les soins des pieds ces derni\u00e8res ann\u00e9es. C&rsquo;est une technique qui est utilis\u00e9e depuis de nombreuses ann\u00e9es dans le secteur de la proth\u00e8se dentaire. <\/p>\n<p>La composition des fraises garantit une tr\u00e8s longue dur\u00e9e de vie et une haute r\u00e9sistance aux influences ext\u00e9rieures. Compar\u00e9es aux fraises en acier, les fraises en carbure ont une dur\u00e9e de vie beaucoup plus longue. <\/p>\n<p><strong>MQS<\/strong> signifie que les fraises ont une denture droite de granulom\u00e9trie moyenne, ce qui les rend particuli\u00e8rement adapt\u00e9es pour le pon\u00e7age fin des callosit\u00e9s et des orth\u00e8ses en plastique.<\/p>\n","protected":false},"excerpt":{"rendered":"<p>Busch Fraise en Carbure Denture MQS<\/p>\n","protected":false},"featured_media":39191,"comment_status":"open","ping_status":"closed","template":"","meta":{"_acf_changed":false},"product_brand":[],"product_cat":[1626,3799,4765],"product_tag":[3472],"class_list":{"0":"post-39192","1":"product","2":"type-product","3":"status-publish","4":"has-post-thumbnail","6":"product_cat-appareils-et-accessoires","7":"product_cat-units-fraises-carbure","8":"product_cat-matriel-de-pratique","9":"product_tag-fraisen-fr","10":"pa_vorm-fissuurfrais-mqs-014-fr","11":"pa_vorm-fisuurfrais-mqs-023-fr","12":"pa_vorm-peerfrais-mqs-060-fr","13":"pa_vorm-peerfrais-mqs-060-2-fr","15":"first","16":"instock","17":"taxable","18":"shipping-taxable","19":"product-type-variable"},"acf":[],"_links":{"self":[{"href":"https:\/\/sundar.be\/fr\/wp-json\/wp\/v2\/product\/39192","targetHints":{"allow":["GET"]}}],"collection":[{"href":"https:\/\/sundar.be\/fr\/wp-json\/wp\/v2\/product"}],"about":[{"href":"https:\/\/sundar.be\/fr\/wp-json\/wp\/v2\/types\/product"}],"replies":[{"embeddable":true,"href":"https:\/\/sundar.be\/fr\/wp-json\/wp\/v2\/comments?post=39192"}],"wp:featuredmedia":[{"embeddable":true,"href":"https:\/\/sundar.be\/fr\/wp-json\/wp\/v2\/media\/39191"}],"wp:attachment":[{"href":"https:\/\/sundar.be\/fr\/wp-json\/wp\/v2\/media?parent=39192"}],"wp:term":[{"taxonomy":"product_brand","embeddable":true,"href":"https:\/\/sundar.be\/fr\/wp-json\/wp\/v2\/product_brand?post=39192"},{"taxonomy":"product_cat","embeddable":true,"href":"https:\/\/sundar.be\/fr\/wp-json\/wp\/v2\/product_cat?post=39192"},{"taxonomy":"product_tag","embeddable":true,"href":"https:\/\/sundar.be\/fr\/wp-json\/wp\/v2\/product_tag?post=39192"}],"curies":[{"name":"wp","href":"https:\/\/api.w.org\/{rel}","templated":true}]}}