{"id":39168,"date":"2024-09-01T07:00:53","date_gmt":"2024-09-21T19:06:35","guid":{"rendered":"https:\/\/sundar.be\/product\/busch-fraise-en-carbure-denture-gqsr\/"},"modified":"2025-03-13T12:59:09","modified_gmt":"2025-03-13T11:59:09","slug":"busch-fraise-en-carbure-denture-gqsr","status":"publish","type":"product","link":"https:\/\/sundar.be\/fr\/produit\/busch-fraise-en-carbure-denture-gqsr\/","title":{"rendered":"Busch Fraise en Carbure Denture GQSR"},"content":{"rendered":"<p>Les fraises en tungst\u00e8ne Busch GQSR \u00e0 denture sont de plus en plus utilis\u00e9es ces derni\u00e8res ann\u00e9es dans les soins des pieds. Cette technique, d\u00e9j\u00e0 largement utilis\u00e9e dans le secteur de la proth\u00e8se dentaire, conna\u00eet un fort d\u00e9veloppement. <\/p>\n<p>La composition des fraises garantit une tr\u00e8s longue dur\u00e9e de vie et une haute r\u00e9sistance aux influences ext\u00e9rieures. Compar\u00e9es aux fraises en acier, les fraises en carbure ont une dur\u00e9e de vie beaucoup plus longue. <\/p>\n<p><strong>GQSR<\/strong> signifie que les fraises ont une denture droite et grossi\u00e8re, ce qui les rend particuli\u00e8rement adapt\u00e9es pour le pon\u00e7age grossier des callosit\u00e9s et des orth\u00e8ses en plastique.<\/p>\n","protected":false},"excerpt":{"rendered":"<p>Busch Fraise en Carbure Denture GQSR<\/p>\n","protected":false},"featured_media":39167,"comment_status":"open","ping_status":"closed","template":"","meta":{"_acf_changed":false},"product_brand":[],"product_cat":[1626,3799,4765],"product_tag":[3472],"class_list":{"0":"post-39168","1":"product","2":"type-product","3":"status-publish","4":"has-post-thumbnail","6":"product_cat-appareils-et-accessoires","7":"product_cat-units-fraises-carbure","8":"product_cat-matriel-de-pratique","9":"product_tag-fraisen-fr","10":"pa_vorm-fissuurfrais-gqsr-016-fr","11":"pa_vorm-fissuurfrais-gqsr-023-fr","12":"pa_vorm-fissuurfrais-gqsr-023-2-fr","13":"pa_vorm-peerfrais-gqsr-040-fr","14":"pa_vorm-peerfrais-gqsr-060-fr","15":"pa_vorm-peerfrais-gqsr-060-2-fr","16":"pa_vorm-tonfrais-gqsr-060-fr","18":"first","19":"instock","20":"taxable","21":"shipping-taxable","22":"product-type-variable"},"acf":[],"_links":{"self":[{"href":"https:\/\/sundar.be\/fr\/wp-json\/wp\/v2\/product\/39168","targetHints":{"allow":["GET"]}}],"collection":[{"href":"https:\/\/sundar.be\/fr\/wp-json\/wp\/v2\/product"}],"about":[{"href":"https:\/\/sundar.be\/fr\/wp-json\/wp\/v2\/types\/product"}],"replies":[{"embeddable":true,"href":"https:\/\/sundar.be\/fr\/wp-json\/wp\/v2\/comments?post=39168"}],"wp:featuredmedia":[{"embeddable":true,"href":"https:\/\/sundar.be\/fr\/wp-json\/wp\/v2\/media\/39167"}],"wp:attachment":[{"href":"https:\/\/sundar.be\/fr\/wp-json\/wp\/v2\/media?parent=39168"}],"wp:term":[{"taxonomy":"product_brand","embeddable":true,"href":"https:\/\/sundar.be\/fr\/wp-json\/wp\/v2\/product_brand?post=39168"},{"taxonomy":"product_cat","embeddable":true,"href":"https:\/\/sundar.be\/fr\/wp-json\/wp\/v2\/product_cat?post=39168"},{"taxonomy":"product_tag","embeddable":true,"href":"https:\/\/sundar.be\/fr\/wp-json\/wp\/v2\/product_tag?post=39168"}],"curies":[{"name":"wp","href":"https:\/\/api.w.org\/{rel}","templated":true}]}}