{"id":39134,"date":"2024-09-01T07:00:22","date_gmt":"2024-09-21T18:57:43","guid":{"rendered":"https:\/\/sundar.be\/product\/busch-tungsten-frais-fx-vertanding\/"},"modified":"2025-03-13T13:44:22","modified_gmt":"2025-03-13T12:44:22","slug":"busch-tungsten-frais-fx-vertanding","status":"publish","type":"product","link":"https:\/\/sundar.be\/fr\/produit\/busch-tungsten-frais-fx-vertanding\/","title":{"rendered":"Busch Tungsten Frais FX-vertanding"},"content":{"rendered":"<p>Les fraises en tungst\u00e8ne Busch FX \u00e0 denture connaissent un grand succ\u00e8s ces derni\u00e8res ann\u00e9es dans les soins des pieds. C&rsquo;est une technique utilis\u00e9e depuis de nombreuses ann\u00e9es dans le secteur de la proth\u00e8se dentaire. <\/p>\n<p>La composition des fraises garantit une tr\u00e8s longue dur\u00e9e de vie et une haute r\u00e9sistance aux influences ext\u00e9rieures. Compar\u00e9es aux fraises en acier, les fraises en carbure ont une dur\u00e9e de vie beaucoup plus longue. <\/p>\n<p><strong>La denture FX<\/strong> signifie que les fraises ont une denture fine, ce qui les rend particuli\u00e8rement adapt\u00e9es pour le pon\u00e7age pr\u00e9cis des ongles. Elles sont \u00e9galement adapt\u00e9es pour poncer les ongles \u00e9paissis. <\/p>\n","protected":false},"excerpt":{"rendered":"<p>Busch Tungsten Frais FX-vertanding<\/p>\n","protected":false},"featured_media":39133,"comment_status":"open","ping_status":"closed","template":"","meta":{"_acf_changed":false},"product_brand":[],"product_cat":[1626,4059,3799,4765],"product_tag":[3472],"class_list":{"0":"post-39134","1":"product","2":"type-product","3":"status-publish","4":"has-post-thumbnail","6":"product_cat-appareils-et-accessoires","7":"product_cat-units-fraises-accessoires","8":"product_cat-units-fraises-carbure","9":"product_cat-matriel-de-pratique","10":"product_tag-fraisen-fr","11":"pa_vorm-fissuurfrais-fx-016-fr","12":"pa_vorm-fissuurfrais-fx-016-2-fr","13":"pa_vorm-fissuurfrais-fx-023-fr","14":"pa_vorm-fissuurfrais-fx-023-2-fr","15":"pa_vorm-peerfrais-fx-060-fr","16":"pa_vorm-peerfrais-fx-060-2-fr","17":"pa_vorm-peerfrais-ovaal-fx-060-fr","18":"pa_vorm-pyramidefrais-fx-031-fr","19":"pa_vorm-pyramidefrais-fx-040-fr","21":"first","22":"instock","23":"taxable","24":"shipping-taxable","25":"product-type-variable"},"acf":[],"_links":{"self":[{"href":"https:\/\/sundar.be\/fr\/wp-json\/wp\/v2\/product\/39134","targetHints":{"allow":["GET"]}}],"collection":[{"href":"https:\/\/sundar.be\/fr\/wp-json\/wp\/v2\/product"}],"about":[{"href":"https:\/\/sundar.be\/fr\/wp-json\/wp\/v2\/types\/product"}],"replies":[{"embeddable":true,"href":"https:\/\/sundar.be\/fr\/wp-json\/wp\/v2\/comments?post=39134"}],"wp:featuredmedia":[{"embeddable":true,"href":"https:\/\/sundar.be\/fr\/wp-json\/wp\/v2\/media\/39133"}],"wp:attachment":[{"href":"https:\/\/sundar.be\/fr\/wp-json\/wp\/v2\/media?parent=39134"}],"wp:term":[{"taxonomy":"product_brand","embeddable":true,"href":"https:\/\/sundar.be\/fr\/wp-json\/wp\/v2\/product_brand?post=39134"},{"taxonomy":"product_cat","embeddable":true,"href":"https:\/\/sundar.be\/fr\/wp-json\/wp\/v2\/product_cat?post=39134"},{"taxonomy":"product_tag","embeddable":true,"href":"https:\/\/sundar.be\/fr\/wp-json\/wp\/v2\/product_tag?post=39134"}],"curies":[{"name":"wp","href":"https:\/\/api.w.org\/{rel}","templated":true}]}}