{"id":39098,"date":"2024-09-01T07:00:23","date_gmt":"2024-09-21T18:45:16","guid":{"rendered":"https:\/\/sundar.be\/product\/busch-t-speed-plus-fraisen\/"},"modified":"2025-03-13T13:48:19","modified_gmt":"2025-03-13T12:48:19","slug":"busch-t-speed-plus-fraisen","status":"publish","type":"product","link":"https:\/\/sundar.be\/fr\/produit\/busch-t-speed-plus-fraisen\/","title":{"rendered":"Busch T-SPEED PLUS fraisen"},"content":{"rendered":"<p>Les fraises Busch T-SPEED PLUS sont des fraises en carbure avec un rev\u00eatement en nitrure de titane. Elles sont id\u00e9ales pour fraiser les ongles \u00e9pais, pour poncer le gel et l\u2019acrylique apr\u00e8s la r\u00e9paration de l\u2019ongle ou pour les ongles artificiels, les ongles mycos\u00e9s et l\u2019onychogryphose.<\/p>\n<p>Ces fraises en carbure SPEED vous aident \u00e0 r\u00e9aliser un traitement parfait. La particularit\u00e9 de ces fraises r\u00e9side dans les dents SPEED extr\u00eamement rapides et efficaces, qui vous permettent d\u2019obtenir une surface parfaitement lisse en un rien de temps. <\/p>\n<p>Pour des raisons de s\u00e9curit\u00e9, les extr\u00e9mit\u00e9s des fraises sont rondes et lisses (sans dentelures), de sorte qu\u2019il n\u2019y a pas de l\u00e9sions cutan\u00e9es et que le risque de coupures est minime. Nous recommandons d\u2019utiliser les fraises \u00e0 une vitesse comprise entre 5 000 et 30 000 tours\/minute, en fonction de la taille des fraises et des surfaces \u00e0 traiter. <\/p>\n<p><strong>Les fraises T-SPEED PLUS<\/strong> sont grossi\u00e8res et ont un anneau vert, la grosseur de ces fraises est comprise entre 125 et 181. Ces fraises conviennent tr\u00e8s bien pour travailler l\u2019acrylique apr\u00e8s r\u00e9paration de l\u2019ongle et pour les ongles crayeux. <\/p>\n","protected":false},"excerpt":{"rendered":"<p>Les fraises Busch T-SPEED PLUS sont des fraises en carbure avec un rev\u00eatement en nitrure de titane.<\/p>\n","protected":false},"featured_media":39097,"comment_status":"open","ping_status":"closed","template":"","meta":{"_acf_changed":false},"product_brand":[],"product_cat":[1626,4059,3799,4765],"product_tag":[3472],"class_list":{"0":"post-39098","1":"product","2":"type-product","3":"status-publish","4":"has-post-thumbnail","6":"product_cat-appareils-et-accessoires","7":"product_cat-units-fraises-accessoires","8":"product_cat-units-fraises-carbure","9":"product_cat-matriel-de-pratique","10":"product_tag-fraisen-fr","11":"pa_vorm-t-speed-plus-cilinderfrais-060-fr","12":"pa_vorm-t-speed-plus-cilinderfrais-065-fr","13":"pa_vorm-t-speed-plus-peerfrais-060-fr","14":"pa_vorm-t-speed-plus-peerfrais-060-2-fr","15":"pa_vorm-t-speed-plus-trapezefrais-050-fr","17":"first","18":"instock","19":"taxable","20":"shipping-taxable","21":"product-type-variable"},"acf":[],"_links":{"self":[{"href":"https:\/\/sundar.be\/fr\/wp-json\/wp\/v2\/product\/39098","targetHints":{"allow":["GET"]}}],"collection":[{"href":"https:\/\/sundar.be\/fr\/wp-json\/wp\/v2\/product"}],"about":[{"href":"https:\/\/sundar.be\/fr\/wp-json\/wp\/v2\/types\/product"}],"replies":[{"embeddable":true,"href":"https:\/\/sundar.be\/fr\/wp-json\/wp\/v2\/comments?post=39098"}],"wp:featuredmedia":[{"embeddable":true,"href":"https:\/\/sundar.be\/fr\/wp-json\/wp\/v2\/media\/39097"}],"wp:attachment":[{"href":"https:\/\/sundar.be\/fr\/wp-json\/wp\/v2\/media?parent=39098"}],"wp:term":[{"taxonomy":"product_brand","embeddable":true,"href":"https:\/\/sundar.be\/fr\/wp-json\/wp\/v2\/product_brand?post=39098"},{"taxonomy":"product_cat","embeddable":true,"href":"https:\/\/sundar.be\/fr\/wp-json\/wp\/v2\/product_cat?post=39098"},{"taxonomy":"product_tag","embeddable":true,"href":"https:\/\/sundar.be\/fr\/wp-json\/wp\/v2\/product_tag?post=39098"}],"curies":[{"name":"wp","href":"https:\/\/api.w.org\/{rel}","templated":true}]}}