{"id":39069,"date":"2024-09-01T07:00:11","date_gmt":"2024-09-01T05:00:11","guid":{"rendered":"https:\/\/sundar.be\/product\/busch-t-speed-fraisen\/"},"modified":"2025-03-13T17:10:57","modified_gmt":"2025-03-13T16:10:57","slug":"busch-t-speed-fraisen","status":"publish","type":"product","link":"https:\/\/sundar.be\/fr\/produit\/busch-t-speed-fraisen\/","title":{"rendered":"Busch T-SPEED fraisen"},"content":{"rendered":"<p>Les fraises Busch T-SPEED sont des fraises en carbure avec un rev\u00eatement en nitrure de titane. Elles sont id\u00e9ales pour fraiser les ongles \u00e9pais, pour poncer le gel et l\u2019acrylique apr\u00e8s la r\u00e9paration de l\u2019ongle ou pour les ongles artificiels, les ongles mycos\u00e9s et l\u2019onychogryphose.<\/p>\n<p>Ces fraises en carbure SPEED vous aident \u00e0 r\u00e9aliser un traitement parfait. La particularit\u00e9 de ces fraises r\u00e9side dans les dents SPEED extr\u00eamement rapides et efficaces, qui vous permettent d\u2019obtenir une surface parfaitement lisse en un rien de temps. <\/p>\n<p>Pour des raisons de s\u00e9curit\u00e9, les extr\u00e9mit\u00e9s des fraises sont rondes et lisses (sans dentelures), de sorte qu\u2019il n\u2019y a pas de l\u00e9sions cutan\u00e9es et que le risque de coupures est minime. Nous recommandons d\u2019utiliser les fraises \u00e0 une vitesse comprise entre 5 000 et 30 000 tours\/minute, en fonction de la taille des fraises et des surfaces \u00e0 traiter. <\/p>\n<p><strong>Les fraises T-SPEED<\/strong> sont moyennement grossi\u00e8res et n&rsquo;ont pas de bande color\u00e9e. Leur granulom\u00e9trie se situe entre 90 et 125. Ces fraises sont particuli\u00e8rement adapt\u00e9es pour le pon\u00e7age du gel apr\u00e8s une r\u00e9paration d&rsquo;ongle et pour les ongles grypotiques. <\/p>\n","protected":false},"excerpt":{"rendered":"<p>Les fraises Busch T-SPEED sont des fraises en carbure avec un rev\u00eatement en nitrure de titane.<\/p>\n","protected":false},"featured_media":39068,"comment_status":"open","ping_status":"closed","template":"","meta":{"_acf_changed":false},"product_brand":[],"product_cat":[1626,4059,3799,4765],"product_tag":[3472],"class_list":{"0":"post-39069","1":"product","2":"type-product","3":"status-publish","4":"has-post-thumbnail","6":"product_cat-appareils-et-accessoires","7":"product_cat-units-fraises-accessoires","8":"product_cat-units-fraises-carbure","9":"product_cat-matriel-de-pratique","10":"product_tag-fraisen-fr","11":"pa_vorm-t-speed-cilinderfrais-031-fr","12":"pa_vorm-t-speed-cilinderfrais-060-fr","13":"pa_vorm-t-speed-cilinderfrais-065-fr","14":"pa_vorm-t-speed-peerfrais-040-fr","15":"pa_vorm-t-speed-peerfrais-060-fr","16":"pa_vorm-t-speed-peerfrais-060-2-fr","17":"pa_vorm-t-speed-peerfrais-070-fr","18":"pa_vorm-t-speed-peerfrais-070-2-fr","19":"pa_vorm-t-speed-pyramidefrais-040-fr","20":"pa_vorm-t-speed-trapezefrais-050-fr","22":"first","23":"instock","24":"taxable","25":"shipping-taxable","26":"product-type-variable"},"acf":[],"_links":{"self":[{"href":"https:\/\/sundar.be\/fr\/wp-json\/wp\/v2\/product\/39069","targetHints":{"allow":["GET"]}}],"collection":[{"href":"https:\/\/sundar.be\/fr\/wp-json\/wp\/v2\/product"}],"about":[{"href":"https:\/\/sundar.be\/fr\/wp-json\/wp\/v2\/types\/product"}],"replies":[{"embeddable":true,"href":"https:\/\/sundar.be\/fr\/wp-json\/wp\/v2\/comments?post=39069"}],"wp:featuredmedia":[{"embeddable":true,"href":"https:\/\/sundar.be\/fr\/wp-json\/wp\/v2\/media\/39068"}],"wp:attachment":[{"href":"https:\/\/sundar.be\/fr\/wp-json\/wp\/v2\/media?parent=39069"}],"wp:term":[{"taxonomy":"product_brand","embeddable":true,"href":"https:\/\/sundar.be\/fr\/wp-json\/wp\/v2\/product_brand?post=39069"},{"taxonomy":"product_cat","embeddable":true,"href":"https:\/\/sundar.be\/fr\/wp-json\/wp\/v2\/product_cat?post=39069"},{"taxonomy":"product_tag","embeddable":true,"href":"https:\/\/sundar.be\/fr\/wp-json\/wp\/v2\/product_tag?post=39069"}],"curies":[{"name":"wp","href":"https:\/\/api.w.org\/{rel}","templated":true}]}}