{"id":39029,"date":"2024-09-01T07:00:15","date_gmt":"2024-09-21T18:26:57","guid":{"rendered":"https:\/\/sundar.be\/product\/fraise-busch-en-carbure-pour-gaucher-l-typ\/"},"modified":"2025-03-13T13:50:17","modified_gmt":"2025-03-13T12:50:17","slug":"fraise-busch-en-carbure-pour-gaucher-l-typ","status":"publish","type":"product","link":"https:\/\/sundar.be\/fr\/produit\/fraise-busch-en-carbure-pour-gaucher-l-typ\/","title":{"rendered":"Fraise Busch en carbure pour gaucher (L-TYP)"},"content":{"rendered":"<p>Les fraises en tungst\u00e8ne pour gauchers (L-TYP) de Busch sont des fraises moyennement grossi\u00e8res et fines, sp\u00e9cialement con\u00e7ues pour les gaucher. L&rsquo;utilisation des fraises en carbure (ou tungst\u00e8ne) a connu une forte croissance ces derni\u00e8res ann\u00e9es dans les soins des pieds. C&rsquo;est une technique utilis\u00e9e depuis de nombreuses ann\u00e9es dans le secteur de la proth\u00e8se dentaire.  <\/p>\n<p>La composition des fraises pour gauchers garantit une tr\u00e8s longue dur\u00e9e de vie et une haute r\u00e9sistance aux influences ext\u00e9rieures. Compar\u00e9es aux fraises en acier, les fraises en carbure ont une dur\u00e9e de vie bien plus longue. <\/p>\n<p><strong>X-denture <\/strong>signifie que les fraises ont une denture moyennement grossi\u00e8re, ce qui les rend adapt\u00e9es pour le travail normal des ongles.<\/p>\n<p><strong>La denture FX <\/strong>signifie que les fraises ont une denture fine, ce qui les rend particuli\u00e8rement adapt\u00e9es pour le pon\u00e7age fin des ongles. Les deux types de denture sont \u00e9galement adapt\u00e9s pour le pon\u00e7age des ongles \u00e9paissis. <\/p>\n","protected":false},"excerpt":{"rendered":"<p>Fraises en carbure pour gauchers (L-TYP) de Busch<\/p>\n","protected":false},"featured_media":39010,"comment_status":"open","ping_status":"closed","template":"","meta":{"_acf_changed":false},"product_brand":[],"product_cat":[1626,4059,3799,4765],"product_tag":[3472],"class_list":{"0":"post-39029","1":"product","2":"type-product","3":"status-publish","4":"has-post-thumbnail","6":"product_cat-appareils-et-accessoires","7":"product_cat-units-fraises-accessoires","8":"product_cat-units-fraises-carbure","9":"product_cat-matriel-de-pratique","10":"product_tag-fraisen-fr","11":"pa_vorm-frais-ovaal-fx-060-fr","12":"pa_vorm-frais-ovaal-x-060-fr","13":"pa_vorm-peerfrais-fx-060-fr","14":"pa_vorm-peerfrais-x-060-fr","15":"pa_vorm-pyramidefrais-fx-045-fr","16":"pa_vorm-pyramidefrais-x-045-fr","18":"first","19":"instock","20":"taxable","21":"shipping-taxable","22":"product-type-variable"},"acf":[],"_links":{"self":[{"href":"https:\/\/sundar.be\/fr\/wp-json\/wp\/v2\/product\/39029","targetHints":{"allow":["GET"]}}],"collection":[{"href":"https:\/\/sundar.be\/fr\/wp-json\/wp\/v2\/product"}],"about":[{"href":"https:\/\/sundar.be\/fr\/wp-json\/wp\/v2\/types\/product"}],"replies":[{"embeddable":true,"href":"https:\/\/sundar.be\/fr\/wp-json\/wp\/v2\/comments?post=39029"}],"wp:featuredmedia":[{"embeddable":true,"href":"https:\/\/sundar.be\/fr\/wp-json\/wp\/v2\/media\/39010"}],"wp:attachment":[{"href":"https:\/\/sundar.be\/fr\/wp-json\/wp\/v2\/media?parent=39029"}],"wp:term":[{"taxonomy":"product_brand","embeddable":true,"href":"https:\/\/sundar.be\/fr\/wp-json\/wp\/v2\/product_brand?post=39029"},{"taxonomy":"product_cat","embeddable":true,"href":"https:\/\/sundar.be\/fr\/wp-json\/wp\/v2\/product_cat?post=39029"},{"taxonomy":"product_tag","embeddable":true,"href":"https:\/\/sundar.be\/fr\/wp-json\/wp\/v2\/product_tag?post=39029"}],"curies":[{"name":"wp","href":"https:\/\/api.w.org\/{rel}","templated":true}]}}