{"id":39000,"date":"2024-09-01T07:00:44","date_gmt":"2024-09-21T18:16:02","guid":{"rendered":"https:\/\/sundar.be\/product\/busch-bolkop-speedfraisen\/"},"modified":"2025-03-13T13:16:34","modified_gmt":"2025-03-13T12:16:34","slug":"busch-bolkop-speedfraisen","status":"publish","type":"product","link":"https:\/\/sundar.be\/fr\/produit\/busch-bolkop-speedfraisen\/","title":{"rendered":"Busch Bolkop Speedfraisen"},"content":{"rendered":"<p>Les fraises sph\u00e9riques Busch Speed sont indispensables pour chaque p\u00e9dicure. Il y a quelques ann\u00e9es, Busch a introduit cette nouvelle version des fraises sph\u00e9riques. Depuis leur lancement, elles ont rencontr\u00e9 un grand succ\u00e8s ! Les fraises sph\u00e9riques se distinguent par leur construction \u00e0 col tr\u00e8s fin, offrant ainsi une meilleure visibilit\u00e9 sur la zone de travail.   <\/p>\n<p>La denture en carbure sp\u00e9cial permet de traiter des cors avec une pr\u00e9cision extr\u00eame. Ces fraises ont une longue dur\u00e9e de vie. <\/p>\n","protected":false},"excerpt":{"rendered":"<p>Busch bolkop speedfraisen<\/p>\n","protected":false},"featured_media":38980,"comment_status":"open","ping_status":"closed","template":"","meta":{"_acf_changed":false},"product_brand":[],"product_cat":[1626,3799,4765],"product_tag":[3472],"class_list":{"0":"post-39000","1":"product","2":"type-product","3":"status-publish","4":"has-post-thumbnail","6":"product_cat-appareils-et-accessoires","7":"product_cat-units-fraises-carbure","8":"product_cat-matriel-de-pratique","9":"product_tag-fraisen-fr","10":"pa_vorm-speedfrais-nr-010-fr","11":"pa_vorm-speedfrais-nr-012-fr","12":"pa_vorm-speedfrais-nr-014-fr","13":"pa_vorm-speedfrais-nr-016-fr","14":"pa_vorm-speedfrais-nr-018-fr","15":"pa_vorm-speedfrais-nr-021-fr","16":"pa_vorm-speedfrais-nr-023-fr","18":"first","19":"instock","20":"taxable","21":"shipping-taxable","22":"product-type-variable"},"acf":[],"_links":{"self":[{"href":"https:\/\/sundar.be\/fr\/wp-json\/wp\/v2\/product\/39000","targetHints":{"allow":["GET"]}}],"collection":[{"href":"https:\/\/sundar.be\/fr\/wp-json\/wp\/v2\/product"}],"about":[{"href":"https:\/\/sundar.be\/fr\/wp-json\/wp\/v2\/types\/product"}],"replies":[{"embeddable":true,"href":"https:\/\/sundar.be\/fr\/wp-json\/wp\/v2\/comments?post=39000"}],"wp:featuredmedia":[{"embeddable":true,"href":"https:\/\/sundar.be\/fr\/wp-json\/wp\/v2\/media\/38980"}],"wp:attachment":[{"href":"https:\/\/sundar.be\/fr\/wp-json\/wp\/v2\/media?parent=39000"}],"wp:term":[{"taxonomy":"product_brand","embeddable":true,"href":"https:\/\/sundar.be\/fr\/wp-json\/wp\/v2\/product_brand?post=39000"},{"taxonomy":"product_cat","embeddable":true,"href":"https:\/\/sundar.be\/fr\/wp-json\/wp\/v2\/product_cat?post=39000"},{"taxonomy":"product_tag","embeddable":true,"href":"https:\/\/sundar.be\/fr\/wp-json\/wp\/v2\/product_tag?post=39000"}],"curies":[{"name":"wp","href":"https:\/\/api.w.org\/{rel}","templated":true}]}}