{"id":38975,"date":"2024-09-01T07:00:14","date_gmt":"2024-09-21T17:58:10","guid":{"rendered":"https:\/\/sundar.be\/product\/fraise-ruby-modele-poire\/"},"modified":"2025-03-13T17:07:15","modified_gmt":"2025-03-13T16:07:15","slug":"fraise-ruby-modele-poire","status":"publish","type":"product","link":"https:\/\/sundar.be\/fr\/produit\/fraise-ruby-modele-poire\/","title":{"rendered":"Fraise Ruby mod\u00e8le Poire"},"content":{"rendered":"<p>Adapt\u00e9 pour le traitement des ongles naturels, des ongles artificiels, de la peau autour des cuticules et des pieds.<\/p>\n<p>Les fraises en rubis sont fabriqu\u00e9es en oxyde d&rsquo;aluminium cristallin \u2013 rubis synth\u00e9tique.<\/p>\n<p>Les propri\u00e9t\u00e9s abrasives douces sont utilis\u00e9es pour un traitement doux de la peau sensible. Le risque de blessure avec les fraises en rubis est extr\u00eamement faible, c&rsquo;est pourquoi nous les recommandons aux d\u00e9butants. <\/p>\n","protected":false},"excerpt":{"rendered":"<p>Adapt\u00e9 pour le traitement des ongles naturels, des ongles artificiels, de la peau autour des cuticules et des pieds. Les fraises en rubis sont fabriqu\u00e9es en oxyde d&rsquo;aluminium cristallin \u2013 rubis synth\u00e9tique. Les propri\u00e9t\u00e9s abrasives douces sont utilis\u00e9es pour un traitement doux de la peau sensible. Le risque de blessure avec les fraises en rubis [&hellip;]<\/p>\n","protected":false},"featured_media":38974,"comment_status":"open","ping_status":"closed","template":"","meta":{"_acf_changed":false},"product_brand":[],"product_cat":[1626,4059,3461,4765],"product_tag":[3472],"class_list":{"0":"post-38975","1":"product","2":"type-product","3":"status-publish","4":"has-post-thumbnail","6":"product_cat-appareils-et-accessoires","7":"product_cat-units-fraises-accessoires","8":"product_cat-units-fraises-en-diamant","9":"product_cat-matriel-de-pratique","10":"product_tag-fraisen-fr","12":"first","13":"instock","14":"taxable","15":"shipping-taxable","16":"product-type-simple"},"acf":[],"_links":{"self":[{"href":"https:\/\/sundar.be\/fr\/wp-json\/wp\/v2\/product\/38975","targetHints":{"allow":["GET"]}}],"collection":[{"href":"https:\/\/sundar.be\/fr\/wp-json\/wp\/v2\/product"}],"about":[{"href":"https:\/\/sundar.be\/fr\/wp-json\/wp\/v2\/types\/product"}],"replies":[{"embeddable":true,"href":"https:\/\/sundar.be\/fr\/wp-json\/wp\/v2\/comments?post=38975"}],"wp:featuredmedia":[{"embeddable":true,"href":"https:\/\/sundar.be\/fr\/wp-json\/wp\/v2\/media\/38974"}],"wp:attachment":[{"href":"https:\/\/sundar.be\/fr\/wp-json\/wp\/v2\/media?parent=38975"}],"wp:term":[{"taxonomy":"product_brand","embeddable":true,"href":"https:\/\/sundar.be\/fr\/wp-json\/wp\/v2\/product_brand?post=38975"},{"taxonomy":"product_cat","embeddable":true,"href":"https:\/\/sundar.be\/fr\/wp-json\/wp\/v2\/product_cat?post=38975"},{"taxonomy":"product_tag","embeddable":true,"href":"https:\/\/sundar.be\/fr\/wp-json\/wp\/v2\/product_tag?post=38975"}],"curies":[{"name":"wp","href":"https:\/\/api.w.org\/{rel}","templated":true}]}}