{"id":38952,"date":"2024-09-01T07:00:40","date_gmt":"2024-09-01T05:00:40","guid":{"rendered":"https:\/\/sundar.be\/product\/busch-dia-twisters\/"},"modified":"2025-03-13T13:30:39","modified_gmt":"2025-03-13T12:30:39","slug":"busch-dia-twisters","status":"publish","type":"product","link":"https:\/\/sundar.be\/fr\/produit\/busch-dia-twisters\/","title":{"rendered":"Busch Dia Twisters"},"content":{"rendered":"<p>Les Dia Twisters de Busch sont utilis\u00e9s avec succ\u00e8s depuis de nombreuses ann\u00e9es pour le traitement des callosit\u00e9s. Il est tr\u00e8s important d&rsquo;utiliser le Dia Twister \u00e0 basse vitesse, car c&rsquo;est ainsi qu&rsquo;il fonctionne de mani\u00e8re la plus efficace. L&rsquo;utilisation d&rsquo;un Dia Twister \u00e0 haute vitesse est \u00e9galement nuisible pour votre machine.  <\/p>\n<p>Les fraises diamant\u00e9es de Busch sont compos\u00e9es de plusieurs couches de fragments de diamant, ce qui les rend tr\u00e8s dures et moins sujettes \u00e0 l&rsquo;usure. Les fraises diamant\u00e9es ont une longue dur\u00e9e de vie. <\/p>\n<p>Le manche du frais est en acier inoxydable &#8211; il ne rouille pas. Les fraises Busch r\u00e9sistent aux d\u00e9tergents et aux d\u00e9sinfectants et peuvent \u00eatre st\u00e9rilis\u00e9es si n\u00e9cessaire. <\/p>\n<p>*Les derniers 3 chiffres de chaque num\u00e9ro d&rsquo;article correspondent au diam\u00e8tre de la fraise en mm.*<\/p>\n","protected":false},"excerpt":{"rendered":"<p>Dia Twisters de Busch<\/p>\n","protected":false},"featured_media":38906,"comment_status":"open","ping_status":"closed","template":"","meta":{"_acf_changed":false},"product_brand":[],"product_cat":[1626,3461,4765],"product_tag":[3472],"class_list":{"0":"post-38952","1":"product","2":"type-product","3":"status-publish","4":"has-post-thumbnail","6":"product_cat-appareils-et-accessoires","7":"product_cat-units-fraises-en-diamant","8":"product_cat-matriel-de-pratique","9":"product_tag-fraisen-fr","10":"pa_vorm-dia-twister-cilinder-grof-075-fr","11":"pa_vorm-dia-twister-cilinder-megagrof-085-fr","12":"pa_vorm-dia-twister-cilinder-megagrof-100-fr","13":"pa_vorm-dia-twister-cilinder-supergrof-080-fr","14":"pa_vorm-dia-twister-grof-075-fr","15":"pa_vorm-dia-twister-grof-095-fr","16":"pa_vorm-dia-twister-grof-115-fr","17":"pa_vorm-dia-twister-megagrof-085-fr","18":"pa_vorm-dia-twister-megagrof-100-fr","19":"pa_vorm-dia-twister-supergrof-080-fr","20":"pa_vorm-dia-twister-supergrof-095-fr","21":"pa_vorm-dia-twister-supergrof-115-fr","22":"pa_vorm-dia-twister-trapeze-grof-095-fr","23":"pa_vorm-dia-twister-trapeze-megagrof-100-fr","24":"pa_vorm-dia-twister-trapeze-supergrof-095-fr","26":"first","27":"instock","28":"taxable","29":"shipping-taxable","30":"product-type-variable"},"acf":[],"_links":{"self":[{"href":"https:\/\/sundar.be\/fr\/wp-json\/wp\/v2\/product\/38952","targetHints":{"allow":["GET"]}}],"collection":[{"href":"https:\/\/sundar.be\/fr\/wp-json\/wp\/v2\/product"}],"about":[{"href":"https:\/\/sundar.be\/fr\/wp-json\/wp\/v2\/types\/product"}],"replies":[{"embeddable":true,"href":"https:\/\/sundar.be\/fr\/wp-json\/wp\/v2\/comments?post=38952"}],"wp:featuredmedia":[{"embeddable":true,"href":"https:\/\/sundar.be\/fr\/wp-json\/wp\/v2\/media\/38906"}],"wp:attachment":[{"href":"https:\/\/sundar.be\/fr\/wp-json\/wp\/v2\/media?parent=38952"}],"wp:term":[{"taxonomy":"product_brand","embeddable":true,"href":"https:\/\/sundar.be\/fr\/wp-json\/wp\/v2\/product_brand?post=38952"},{"taxonomy":"product_cat","embeddable":true,"href":"https:\/\/sundar.be\/fr\/wp-json\/wp\/v2\/product_cat?post=38952"},{"taxonomy":"product_tag","embeddable":true,"href":"https:\/\/sundar.be\/fr\/wp-json\/wp\/v2\/product_tag?post=38952"}],"curies":[{"name":"wp","href":"https:\/\/api.w.org\/{rel}","templated":true}]}}