{"id":38900,"date":"2024-09-01T07:00:47","date_gmt":"2024-09-21T17:36:31","guid":{"rendered":"https:\/\/sundar.be\/product\/cap-houder-pour-hybridcap-et-medcap\/"},"modified":"2025-03-13T13:04:01","modified_gmt":"2025-03-13T12:04:01","slug":"cap-houder-pour-hybridcap-et-medcap","status":"publish","type":"product","link":"https:\/\/sundar.be\/fr\/produit\/cap-houder-pour-hybridcap-et-medcap\/","title":{"rendered":"Cap Houder, pour HybridCap et medCap"},"content":{"rendered":"<p>Porte-capuchons Busch pour les capuchons de broyage HybridCap et les capuchons de broyage medCap. Attention, il s&rsquo;agit uniquement des supports, les capuchons de pon\u00e7age sont \u00e0 commander s\u00e9par\u00e9ment.<\/p>\n<h2>Bouchons de broyage Busch :<\/h2>\n<p><strong>HybridCap : <\/strong>Le nouveau syst\u00e8me de capuchons de pon\u00e7age Busch : les capuchons HybridCap. Le terme hybride d\u00e9signe un alliage de diamant et de c\u00e9ramique, offrant les avantages des fraises c\u00e9ramiques, avec des performances exceptionnelles. Ainsi, aucun r\u00e9sidu de pon\u00e7age ne reste dans la fraise, et le risque de blessures est minime.  <\/p>\n<p><strong>medCap:<\/strong> Le syst\u00e8me de capuchons de pon\u00e7age Busch : les capuchons medCap. Les capuchons diamant\u00e9s et le support sont faciles \u00e0 nettoyer et \u00e0 d\u00e9sinfecter. Ils sont tr\u00e8s adapt\u00e9s pour l\u2019\u00e9limination des callosit\u00e9s.  <\/p>\n","protected":false},"excerpt":{"rendered":"<p>Porte-capuchons Busch pour les capuchons de broyage HybridCap et les capuchons de broyage medCap.<\/p>\n","protected":false},"featured_media":38711,"comment_status":"open","ping_status":"closed","template":"","meta":{"_acf_changed":false},"product_brand":[],"product_cat":[1626,3461,4765,4061],"product_tag":[3472],"class_list":{"0":"post-38900","1":"product","2":"type-product","3":"status-publish","4":"has-post-thumbnail","6":"product_cat-appareils-et-accessoires","7":"product_cat-units-fraises-en-diamant","8":"product_cat-matriel-de-pratique","9":"product_cat-units-tetes-broyage-accessoires","10":"product_tag-fraisen-fr","11":"pa_vorm-cap-houder-voor-hybridcap-en-medcap-l-1st-fr","12":"pa_vorm-cap-houder-voor-hybridcap-en-medcap-m-1st-fr","13":"pa_vorm-cap-houder-voor-hybridcap-en-medcap-s-1st-fr","15":"first","16":"instock","17":"taxable","18":"shipping-taxable","19":"product-type-variable"},"acf":[],"_links":{"self":[{"href":"https:\/\/sundar.be\/fr\/wp-json\/wp\/v2\/product\/38900","targetHints":{"allow":["GET"]}}],"collection":[{"href":"https:\/\/sundar.be\/fr\/wp-json\/wp\/v2\/product"}],"about":[{"href":"https:\/\/sundar.be\/fr\/wp-json\/wp\/v2\/types\/product"}],"replies":[{"embeddable":true,"href":"https:\/\/sundar.be\/fr\/wp-json\/wp\/v2\/comments?post=38900"}],"wp:featuredmedia":[{"embeddable":true,"href":"https:\/\/sundar.be\/fr\/wp-json\/wp\/v2\/media\/38711"}],"wp:attachment":[{"href":"https:\/\/sundar.be\/fr\/wp-json\/wp\/v2\/media?parent=38900"}],"wp:term":[{"taxonomy":"product_brand","embeddable":true,"href":"https:\/\/sundar.be\/fr\/wp-json\/wp\/v2\/product_brand?post=38900"},{"taxonomy":"product_cat","embeddable":true,"href":"https:\/\/sundar.be\/fr\/wp-json\/wp\/v2\/product_cat?post=38900"},{"taxonomy":"product_tag","embeddable":true,"href":"https:\/\/sundar.be\/fr\/wp-json\/wp\/v2\/product_tag?post=38900"}],"curies":[{"name":"wp","href":"https:\/\/api.w.org\/{rel}","templated":true}]}}