{"id":38887,"date":"2024-09-01T07:00:41","date_gmt":"2024-09-01T05:00:41","guid":{"rendered":"https:\/\/sundar.be\/product\/busch-fraises-top-grip\/"},"modified":"2025-03-13T13:29:14","modified_gmt":"2025-03-13T12:29:14","slug":"busch-fraises-top-grip","status":"publish","type":"product","link":"https:\/\/sundar.be\/fr\/produit\/busch-fraises-top-grip\/","title":{"rendered":"Busch Fraises Top Grip"},"content":{"rendered":"<p>Avec les fraises Top Grip de Busch, les c\u00f4t\u00e9s sont lisses et non travaill\u00e9s, ce qui minimise le risque de blessures. Ces fraises permettent de finir parfaitement le devant de l&rsquo;ongle, en particulier avec la fraise 840T050. <\/p>\n<p>Les fraises \u00e0 ongles de la s\u00e9rie Top Grip sont id\u00e9ales pour poncer un ongle incarn\u00e9 qui s&rsquo;est d\u00e9tach\u00e9. Si de petites irr\u00e9gularit\u00e9s subsistent sur l&rsquo;ongle, elles peuvent \u00eatre liss\u00e9es \u00e0 l&rsquo;aide, par exemple, du mod\u00e8le 828T065. <\/p>\n<p>Les fraises diamant\u00e9es de Busch sont compos\u00e9es de plusieurs couches de fragments de diamant, ce qui les rend tr\u00e8s dures et moins sujettes \u00e0 l&rsquo;usure. Les fraises diamant\u00e9es ont une longue dur\u00e9e de vie. <\/p>\n<p>Le manche du frais est en acier inoxydable &#8211; il ne rouille pas. Les fraises Busch r\u00e9sistent aux d\u00e9tergents et aux d\u00e9sinfectants et peuvent \u00eatre st\u00e9rilis\u00e9es si n\u00e9cessaire. <\/p>\n","protected":false},"excerpt":{"rendered":"<p>Fraises Top Grip de Busch<\/p>\n","protected":false},"featured_media":38862,"comment_status":"open","ping_status":"closed","template":"","meta":{"_acf_changed":false},"product_brand":[],"product_cat":[1626,3461,4765],"product_tag":[3472],"class_list":{"0":"post-38887","1":"product","2":"type-product","3":"status-publish","4":"has-post-thumbnail","6":"product_cat-appareils-et-accessoires","7":"product_cat-units-fraises-en-diamant","8":"product_cat-matriel-de-pratique","9":"product_tag-fraisen-fr","10":"pa_vorm-top-grip-cilinder-fijn-032-fr","11":"pa_vorm-top-grip-cilinder-fijn-050-fr","12":"pa_vorm-top-grip-cilinder-middelgrof-032-fr","13":"pa_vorm-top-grip-cilinder-middelgrof-050-twin-grip-fr","14":"pa_vorm-top-grip-spijker-fijn-065-fr","15":"pa_vorm-top-grip-spijker-middelgrof-065-fr","16":"pa_vorm-top-grip-spijker-plat-fijn-065-fr","17":"pa_vorm-top-grip-spijker-plat-middelgrof-065-fr","19":"first","20":"instock","21":"taxable","22":"shipping-taxable","23":"product-type-variable"},"acf":[],"_links":{"self":[{"href":"https:\/\/sundar.be\/fr\/wp-json\/wp\/v2\/product\/38887","targetHints":{"allow":["GET"]}}],"collection":[{"href":"https:\/\/sundar.be\/fr\/wp-json\/wp\/v2\/product"}],"about":[{"href":"https:\/\/sundar.be\/fr\/wp-json\/wp\/v2\/types\/product"}],"replies":[{"embeddable":true,"href":"https:\/\/sundar.be\/fr\/wp-json\/wp\/v2\/comments?post=38887"}],"wp:featuredmedia":[{"embeddable":true,"href":"https:\/\/sundar.be\/fr\/wp-json\/wp\/v2\/media\/38862"}],"wp:attachment":[{"href":"https:\/\/sundar.be\/fr\/wp-json\/wp\/v2\/media?parent=38887"}],"wp:term":[{"taxonomy":"product_brand","embeddable":true,"href":"https:\/\/sundar.be\/fr\/wp-json\/wp\/v2\/product_brand?post=38887"},{"taxonomy":"product_cat","embeddable":true,"href":"https:\/\/sundar.be\/fr\/wp-json\/wp\/v2\/product_cat?post=38887"},{"taxonomy":"product_tag","embeddable":true,"href":"https:\/\/sundar.be\/fr\/wp-json\/wp\/v2\/product_tag?post=38887"}],"curies":[{"name":"wp","href":"https:\/\/api.w.org\/{rel}","templated":true}]}}