{"id":38837,"date":"2024-09-01T07:00:55","date_gmt":"2024-09-01T05:00:55","guid":{"rendered":"https:\/\/sundar.be\/product\/busch-side-grip-fraisen\/"},"modified":"2025-08-04T14:11:52","modified_gmt":"2025-08-04T12:11:52","slug":"busch-side-grip-fraisen","status":"publish","type":"product","link":"https:\/\/sundar.be\/fr\/produit\/busch-side-grip-fraisen\/","title":{"rendered":"Busch Side Grip Fraisen"},"content":{"rendered":"<p>Les fraises Side Grip de Busch sont en fait l\u2019exact oppos\u00e9 des fraises Top Grip. Sur les fraises Side Grip, le pourtour est rev\u00eatu d\u2019un grain diamant\u00e9 tandis que le dessus est compl\u00e8tement lisse. <\/p>\n<p>Entre la face sup\u00e9rieure et le c\u00f4t\u00e9 se trouve une surface de s\u00e9curit\u00e9 polie, qui r\u00e9duit le risque de coupures pendant vos soins de p\u00e9dicure. Gr\u00e2ce \u00e0 cette surface polie, vous ne risquez pas d\u2019endommager l\u2019ongle lors du fraisage des cuticules. C\u2019est pourquoi les fraises Side Grip sont particuli\u00e8rement recommand\u00e9es pour les traitements des cuticules.  <\/p>\n<p>Toutes les fraises des s\u00e9ries Side Grip et Top Grip sont vivement conseill\u00e9es pour les soins des patients diab\u00e9tiques.<\/p>\n<p>Les fraises diamant Busch sont compos\u00e9es de plusieurs couches de grains de diamant, ce qui les rend tr\u00e8s dures et moins sujettes \u00e0 l\u2019usure. Leur durabilit\u00e9 est ainsi tr\u00e8s longue. <\/p>\n<p>La tige des fraises est en acier inoxydable, emp\u00eachant toute formation de rouille. Les fraises Busch r\u00e9sistent aux produits de nettoyage et de d\u00e9sinfection et peuvent \u00eatre st\u00e9rilis\u00e9es si n\u00e9cessaire. <\/p>\n","protected":false},"excerpt":{"rendered":"<p>Side Grip fraisen van Busch<\/p>\n","protected":false},"featured_media":38806,"comment_status":"open","ping_status":"closed","template":"","meta":{"_acf_changed":false},"product_brand":[],"product_cat":[1626,3461,4765],"product_tag":[3472],"class_list":{"0":"post-38837","1":"product","2":"type-product","3":"status-publish","4":"has-post-thumbnail","6":"product_cat-appareils-et-accessoires","7":"product_cat-units-fraises-en-diamant","8":"product_cat-matriel-de-pratique","9":"product_tag-fraisen-fr","10":"pa_vorm-side-grip-cilinder-fijn-033-fr","11":"pa_vorm-side-grip-cilinder-fijn-055-fr","12":"pa_vorm-side-grip-cilinder-grof-065-fr","13":"pa_vorm-side-grip-cilinder-middelgrof-035-fr","14":"pa_vorm-side-grip-cilinder-middelgrof-055-fr","15":"pa_vorm-side-grip-cilinder-middelgrof-065-fr","16":"pa_vorm-side-grip-spijker-fijn-065-fr","17":"pa_vorm-side-grip-spijker-middelgrof-065-fr","18":"pa_vorm-side-grip-trapeze-middelgrof-033-fr","19":"pa_vorm-side-grip-trapeze-middelgrof-040-fr","21":"first","22":"instock","23":"taxable","24":"shipping-taxable","25":"product-type-variable"},"acf":[],"_links":{"self":[{"href":"https:\/\/sundar.be\/fr\/wp-json\/wp\/v2\/product\/38837","targetHints":{"allow":["GET"]}}],"collection":[{"href":"https:\/\/sundar.be\/fr\/wp-json\/wp\/v2\/product"}],"about":[{"href":"https:\/\/sundar.be\/fr\/wp-json\/wp\/v2\/types\/product"}],"replies":[{"embeddable":true,"href":"https:\/\/sundar.be\/fr\/wp-json\/wp\/v2\/comments?post=38837"}],"wp:featuredmedia":[{"embeddable":true,"href":"https:\/\/sundar.be\/fr\/wp-json\/wp\/v2\/media\/38806"}],"wp:attachment":[{"href":"https:\/\/sundar.be\/fr\/wp-json\/wp\/v2\/media?parent=38837"}],"wp:term":[{"taxonomy":"product_brand","embeddable":true,"href":"https:\/\/sundar.be\/fr\/wp-json\/wp\/v2\/product_brand?post=38837"},{"taxonomy":"product_cat","embeddable":true,"href":"https:\/\/sundar.be\/fr\/wp-json\/wp\/v2\/product_cat?post=38837"},{"taxonomy":"product_tag","embeddable":true,"href":"https:\/\/sundar.be\/fr\/wp-json\/wp\/v2\/product_tag?post=38837"}],"curies":[{"name":"wp","href":"https:\/\/api.w.org\/{rel}","templated":true}]}}