{"id":38791,"date":"2024-09-01T07:00:45","date_gmt":"2024-09-01T05:00:45","guid":{"rendered":"https:\/\/sundar.be\/product\/busch-medcap-slijpkappen\/"},"modified":"2025-03-13T13:14:50","modified_gmt":"2025-03-13T12:14:50","slug":"busch-medcap-slijpkappen","status":"publish","type":"product","link":"https:\/\/sundar.be\/fr\/produit\/busch-medcap-slijpkappen\/","title":{"rendered":"Busch medCap Slijpkappen"},"content":{"rendered":"<p>Le syst\u00e8me de capuchons de pon\u00e7age Busch : les capuchons medCap. Les capuchons diamant\u00e9s et le support sont faciles \u00e0 nettoyer et \u00e0 d\u00e9sinfecter. Ils sont tr\u00e8s adapt\u00e9s pour l\u2019\u00e9limination des callosit\u00e9s.  <\/p>\n<p>Les fraises diamant\u00e9es de Busch sont compos\u00e9es de plusieurs couches de fragments de diamant, ce qui les rend tr\u00e8s dures et moins sujettes \u00e0 l&rsquo;usure. Les fraises diamant\u00e9es ont une longue dur\u00e9e de vie. <\/p>\n","protected":false},"excerpt":{"rendered":"<p>Busch MedCap Slijpkappen<\/p>\n","protected":false},"featured_media":38772,"comment_status":"open","ping_status":"closed","template":"","meta":{"_acf_changed":false},"product_brand":[],"product_cat":[1626,3461,4765,4061],"product_tag":[3472],"class_list":{"0":"post-38791","1":"product","2":"type-product","3":"status-publish","4":"has-post-thumbnail","6":"product_cat-appareils-et-accessoires","7":"product_cat-units-fraises-en-diamant","8":"product_cat-matriel-de-pratique","9":"product_cat-units-tetes-broyage-accessoires","10":"product_tag-fraisen-fr","11":"pa_vorm-cap-houder-voor-hybridcap-en-medcap-l-1st-fr","12":"pa_vorm-cap-houder-voor-hybridcap-en-medcap-m-1st-fr","13":"pa_vorm-cap-houder-voor-hybridcap-en-medcap-s-1st-fr","14":"pa_vorm-medcap-slijpkap-grof-l-1-stuk-fr","15":"pa_vorm-medcap-slijpkap-grof-m-1-stuk-fr","16":"pa_vorm-medcap-slijpkap-grof-s-1-stuk-fr","17":"pa_vorm-medcap-slijpkap-megagrof-l-1-stuk-fr","18":"pa_vorm-medcap-slijpkap-megagrof-m-1-stuk-fr","19":"pa_vorm-medcap-slijpkap-megagrof-s-1-stuk-fr","20":"pa_vorm-medcap-slijpkap-supergrof-l-1-stuk-fr","21":"pa_vorm-medcap-slijpkap-supergrof-m-1-stuk-fr","22":"pa_vorm-medcap-slijpkap-supergrof-s-1-stuk-fr","24":"first","25":"instock","26":"taxable","27":"shipping-taxable","28":"product-type-variable"},"acf":[],"_links":{"self":[{"href":"https:\/\/sundar.be\/fr\/wp-json\/wp\/v2\/product\/38791","targetHints":{"allow":["GET"]}}],"collection":[{"href":"https:\/\/sundar.be\/fr\/wp-json\/wp\/v2\/product"}],"about":[{"href":"https:\/\/sundar.be\/fr\/wp-json\/wp\/v2\/types\/product"}],"replies":[{"embeddable":true,"href":"https:\/\/sundar.be\/fr\/wp-json\/wp\/v2\/comments?post=38791"}],"wp:featuredmedia":[{"embeddable":true,"href":"https:\/\/sundar.be\/fr\/wp-json\/wp\/v2\/media\/38772"}],"wp:attachment":[{"href":"https:\/\/sundar.be\/fr\/wp-json\/wp\/v2\/media?parent=38791"}],"wp:term":[{"taxonomy":"product_brand","embeddable":true,"href":"https:\/\/sundar.be\/fr\/wp-json\/wp\/v2\/product_brand?post=38791"},{"taxonomy":"product_cat","embeddable":true,"href":"https:\/\/sundar.be\/fr\/wp-json\/wp\/v2\/product_cat?post=38791"},{"taxonomy":"product_tag","embeddable":true,"href":"https:\/\/sundar.be\/fr\/wp-json\/wp\/v2\/product_tag?post=38791"}],"curies":[{"name":"wp","href":"https:\/\/api.w.org\/{rel}","templated":true}]}}