{"id":38761,"date":"2024-09-01T07:00:53","date_gmt":"2024-09-20T11:41:35","guid":{"rendered":"https:\/\/sundar.be\/product\/busch-kr-serie-fraisen\/"},"modified":"2025-03-13T12:58:06","modified_gmt":"2025-03-13T11:58:06","slug":"busch-kr-serie-fraisen","status":"publish","type":"product","link":"https:\/\/sundar.be\/fr\/produit\/busch-kr-serie-fraisen\/","title":{"rendered":"Busch KR-serie Fraisen"},"content":{"rendered":"<p>Les fraises KR de Busch sont des fraises diamant\u00e9es avec des coins arrondis, ce qui limite le risque de dommages \u00e0 la peau. Les coins arrondis offrent une \u00ab\u00a0s\u00e9curit\u00e9 passive\u00a0\u00bb lors du lissage des ongles ou de l&rsquo;\u00e9limination des callosit\u00e9s. Les fraises sont adapt\u00e9es pour le traitement des diab\u00e9tiques.  <\/p>\n<p>Les fraises diamant\u00e9es de Busch sont compos\u00e9es de plusieurs couches de fragments de diamant, ce qui les rend tr\u00e8s dures et moins sujettes \u00e0 l&rsquo;usure. Les fraises diamant\u00e9es ont une longue dur\u00e9e de vie. <\/p>\n<p>Le manche du frais est en acier inoxydable &#8211; il ne rouille pas. Les fraises Busch r\u00e9sistent aux d\u00e9tergents et aux d\u00e9sinfectants et peuvent \u00eatre st\u00e9rilis\u00e9es si n\u00e9cessaire. <\/p>\n","protected":false},"excerpt":{"rendered":"<p>La s\u00e9rie de fraises KR de Busch<\/p>\n","protected":false},"featured_media":38736,"comment_status":"open","ping_status":"closed","template":"","meta":{"_acf_changed":false},"product_brand":[],"product_cat":[1626,3461,4765],"product_tag":[3472],"class_list":{"0":"post-38761","1":"product","2":"type-product","3":"status-publish","4":"has-post-thumbnail","6":"product_cat-appareils-et-accessoires","7":"product_cat-units-fraises-en-diamant","8":"product_cat-matriel-de-pratique","9":"product_tag-fraisen-fr","10":"pa_vorm-kr-cilinderfrais-fijn-035-fr","11":"pa_vorm-kr-cilinderfrais-fijn-055-fr","12":"pa_vorm-kr-cilinderfrais-middelgrof-035-fr","13":"pa_vorm-kr-cilinderfrais-middelgrof-055-fr","14":"pa_vorm-kr-trapezefrais-fijn-033-fr","15":"pa_vorm-kr-trapezefrais-fijn-040-fr","16":"pa_vorm-kr-trapezefrais-middelgrof-033-fr","17":"pa_vorm-kr-trapezefrais-middelgrof-040-fr","19":"first","20":"instock","21":"taxable","22":"shipping-taxable","23":"product-type-variable"},"acf":[],"_links":{"self":[{"href":"https:\/\/sundar.be\/fr\/wp-json\/wp\/v2\/product\/38761","targetHints":{"allow":["GET"]}}],"collection":[{"href":"https:\/\/sundar.be\/fr\/wp-json\/wp\/v2\/product"}],"about":[{"href":"https:\/\/sundar.be\/fr\/wp-json\/wp\/v2\/types\/product"}],"replies":[{"embeddable":true,"href":"https:\/\/sundar.be\/fr\/wp-json\/wp\/v2\/comments?post=38761"}],"wp:featuredmedia":[{"embeddable":true,"href":"https:\/\/sundar.be\/fr\/wp-json\/wp\/v2\/media\/38736"}],"wp:attachment":[{"href":"https:\/\/sundar.be\/fr\/wp-json\/wp\/v2\/media?parent=38761"}],"wp:term":[{"taxonomy":"product_brand","embeddable":true,"href":"https:\/\/sundar.be\/fr\/wp-json\/wp\/v2\/product_brand?post=38761"},{"taxonomy":"product_cat","embeddable":true,"href":"https:\/\/sundar.be\/fr\/wp-json\/wp\/v2\/product_cat?post=38761"},{"taxonomy":"product_tag","embeddable":true,"href":"https:\/\/sundar.be\/fr\/wp-json\/wp\/v2\/product_tag?post=38761"}],"curies":[{"name":"wp","href":"https:\/\/api.w.org\/{rel}","templated":true}]}}