{"id":38720,"date":"2024-09-01T07:00:02","date_gmt":"2024-09-01T05:00:02","guid":{"rendered":"https:\/\/sundar.be\/product\/busch-hybridcap-slijpkappen\/"},"modified":"2025-03-13T17:23:18","modified_gmt":"2025-03-13T16:23:18","slug":"busch-hybridcap-slijpkappen","status":"publish","type":"product","link":"https:\/\/sundar.be\/fr\/produit\/busch-hybridcap-slijpkappen\/","title":{"rendered":"Busch HybridCap Slijpkappen"},"content":{"rendered":"<p>Le nouveau syst\u00e8me de capuchons de pon\u00e7age Busch : les capuchons HybridCap. Hybride est un alliage de diamant et de c\u00e9ramique, offrant les avantages des fraises c\u00e9ramiques de mani\u00e8re exceptionnelle. Ainsi, avec ces fraises, aucun r\u00e9sidu de pon\u00e7age ne reste dans la fraise, et le risque de blessures est minimis\u00e9.  <\/p>\n<p>Les fraises diamant\u00e9es de Busch sont compos\u00e9es de plusieurs couches de fragments de diamant, ce qui les rend tr\u00e8s dures et moins sujettes \u00e0 l&rsquo;usure. Les fraises diamant\u00e9es ont une longue dur\u00e9e de vie. <\/p>\n","protected":false},"excerpt":{"rendered":"<p>Busch HybridCap slijpkappen<\/p>\n","protected":false},"featured_media":38696,"comment_status":"open","ping_status":"closed","template":"","meta":{"_acf_changed":false},"product_brand":[],"product_cat":[1626,4059,3461,4765,4061],"product_tag":[3472],"class_list":{"0":"post-38720","1":"product","2":"type-product","3":"status-publish","4":"has-post-thumbnail","6":"product_cat-appareils-et-accessoires","7":"product_cat-units-fraises-accessoires","8":"product_cat-units-fraises-en-diamant","9":"product_cat-matriel-de-pratique","10":"product_cat-units-tetes-broyage-accessoires","11":"product_tag-fraisen-fr","12":"pa_vorm-cap-houder-voor-hybridcap-en-medcap-l-1st-fr","13":"pa_vorm-cap-houder-voor-hybridcap-en-medcap-m-1st-fr","14":"pa_vorm-cap-houder-voor-hybridcap-en-medcap-s-1st-fr","15":"pa_vorm-hybridcap-fijn-l-1-st-fr","16":"pa_vorm-hybridcap-fijn-m-1-st-fr","17":"pa_vorm-hybridcap-fijn-s-1-st-fr","18":"pa_vorm-hybridcap-grof-l-1-st-fr","19":"pa_vorm-hybridcap-grof-m-1-st-fr","20":"pa_vorm-hybridcap-grof-s-1-st-fr","21":"pa_vorm-hybridcap-middelgrof-l-1st-fr","22":"pa_vorm-hybridcap-middelgrof-m-1st-fr","23":"pa_vorm-hybridcap-middelgrof-s-1-st-fr","24":"pa_vorm-hybridcap-super-grof-m-1-st-fr","26":"first","27":"instock","28":"taxable","29":"shipping-taxable","30":"product-type-variable"},"acf":[],"_links":{"self":[{"href":"https:\/\/sundar.be\/fr\/wp-json\/wp\/v2\/product\/38720","targetHints":{"allow":["GET"]}}],"collection":[{"href":"https:\/\/sundar.be\/fr\/wp-json\/wp\/v2\/product"}],"about":[{"href":"https:\/\/sundar.be\/fr\/wp-json\/wp\/v2\/types\/product"}],"replies":[{"embeddable":true,"href":"https:\/\/sundar.be\/fr\/wp-json\/wp\/v2\/comments?post=38720"}],"wp:featuredmedia":[{"embeddable":true,"href":"https:\/\/sundar.be\/fr\/wp-json\/wp\/v2\/media\/38696"}],"wp:attachment":[{"href":"https:\/\/sundar.be\/fr\/wp-json\/wp\/v2\/media?parent=38720"}],"wp:term":[{"taxonomy":"product_brand","embeddable":true,"href":"https:\/\/sundar.be\/fr\/wp-json\/wp\/v2\/product_brand?post=38720"},{"taxonomy":"product_cat","embeddable":true,"href":"https:\/\/sundar.be\/fr\/wp-json\/wp\/v2\/product_cat?post=38720"},{"taxonomy":"product_tag","embeddable":true,"href":"https:\/\/sundar.be\/fr\/wp-json\/wp\/v2\/product_tag?post=38720"}],"curies":[{"name":"wp","href":"https:\/\/api.w.org\/{rel}","templated":true}]}}