{"id":38681,"date":"2024-09-01T07:00:00","date_gmt":"2024-09-01T05:00:00","guid":{"rendered":"https:\/\/sundar.be\/product\/busch-hybrid-twisters\/"},"modified":"2025-03-13T17:43:02","modified_gmt":"2025-03-13T16:43:02","slug":"busch-hybrid-twisters","status":"publish","type":"product","link":"https:\/\/sundar.be\/fr\/produit\/busch-hybrid-twisters\/","title":{"rendered":"Busch Hybrid Twisters"},"content":{"rendered":"<p>Le Hybrid Twister, tout comme le Dia-Twister de Busch, est tr\u00e8s adapt\u00e9 pour le traitement des callosit\u00e9s, mais les Hybrid Twisters sont fabriqu\u00e9s avec un alliage de diamant et de c\u00e9ramique, offrant ainsi les m\u00eames avantages que les fraises c\u00e9ramiques. Ainsi, aucun r\u00e9sidu de pon\u00e7age ne reste dans ces fraises et le risque de blessures est minimis\u00e9. <\/p>\n<p>Tout comme pour le Dia Twister, il est essentiel d&rsquo;utiliser les Hybrid Twisters \u00e0 basse vitesse, car c&rsquo;est ainsi qu&rsquo;ils sont les plus efficaces. De plus, l&rsquo;utilisation d&rsquo;un Hybrid Twister \u00e0 haute vitesse est \u00e9galement nuisible pour votre machine. <\/p>\n<p>Les fraises diamant\u00e9es de Busch sont compos\u00e9es de plusieurs couches de fragments de diamant, ce qui les rend tr\u00e8s dures et moins sujettes \u00e0 l&rsquo;usure. Les fraises diamant\u00e9es ont une longue dur\u00e9e de vie. <\/p>\n<p>Le manche du frais est en acier inoxydable &#8211; il ne rouille pas. Les fraises Busch r\u00e9sistent aux d\u00e9tergents et aux d\u00e9sinfectants et peuvent \u00eatre st\u00e9rilis\u00e9es si n\u00e9cessaire. <\/p>\n<p>Le Hybrid Twister est disponible en super grossier, grossier, moyennement grossier et fin, et est parfois appel\u00e9 la fraise \u00e0 3 \u00e9tapes.<\/p>\n<p>*Les derniers 3 chiffres de chaque num\u00e9ro d&rsquo;article correspondent au diam\u00e8tre de la fraise en mm.*<\/p>\n","protected":false},"excerpt":{"rendered":"<p>Busch Hybrid Twister<\/p>\n","protected":false},"featured_media":38638,"comment_status":"open","ping_status":"closed","template":"","meta":{"_acf_changed":false},"product_brand":[],"product_cat":[1626,4059,3461,4765],"product_tag":[3472],"class_list":{"0":"post-38681","1":"product","2":"type-product","3":"status-publish","4":"has-post-thumbnail","6":"product_cat-appareils-et-accessoires","7":"product_cat-units-fraises-accessoires","8":"product_cat-units-fraises-en-diamant","9":"product_cat-matriel-de-pratique","10":"product_tag-fraisen-fr","11":"pa_vorm-hybrid-twister-fijn-075-fr","12":"pa_vorm-hybrid-twister-fijn-095-fr","13":"pa_vorm-hybrid-twister-grof-080-fr","14":"pa_vorm-hybrid-twister-grof-100-fr","15":"pa_vorm-hybrid-twister-middelgrof-075-fr","16":"pa_vorm-hybrid-twister-middelgrof-095-fr","17":"pa_vorm-hybrid-twister-spits-middelgrof-115-fr","18":"pa_vorm-hybrid-twister-supergrof-105-fr","19":"pa_vorm-hybrid-twister-trapeze-fijn-095-fr","20":"pa_vorm-hybrid-twister-trapeze-grof-100-fr","21":"pa_vorm-hybrid-twister-trapeze-middelgrof-095-fr","22":"pa_vorm-hybrid-twister-trapeze-supergrof-105-fr","23":"pa_vorm-hybride-twister-spits-grof-groot-fr","25":"first","26":"instock","27":"taxable","28":"shipping-taxable","29":"product-type-variable"},"acf":[],"_links":{"self":[{"href":"https:\/\/sundar.be\/fr\/wp-json\/wp\/v2\/product\/38681","targetHints":{"allow":["GET"]}}],"collection":[{"href":"https:\/\/sundar.be\/fr\/wp-json\/wp\/v2\/product"}],"about":[{"href":"https:\/\/sundar.be\/fr\/wp-json\/wp\/v2\/types\/product"}],"replies":[{"embeddable":true,"href":"https:\/\/sundar.be\/fr\/wp-json\/wp\/v2\/comments?post=38681"}],"wp:featuredmedia":[{"embeddable":true,"href":"https:\/\/sundar.be\/fr\/wp-json\/wp\/v2\/media\/38638"}],"wp:attachment":[{"href":"https:\/\/sundar.be\/fr\/wp-json\/wp\/v2\/media?parent=38681"}],"wp:term":[{"taxonomy":"product_brand","embeddable":true,"href":"https:\/\/sundar.be\/fr\/wp-json\/wp\/v2\/product_brand?post=38681"},{"taxonomy":"product_cat","embeddable":true,"href":"https:\/\/sundar.be\/fr\/wp-json\/wp\/v2\/product_cat?post=38681"},{"taxonomy":"product_tag","embeddable":true,"href":"https:\/\/sundar.be\/fr\/wp-json\/wp\/v2\/product_tag?post=38681"}],"curies":[{"name":"wp","href":"https:\/\/api.w.org\/{rel}","templated":true}]}}