{"id":38625,"date":"2024-09-01T07:00:31","date_gmt":"2024-09-20T10:57:49","guid":{"rendered":"https:\/\/sundar.be\/product\/busch-diamant-fraises-super-grosseur\/"},"modified":"2025-03-13T13:39:28","modified_gmt":"2025-03-13T12:39:28","slug":"busch-diamant-fraises-super-grosseur","status":"publish","type":"product","link":"https:\/\/sundar.be\/fr\/produit\/busch-diamant-fraises-super-grosseur\/","title":{"rendered":"Busch Diamant Fraises Super Grosseur"},"content":{"rendered":"<p>Les fraises diamant\u00e9es super grossi\u00e8res de Busch sont compos\u00e9es de plusieurs couches d&rsquo;\u00e9clats de diamant, ce qui les rend tr\u00e8s dures et moins susceptibles de s&rsquo;user. Les fraises en diamant durent tr\u00e8s longtemps. Le manche des fraises est en acier inoxydable &#8211; pas de rouille possible. Les fraises Busch r\u00e9sistent aux produits de nettoyage et aux d\u00e9sinfectants et peuvent \u00eatre st\u00e9rilis\u00e9es si n\u00e9cessaire.   <\/p>\n","protected":false},"excerpt":{"rendered":"<p>Fraises diamant super grossier de Busch<\/p>\n","protected":false},"featured_media":38594,"comment_status":"open","ping_status":"closed","template":"","meta":{"_acf_changed":false},"product_brand":[],"product_cat":[1626,3461,4765],"product_tag":[3472],"class_list":{"0":"post-38625","1":"product","2":"type-product","3":"status-publish","4":"has-post-thumbnail","6":"product_cat-appareils-et-accessoires","7":"product_cat-units-fraises-en-diamant","8":"product_cat-matriel-de-pratique","9":"product_tag-fraisen-fr","10":"pa_vorm-cilinderfrais-diamant-supergrof-060-fr","11":"pa_vorm-cilinderfrais-diamant-supergrof-105-fr","12":"pa_vorm-druppelfrais-diamant-supergrof-050-fr","13":"pa_vorm-druppelfrais-diamant-supergrof-075-fr","14":"pa_vorm-holle-frais-diamant-supergrof-090-fr","15":"pa_vorm-peerfrais-diamant-supergrof-055-fr","16":"pa_vorm-peerfrais-diamant-supergrof-065-fr","17":"pa_vorm-peerfrais-diamant-supergrof-065-2-fr","18":"pa_vorm-peerfrais-diamant-supergrof-085-fr","19":"pa_vorm-pyramidefrais-diamant-supergrof-065-fr","21":"first","22":"instock","23":"taxable","24":"shipping-taxable","25":"product-type-variable"},"acf":[],"_links":{"self":[{"href":"https:\/\/sundar.be\/fr\/wp-json\/wp\/v2\/product\/38625","targetHints":{"allow":["GET"]}}],"collection":[{"href":"https:\/\/sundar.be\/fr\/wp-json\/wp\/v2\/product"}],"about":[{"href":"https:\/\/sundar.be\/fr\/wp-json\/wp\/v2\/types\/product"}],"replies":[{"embeddable":true,"href":"https:\/\/sundar.be\/fr\/wp-json\/wp\/v2\/comments?post=38625"}],"wp:featuredmedia":[{"embeddable":true,"href":"https:\/\/sundar.be\/fr\/wp-json\/wp\/v2\/media\/38594"}],"wp:attachment":[{"href":"https:\/\/sundar.be\/fr\/wp-json\/wp\/v2\/media?parent=38625"}],"wp:term":[{"taxonomy":"product_brand","embeddable":true,"href":"https:\/\/sundar.be\/fr\/wp-json\/wp\/v2\/product_brand?post=38625"},{"taxonomy":"product_cat","embeddable":true,"href":"https:\/\/sundar.be\/fr\/wp-json\/wp\/v2\/product_cat?post=38625"},{"taxonomy":"product_tag","embeddable":true,"href":"https:\/\/sundar.be\/fr\/wp-json\/wp\/v2\/product_tag?post=38625"}],"curies":[{"name":"wp","href":"https:\/\/api.w.org\/{rel}","templated":true}]}}