{"id":38546,"date":"2024-09-01T07:00:36","date_gmt":"2024-09-01T05:00:36","guid":{"rendered":"https:\/\/sundar.be\/product\/fraises-diamantees-busch-grosseur-moyenne\/"},"modified":"2025-03-13T13:31:57","modified_gmt":"2025-03-13T12:31:57","slug":"fraises-diamantees-busch-grosseur-moyenne","status":"publish","type":"product","link":"https:\/\/sundar.be\/fr\/produit\/fraises-diamantees-busch-grosseur-moyenne\/","title":{"rendered":"Fraises diamant\u00e9es Busch Grosseur moyenne"},"content":{"rendered":"<p>Les fraises diamant\u00e9es moyennes de Busch sont compos\u00e9es de plusieurs couches de fragments de diamant, ce qui les rend tr\u00e8s dures et les fait moins s&rsquo;user rapidement. Les fraises diamant\u00e9es ont une longue dur\u00e9e de vie. <\/p>\n<p>Le manche du frais est en acier inoxydable &#8211; il ne rouille pas. Les fraises Busch r\u00e9sistent aux d\u00e9tergents et aux d\u00e9sinfectants et peuvent \u00eatre st\u00e9rilis\u00e9es si n\u00e9cessaire. <\/p>\n","protected":false},"excerpt":{"rendered":"<p>Diamant Fraisen Medium grossier de Busch<\/p>\n","protected":false},"featured_media":38545,"comment_status":"open","ping_status":"closed","template":"","meta":{"_acf_changed":false},"product_brand":[],"product_cat":[1626,3461,4765],"product_tag":[3472],"class_list":{"0":"post-38546","1":"product","2":"type-product","3":"status-publish","4":"has-post-thumbnail","6":"product_cat-appareils-et-accessoires","7":"product_cat-units-fraises-en-diamant","8":"product_cat-matriel-de-pratique","9":"product_tag-fraisen-fr","10":"pa_vorm-bolkopfrais-diamant-009-fr","11":"pa_vorm-bolkopfrais-diamant-010-fr","12":"pa_vorm-bolkopfrais-diamant-012-fr","13":"pa_vorm-bolkopfrais-diamant-014-fr","14":"pa_vorm-bolkopfrais-diamant-016-fr","15":"pa_vorm-bolkopfrais-diamant-018-fr","16":"pa_vorm-bolkopfrais-diamant-023-fr","17":"pa_vorm-bolkopfrais-diamant-029-fr","18":"pa_vorm-bolkopfrais-diamant-035-fr","19":"pa_vorm-bolkopfrais-diamant-042-fr","20":"pa_vorm-bolkopfrais-diamant-050-fr","21":"pa_vorm-busch-diamant-fissuur-stomp-fr","22":"pa_vorm-busch-diamant-stompe-fissuur-fr","23":"pa_vorm-cilinderfrais-diamant-035-fr","24":"pa_vorm-cilinderfrais-diamant-055-fr","25":"pa_vorm-druppelfrais-diamant-018-fr","26":"pa_vorm-druppelfrais-diamant-023-fr","27":"pa_vorm-druppelfrais-diamant-047-fr","28":"pa_vorm-fissuurfrais-diamant-012-fr","29":"pa_vorm-fissuurfrais-diamant-014-fr","30":"pa_vorm-fissuurfrais-diamant-014-2-fr","31":"pa_vorm-fissuurfrais-diamant-016-fr","32":"pa_vorm-fissuurfrais-diamant-018-fr","33":"pa_vorm-fissuurfrais-diamant-018-2-fr","34":"pa_vorm-fissuurfrais-diamant-023-fr","35":"pa_vorm-fissuurfrais-diamant-025-fr","36":"pa_vorm-fissuurfrais-diamant-025-2-fr","37":"pa_vorm-fissuurfrais-diamant-spits-014-fr","38":"pa_vorm-fissuurfrais-diamant-spits-014-2-fr","39":"pa_vorm-fissuurfrais-diamant-stomp-014-fr","40":"pa_vorm-fissuurfrais-diamant-stomp-018-fr","41":"pa_vorm-paddestoelfrais-afgerond-diamant-040-fr","42":"pa_vorm-paddestoelfrais-afgerond-diamant-055-fr","43":"pa_vorm-paddestoelfrais-diamant-023-fr","44":"pa_vorm-paddestoelfrais-diamant-050-fr","45":"pa_vorm-paddestoelfrais-diamant-060-fr","46":"pa_vorm-peerfrais-diamant-060-fr","47":"pa_vorm-peerfrais-diamant-060-2-fr","48":"pa_vorm-peerfrais-diamant-070-fr","49":"pa_vorm-pyramidefrais-diamant-037-fr","50":"pa_vorm-trapezefrais-afgerond-diamant-033-fr","51":"pa_vorm-trapezefrais-afgerond-diamant-040-fr","52":"pa_vorm-trapezefrais-diamant-033-fr","53":"pa_vorm-trapezefrais-diamant-040-fr","54":"pa_vorm-trapezefrais-diamant-050-fr","56":"first","57":"instock","58":"taxable","59":"shipping-taxable","60":"product-type-variable"},"acf":[],"_links":{"self":[{"href":"https:\/\/sundar.be\/fr\/wp-json\/wp\/v2\/product\/38546","targetHints":{"allow":["GET"]}}],"collection":[{"href":"https:\/\/sundar.be\/fr\/wp-json\/wp\/v2\/product"}],"about":[{"href":"https:\/\/sundar.be\/fr\/wp-json\/wp\/v2\/types\/product"}],"replies":[{"embeddable":true,"href":"https:\/\/sundar.be\/fr\/wp-json\/wp\/v2\/comments?post=38546"}],"wp:featuredmedia":[{"embeddable":true,"href":"https:\/\/sundar.be\/fr\/wp-json\/wp\/v2\/media\/38545"}],"wp:attachment":[{"href":"https:\/\/sundar.be\/fr\/wp-json\/wp\/v2\/media?parent=38546"}],"wp:term":[{"taxonomy":"product_brand","embeddable":true,"href":"https:\/\/sundar.be\/fr\/wp-json\/wp\/v2\/product_brand?post=38546"},{"taxonomy":"product_cat","embeddable":true,"href":"https:\/\/sundar.be\/fr\/wp-json\/wp\/v2\/product_cat?post=38546"},{"taxonomy":"product_tag","embeddable":true,"href":"https:\/\/sundar.be\/fr\/wp-json\/wp\/v2\/product_tag?post=38546"}],"curies":[{"name":"wp","href":"https:\/\/api.w.org\/{rel}","templated":true}]}}