{"id":38349,"date":"2024-09-01T07:00:46","date_gmt":"2024-09-01T05:00:46","guid":{"rendered":"https:\/\/sundar.be\/product\/fraises-diamantees-busch-avec-technologie-des-canaux-de-refroidissement\/"},"modified":"2025-03-13T13:13:26","modified_gmt":"2025-03-13T12:13:26","slug":"fraises-diamantees-busch-avec-technologie-des-canaux-de-refroidissement","status":"publish","type":"product","link":"https:\/\/sundar.be\/fr\/produit\/fraises-diamantees-busch-avec-technologie-des-canaux-de-refroidissement\/","title":{"rendered":"Fraises diamant\u00e9es Busch avec technologie des canaux de refroidissement"},"content":{"rendered":"<p>Fraises diamant\u00e9es avec technologie de canal de refroidissement, ou fraises de refroidissement. Avec les fraises rafra\u00eechissantes de Busch, vous r\u00e9duisez l&rsquo;\u00e9chauffement au niveau du pied, quelle que soit la vitesse. De l&rsquo;air et des embruns suppl\u00e9mentaires sont aspir\u00e9s par les canaux de refroidissement et lib\u00e9r\u00e9s directement sur le pied. Cela cr\u00e9e un refroidissement suppl\u00e9mentaire. Particuli\u00e8rement adapt\u00e9 au traitement des callosit\u00e9s.    <\/p>\n<p>&nbsp;<\/p>\n<p>Les fraises diamant\u00e9es avec la technologie des canaux de refroidissement de Busch sont compos\u00e9es de plusieurs couches de copeaux de diamant, ce qui rend les fraises tr\u00e8s dures et moins susceptibles de s&rsquo;user. Les fraises en diamant durent tr\u00e8s longtemps. <\/p>\n<p>&nbsp;<\/p>\n<p>Le manche du frais est en acier inoxydable &#8211; il ne rouille pas. Les fraises Busch r\u00e9sistent aux d\u00e9tergents et aux d\u00e9sinfectants et peuvent \u00eatre st\u00e9rilis\u00e9es si n\u00e9cessaire. <\/p>\n","protected":false},"excerpt":{"rendered":"<p>Fraises diamant\u00e9es avec technologie de canal de refroidissement, ou fraises de refroidissement. Avec les fraises rafra\u00eechissantes de Busch, vous r\u00e9duisez l&rsquo;\u00e9chauffement au niveau du pied, quelle que soit la vitesse. De l&rsquo;air et des embruns suppl\u00e9mentaires sont aspir\u00e9s par les canaux de refroidissement et lib\u00e9r\u00e9s directement sur le pied. Cela cr\u00e9e un refroidissement suppl\u00e9mentaire. Particuli\u00e8rement [&hellip;]<\/p>\n","protected":false},"featured_media":38321,"comment_status":"open","ping_status":"closed","template":"","meta":{"_acf_changed":false},"product_brand":[],"product_cat":[1626,3461,4765],"product_tag":[3472],"class_list":{"0":"post-38349","1":"product","2":"type-product","3":"status-publish","4":"has-post-thumbnail","6":"product_cat-appareils-et-accessoires","7":"product_cat-units-fraises-en-diamant","8":"product_cat-matriel-de-pratique","9":"product_tag-fraisen-fr","10":"pa_vorm-cilinderfrais-koelkanaal-supergrof-060-fr","11":"pa_vorm-druppelfrais-koelkanaal-supergrof-075-fr","12":"pa_vorm-holle-frais-koelkanaal-supergrof-090-fr","13":"pa_vorm-peerfrais-koelkanaal-megagrof-070-fr","14":"pa_vorm-peerfrais-koelkanaal-megagrof-090-fr","15":"pa_vorm-peerfrais-koelkanaal-supergrof-050-fr","16":"pa_vorm-peerfrais-koelkanaal-supergrof-065-fr","17":"pa_vorm-peerfrais-koelkanaal-supergrof-085-fr","18":"pa_vorm-pyramidefrais-koelkanaal-supergrof-065-fr","20":"first","21":"instock","22":"taxable","23":"shipping-taxable","24":"product-type-variable"},"acf":[],"_links":{"self":[{"href":"https:\/\/sundar.be\/fr\/wp-json\/wp\/v2\/product\/38349","targetHints":{"allow":["GET"]}}],"collection":[{"href":"https:\/\/sundar.be\/fr\/wp-json\/wp\/v2\/product"}],"about":[{"href":"https:\/\/sundar.be\/fr\/wp-json\/wp\/v2\/types\/product"}],"replies":[{"embeddable":true,"href":"https:\/\/sundar.be\/fr\/wp-json\/wp\/v2\/comments?post=38349"}],"wp:featuredmedia":[{"embeddable":true,"href":"https:\/\/sundar.be\/fr\/wp-json\/wp\/v2\/media\/38321"}],"wp:attachment":[{"href":"https:\/\/sundar.be\/fr\/wp-json\/wp\/v2\/media?parent=38349"}],"wp:term":[{"taxonomy":"product_brand","embeddable":true,"href":"https:\/\/sundar.be\/fr\/wp-json\/wp\/v2\/product_brand?post=38349"},{"taxonomy":"product_cat","embeddable":true,"href":"https:\/\/sundar.be\/fr\/wp-json\/wp\/v2\/product_cat?post=38349"},{"taxonomy":"product_tag","embeddable":true,"href":"https:\/\/sundar.be\/fr\/wp-json\/wp\/v2\/product_tag?post=38349"}],"curies":[{"name":"wp","href":"https:\/\/api.w.org\/{rel}","templated":true}]}}