{"id":38311,"date":"2024-09-01T07:00:58","date_gmt":"2024-09-01T05:00:58","guid":{"rendered":"https:\/\/sundar.be\/product\/busch-fraises-en-diamant-grossieres\/"},"modified":"2025-08-04T14:06:46","modified_gmt":"2025-08-04T12:06:46","slug":"busch-fraises-en-diamant-grossieres","status":"publish","type":"product","link":"https:\/\/sundar.be\/fr\/produit\/busch-fraises-en-diamant-grossieres\/","title":{"rendered":"Busch Fraises en Diamant Grossi\u00e8res"},"content":{"rendered":"<p>Les fraises diamant\u00e9es grossi\u00e8res de Busch sont constitu\u00e9es de plusieurs couches de copeaux de diamant, ce qui rend les fraises tr\u00e8s dures et moins susceptibles de s&rsquo;user. Les fraises diamant\u00e9es durent tr\u00e8s longtemps. Le manche des fraises est en acier inoxydable &#8211; pas de rouille possible. Les fraises Busch r\u00e9sistent aux produits de nettoyage et aux d\u00e9sinfectants et peuvent \u00eatre st\u00e9rilis\u00e9es si n\u00e9cessaire.   <\/p>\n","protected":false},"excerpt":{"rendered":"<p>Fraises en Diamant grossi\u00e8res de Busch<\/p>\n","protected":false},"featured_media":38289,"comment_status":"open","ping_status":"closed","template":"","meta":{"_acf_changed":false},"product_brand":[],"product_cat":[1626,3461,4765],"product_tag":[3472],"class_list":{"0":"post-38311","1":"product","2":"type-product","3":"status-publish","4":"has-post-thumbnail","6":"product_cat-appareils-et-accessoires","7":"product_cat-units-fraises-en-diamant","8":"product_cat-matriel-de-pratique","9":"product_tag-fraisen-fr","10":"pa_vorm-cilinderfrais-diamant-grof-060-fr","11":"pa_vorm-fissuurfrais-diamant-grof-018-fr","12":"pa_vorm-fissuurfrais-diamant-grof-019-fr","13":"pa_vorm-fissuurfrais-diamant-grof-025-fr","14":"pa_vorm-peerfrais-diamant-grof-050-fr","15":"pa_vorm-peerfrais-diamant-grof-063-fr","16":"pa_vorm-trapezefrais-diamant-grof-035-fr","18":"first","19":"instock","20":"taxable","21":"shipping-taxable","22":"product-type-variable"},"acf":[],"_links":{"self":[{"href":"https:\/\/sundar.be\/fr\/wp-json\/wp\/v2\/product\/38311","targetHints":{"allow":["GET"]}}],"collection":[{"href":"https:\/\/sundar.be\/fr\/wp-json\/wp\/v2\/product"}],"about":[{"href":"https:\/\/sundar.be\/fr\/wp-json\/wp\/v2\/types\/product"}],"replies":[{"embeddable":true,"href":"https:\/\/sundar.be\/fr\/wp-json\/wp\/v2\/comments?post=38311"}],"wp:featuredmedia":[{"embeddable":true,"href":"https:\/\/sundar.be\/fr\/wp-json\/wp\/v2\/media\/38289"}],"wp:attachment":[{"href":"https:\/\/sundar.be\/fr\/wp-json\/wp\/v2\/media?parent=38311"}],"wp:term":[{"taxonomy":"product_brand","embeddable":true,"href":"https:\/\/sundar.be\/fr\/wp-json\/wp\/v2\/product_brand?post=38311"},{"taxonomy":"product_cat","embeddable":true,"href":"https:\/\/sundar.be\/fr\/wp-json\/wp\/v2\/product_cat?post=38311"},{"taxonomy":"product_tag","embeddable":true,"href":"https:\/\/sundar.be\/fr\/wp-json\/wp\/v2\/product_tag?post=38311"}],"curies":[{"name":"wp","href":"https:\/\/api.w.org\/{rel}","templated":true}]}}