{"id":38271,"date":"2024-09-01T07:00:10","date_gmt":"2024-09-20T08:45:58","guid":{"rendered":"https:\/\/sundar.be\/product\/busch-fraises-en-diamant-fines\/"},"modified":"2025-03-13T17:09:46","modified_gmt":"2025-03-13T16:09:46","slug":"busch-fraises-en-diamant-fines","status":"publish","type":"product","link":"https:\/\/sundar.be\/fr\/produit\/busch-fraises-en-diamant-fines\/","title":{"rendered":"Busch Fraises en Diamant Fines"},"content":{"rendered":"<p>Les fraises diamant\u00e9es fines de Busch sont compos\u00e9es de plusieurs couches de copeaux de diamant, ce qui rend les fraises tr\u00e8s dures et moins susceptibles de s&rsquo;user. Les fraises en diamant durent tr\u00e8s longtemps. Le manche des fraises est en acier inoxydable &#8211; aucune corrosion possible. Les fraises Busch r\u00e9sistent aux produits de nettoyage et aux d\u00e9sinfectants et peuvent \u00eatre st\u00e9rilis\u00e9es si n\u00e9cessaire.   <\/p>\n","protected":false},"excerpt":{"rendered":"<p>Fraises Diamant extra fines de Busch<\/p>\n","protected":false},"featured_media":38224,"comment_status":"open","ping_status":"closed","template":"","meta":{"_acf_changed":false},"product_brand":[],"product_cat":[1626,3461,4765],"product_tag":[3472],"class_list":{"0":"post-38271","1":"product","2":"type-product","3":"status-publish","4":"has-post-thumbnail","6":"product_cat-appareils-et-accessoires","7":"product_cat-units-fraises-en-diamant","8":"product_cat-matriel-de-pratique","9":"product_tag-fraisen-fr","10":"pa_vorm-cilinderfrais-diamant-fijn-055-fr","11":"pa_vorm-cilinderfrais-diamant-fijn-062-fr","12":"pa_vorm-druppelfrais-diamant-fijn-018-fr","13":"pa_vorm-druppelfrais-diamant-fijn-023-fr","14":"pa_vorm-druppelfrais-diamant-fijn-047-fr","15":"pa_vorm-fissuurfrais-diamant-fijn-012-fr","16":"pa_vorm-fissuurfrais-diamant-fijn-014-fr","17":"pa_vorm-fissuurfrais-diamant-fijn-016-fr","18":"pa_vorm-fissuurfrais-diamant-fijn-018-fr","19":"pa_vorm-fissuurfrais-diamant-fijn-023-fr","20":"pa_vorm-peerfrais-diamant-fijn-060-fr","21":"pa_vorm-trapezefrais-diamant-fijn-033-fr","22":"pa_vorm-trapezefrais-diamant-fijn-040-fr","23":"pa_vorm-trapezefrais-diamant-fijn-r-033-fr","24":"pa_vorm-trapezefrais-diamant-fijn-r-040-fr","26":"first","27":"instock","28":"taxable","29":"shipping-taxable","30":"product-type-variable"},"acf":[],"_links":{"self":[{"href":"https:\/\/sundar.be\/fr\/wp-json\/wp\/v2\/product\/38271","targetHints":{"allow":["GET"]}}],"collection":[{"href":"https:\/\/sundar.be\/fr\/wp-json\/wp\/v2\/product"}],"about":[{"href":"https:\/\/sundar.be\/fr\/wp-json\/wp\/v2\/types\/product"}],"replies":[{"embeddable":true,"href":"https:\/\/sundar.be\/fr\/wp-json\/wp\/v2\/comments?post=38271"}],"wp:featuredmedia":[{"embeddable":true,"href":"https:\/\/sundar.be\/fr\/wp-json\/wp\/v2\/media\/38224"}],"wp:attachment":[{"href":"https:\/\/sundar.be\/fr\/wp-json\/wp\/v2\/media?parent=38271"}],"wp:term":[{"taxonomy":"product_brand","embeddable":true,"href":"https:\/\/sundar.be\/fr\/wp-json\/wp\/v2\/product_brand?post=38271"},{"taxonomy":"product_cat","embeddable":true,"href":"https:\/\/sundar.be\/fr\/wp-json\/wp\/v2\/product_cat?post=38271"},{"taxonomy":"product_tag","embeddable":true,"href":"https:\/\/sundar.be\/fr\/wp-json\/wp\/v2\/product_tag?post=38271"}],"curies":[{"name":"wp","href":"https:\/\/api.w.org\/{rel}","templated":true}]}}