{"id":38216,"date":"2024-09-01T07:00:49","date_gmt":"2024-09-20T08:25:17","guid":{"rendered":"https:\/\/sundar.be\/product\/busch-fraises-en-diamant-extra-fines\/"},"modified":"2025-03-13T13:01:44","modified_gmt":"2025-03-13T12:01:44","slug":"busch-fraises-en-diamant-extra-fines","status":"publish","type":"product","link":"https:\/\/sundar.be\/fr\/produit\/busch-fraises-en-diamant-extra-fines\/","title":{"rendered":"Busch Fraises en Diamant Extra Fines"},"content":{"rendered":"<p>Les fraises diamant\u00e9es extra fines de Busch sont compos\u00e9es de plusieurs couches de copeaux de diamant, ce qui les rend tr\u00e8s dures et moins susceptibles de s&rsquo;user. Les fraises en diamant durent tr\u00e8s longtemps. Le manche des fraises est en acier inoxydable &#8211; pas de rouille possible. Les fraises Busch r\u00e9sistent aux produits de nettoyage et aux d\u00e9sinfectants et peuvent \u00eatre st\u00e9rilis\u00e9es si n\u00e9cessaire.   <\/p>\n","protected":false},"excerpt":{"rendered":"<p>Fraises diamant extra fin de Busch<\/p>\n","protected":false},"featured_media":38200,"comment_status":"open","ping_status":"closed","template":"","meta":{"_acf_changed":false},"product_brand":[],"product_cat":[1626,3461,4765],"product_tag":[3472],"class_list":{"0":"post-38216","1":"product","2":"type-product","3":"status-publish","4":"has-post-thumbnail","6":"product_cat-appareils-et-accessoires","7":"product_cat-units-fraises-en-diamant","8":"product_cat-matriel-de-pratique","9":"product_tag-fraisen-fr","10":"pa_vorm-cilinderfrais-diamant-extra-fijn-055-fr","11":"pa_vorm-druppelfrais-diamant-extra-fijn-018-fr","12":"pa_vorm-fissuurfrais-diamant-extra-fijn-012-fr","13":"pa_vorm-fissuurfrais-diamant-extra-fijn-016-fr","14":"pa_vorm-peerfrais-diamant-extra-fijn-047-fr","16":"first","17":"instock","18":"taxable","19":"shipping-taxable","20":"product-type-variable"},"acf":[],"_links":{"self":[{"href":"https:\/\/sundar.be\/fr\/wp-json\/wp\/v2\/product\/38216","targetHints":{"allow":["GET"]}}],"collection":[{"href":"https:\/\/sundar.be\/fr\/wp-json\/wp\/v2\/product"}],"about":[{"href":"https:\/\/sundar.be\/fr\/wp-json\/wp\/v2\/types\/product"}],"replies":[{"embeddable":true,"href":"https:\/\/sundar.be\/fr\/wp-json\/wp\/v2\/comments?post=38216"}],"wp:featuredmedia":[{"embeddable":true,"href":"https:\/\/sundar.be\/fr\/wp-json\/wp\/v2\/media\/38200"}],"wp:attachment":[{"href":"https:\/\/sundar.be\/fr\/wp-json\/wp\/v2\/media?parent=38216"}],"wp:term":[{"taxonomy":"product_brand","embeddable":true,"href":"https:\/\/sundar.be\/fr\/wp-json\/wp\/v2\/product_brand?post=38216"},{"taxonomy":"product_cat","embeddable":true,"href":"https:\/\/sundar.be\/fr\/wp-json\/wp\/v2\/product_cat?post=38216"},{"taxonomy":"product_tag","embeddable":true,"href":"https:\/\/sundar.be\/fr\/wp-json\/wp\/v2\/product_tag?post=38216"}],"curies":[{"name":"wp","href":"https:\/\/api.w.org\/{rel}","templated":true}]}}