{"id":38168,"date":"2024-09-01T07:00:37","date_gmt":"2024-09-20T07:37:21","guid":{"rendered":"https:\/\/sundar.be\/product\/busch-fraise-ceramique-denture-speed\/"},"modified":"2025-03-13T13:32:00","modified_gmt":"2025-03-13T12:32:00","slug":"busch-fraise-ceramique-denture-speed","status":"publish","type":"product","link":"https:\/\/sundar.be\/fr\/produit\/busch-fraise-ceramique-denture-speed\/","title":{"rendered":"Busch Fraise C\u00e9ramique Denture SPEED"},"content":{"rendered":"<p>Dents SPEED en c\u00e9ramique fra\u00eeche de Busch, avec une t\u00eate ronde et lisse. Pour aplanir les ongles \u00e9pais et les mat\u00e9riaux acryliques. Sp\u00e9cialement pour les diab\u00e9tiques. Les fraises en c\u00e9ramique sont plus dures, plus l\u00e9g\u00e8res et se cassent moins vite que les fraises standard, ce qui permet un traitement plus pr\u00e9cis. Les fraises en c\u00e9ramique d\u00e9gagent \u00e9galement moins de chaleur, ce qui est un avantage pour la technique s\u00e8che. Elles s&rsquo;aplatissent en un seul passage. Convient \u00e9galement tr\u00e8s bien aux personnes allergiques aux m\u00e9taux.      <\/p>\n","protected":false},"excerpt":{"rendered":"<p>Fraise C\u00e9ramique Denture SPEED de Busch<\/p>\n","protected":false},"featured_media":38158,"comment_status":"open","ping_status":"closed","template":"","meta":{"_acf_changed":false},"product_brand":[],"product_cat":[1626,3412,4765],"product_tag":[3472],"class_list":{"0":"post-38168","1":"product","2":"type-product","3":"status-publish","4":"has-post-thumbnail","6":"product_cat-appareils-et-accessoires","7":"product_cat-units-fraises-ceramiques","8":"product_cat-matriel-de-pratique","9":"product_tag-fraisen-fr","10":"pa_vorm-busch-keramische-frais-k425speed060-fr","11":"pa_vorm-busch-keramische-frais-k429speed060-fr","12":"pa_vorm-busch-keramische-frais-k431speed060-fr","14":"first","15":"instock","16":"taxable","17":"shipping-taxable","18":"product-type-variable"},"acf":[],"_links":{"self":[{"href":"https:\/\/sundar.be\/fr\/wp-json\/wp\/v2\/product\/38168","targetHints":{"allow":["GET"]}}],"collection":[{"href":"https:\/\/sundar.be\/fr\/wp-json\/wp\/v2\/product"}],"about":[{"href":"https:\/\/sundar.be\/fr\/wp-json\/wp\/v2\/types\/product"}],"replies":[{"embeddable":true,"href":"https:\/\/sundar.be\/fr\/wp-json\/wp\/v2\/comments?post=38168"}],"wp:featuredmedia":[{"embeddable":true,"href":"https:\/\/sundar.be\/fr\/wp-json\/wp\/v2\/media\/38158"}],"wp:attachment":[{"href":"https:\/\/sundar.be\/fr\/wp-json\/wp\/v2\/media?parent=38168"}],"wp:term":[{"taxonomy":"product_brand","embeddable":true,"href":"https:\/\/sundar.be\/fr\/wp-json\/wp\/v2\/product_brand?post=38168"},{"taxonomy":"product_cat","embeddable":true,"href":"https:\/\/sundar.be\/fr\/wp-json\/wp\/v2\/product_cat?post=38168"},{"taxonomy":"product_tag","embeddable":true,"href":"https:\/\/sundar.be\/fr\/wp-json\/wp\/v2\/product_tag?post=38168"}],"curies":[{"name":"wp","href":"https:\/\/api.w.org\/{rel}","templated":true}]}}