{"id":38146,"date":"2024-09-01T07:00:47","date_gmt":"2024-09-01T05:00:47","guid":{"rendered":"https:\/\/sundar.be\/product\/busch-fraise-ceramique-denture-x\/"},"modified":"2025-03-13T13:02:34","modified_gmt":"2025-03-13T12:02:34","slug":"busch-fraise-ceramique-denture-x","status":"publish","type":"product","link":"https:\/\/sundar.be\/fr\/produit\/busch-fraise-ceramique-denture-x\/","title":{"rendered":"Busch Fraise C\u00e9ramique Denture X"},"content":{"rendered":"<p>Denture en X en c\u00e9ramique fra\u00eeche de Busch, \u00e0 haute performance abrasive. Pour aplanir les ongles \u00e9pais et mycos\u00e9s. Gr\u00e2ce \u00e0 leur double tranchant, ils conviennent \u00e9galement aux mat\u00e9riaux en gel. Les fraises en c\u00e9ramique sont plus dures, plus l\u00e9g\u00e8res et se cassent moins vite que les fraises standard, ce qui permet un traitement plus pr\u00e9cis. Les fraises en c\u00e9ramique d\u00e9gagent \u00e9galement moins de chaleur, ce qui est un avantage pour les techniques de s\u00e9chage. Ils s&rsquo;aplatissent en un seul passage. Ils conviennent \u00e9galement tr\u00e8s bien aux personnes allergiques aux m\u00e9taux.      <\/p>\n","protected":false},"excerpt":{"rendered":"<p>Fraise C\u00e9ramique Denture X de Busch<\/p>\n","protected":false},"featured_media":38118,"comment_status":"open","ping_status":"closed","template":"","meta":{"_acf_changed":false},"product_brand":[],"product_cat":[1626,3412,4765],"product_tag":[3472],"class_list":{"0":"post-38146","1":"product","2":"type-product","3":"status-publish","4":"has-post-thumbnail","6":"product_cat-appareils-et-accessoires","7":"product_cat-units-fraises-ceramiques","8":"product_cat-matriel-de-pratique","9":"product_tag-fraisen-fr","10":"pa_vorm-busch-keramische-frais-k424x040-fr","11":"pa_vorm-busch-keramische-frais-k424x060-fr","12":"pa_vorm-busch-keramische-frais-k425x060-fr","13":"pa_vorm-busch-keramische-frais-k426x023-fr","14":"pa_vorm-busch-keramische-frais-k429x040-fr","15":"pa_vorm-busch-keramische-frais-k429x060-fr","16":"pa_vorm-busch-keramische-frais-k432x023-fr","17":"pa_vorm-busch-keramische-frais-k433x016-fr","18":"pa_vorm-busch-keramische-frais-k433x023-fr","20":"first","21":"instock","22":"taxable","23":"shipping-taxable","24":"product-type-variable"},"acf":[],"_links":{"self":[{"href":"https:\/\/sundar.be\/fr\/wp-json\/wp\/v2\/product\/38146","targetHints":{"allow":["GET"]}}],"collection":[{"href":"https:\/\/sundar.be\/fr\/wp-json\/wp\/v2\/product"}],"about":[{"href":"https:\/\/sundar.be\/fr\/wp-json\/wp\/v2\/types\/product"}],"replies":[{"embeddable":true,"href":"https:\/\/sundar.be\/fr\/wp-json\/wp\/v2\/comments?post=38146"}],"wp:featuredmedia":[{"embeddable":true,"href":"https:\/\/sundar.be\/fr\/wp-json\/wp\/v2\/media\/38118"}],"wp:attachment":[{"href":"https:\/\/sundar.be\/fr\/wp-json\/wp\/v2\/media?parent=38146"}],"wp:term":[{"taxonomy":"product_brand","embeddable":true,"href":"https:\/\/sundar.be\/fr\/wp-json\/wp\/v2\/product_brand?post=38146"},{"taxonomy":"product_cat","embeddable":true,"href":"https:\/\/sundar.be\/fr\/wp-json\/wp\/v2\/product_cat?post=38146"},{"taxonomy":"product_tag","embeddable":true,"href":"https:\/\/sundar.be\/fr\/wp-json\/wp\/v2\/product_tag?post=38146"}],"curies":[{"name":"wp","href":"https:\/\/api.w.org\/{rel}","templated":true}]}}