{"id":38112,"date":"2024-09-01T07:00:18","date_gmt":"2024-09-01T05:00:18","guid":{"rendered":"https:\/\/sundar.be\/product\/fraise-ceramique-busch-denture-fx\/"},"modified":"2025-03-13T13:48:25","modified_gmt":"2025-03-13T12:48:25","slug":"fraise-ceramique-busch-denture-fx","status":"publish","type":"product","link":"https:\/\/sundar.be\/fr\/produit\/fraise-ceramique-busch-denture-fx\/","title":{"rendered":"Fraise C\u00e9ramique Busch Denture FX"},"content":{"rendered":"<p>Fraises en c\u00e9ramique Dents FX de Busch, pour les travaux fins et les cuticules. Les fraises en c\u00e9ramique sont plus dures, plus l\u00e9g\u00e8res et se cassent moins vite que les fraises standard, ce qui permet un traitement plus pr\u00e9cis. Les fraises en c\u00e9ramique d\u00e9gagent \u00e9galement moins de chaleur, ce qui est un avantage pour la technique de s\u00e9chage. Elles s&rsquo;aplatissent en un seul passage. Elles conviennent \u00e9galement tr\u00e8s bien aux personnes allergiques aux m\u00e9taux.    <\/p>\n","protected":false},"excerpt":{"rendered":"<p>Fraise C\u00e9ramique Denture FX de Busch<\/p>\n","protected":false},"featured_media":38104,"comment_status":"open","ping_status":"closed","template":"","meta":{"_acf_changed":false},"product_brand":[],"product_cat":[1626,4059,3412,4765],"product_tag":[3472],"class_list":{"0":"post-38112","1":"product","2":"type-product","3":"status-publish","4":"has-post-thumbnail","6":"product_cat-appareils-et-accessoires","7":"product_cat-units-fraises-accessoires","8":"product_cat-units-fraises-ceramiques","9":"product_cat-matriel-de-pratique","10":"product_tag-fraisen-fr","11":"pa_vorm-busch-keramische-frais-k423fx014-fr","12":"pa_vorm-busch-keramische-frais-k423fx023-fr","14":"first","15":"instock","16":"taxable","17":"shipping-taxable","18":"product-type-variable"},"acf":[],"_links":{"self":[{"href":"https:\/\/sundar.be\/fr\/wp-json\/wp\/v2\/product\/38112","targetHints":{"allow":["GET"]}}],"collection":[{"href":"https:\/\/sundar.be\/fr\/wp-json\/wp\/v2\/product"}],"about":[{"href":"https:\/\/sundar.be\/fr\/wp-json\/wp\/v2\/types\/product"}],"replies":[{"embeddable":true,"href":"https:\/\/sundar.be\/fr\/wp-json\/wp\/v2\/comments?post=38112"}],"wp:featuredmedia":[{"embeddable":true,"href":"https:\/\/sundar.be\/fr\/wp-json\/wp\/v2\/media\/38104"}],"wp:attachment":[{"href":"https:\/\/sundar.be\/fr\/wp-json\/wp\/v2\/media?parent=38112"}],"wp:term":[{"taxonomy":"product_brand","embeddable":true,"href":"https:\/\/sundar.be\/fr\/wp-json\/wp\/v2\/product_brand?post=38112"},{"taxonomy":"product_cat","embeddable":true,"href":"https:\/\/sundar.be\/fr\/wp-json\/wp\/v2\/product_cat?post=38112"},{"taxonomy":"product_tag","embeddable":true,"href":"https:\/\/sundar.be\/fr\/wp-json\/wp\/v2\/product_tag?post=38112"}],"curies":[{"name":"wp","href":"https:\/\/api.w.org\/{rel}","templated":true}]}}