{"id":38096,"date":"2024-09-01T07:00:58","date_gmt":"2024-09-01T05:00:58","guid":{"rendered":"https:\/\/sundar.be\/product\/busch-fraise-ceramique-denture-gqsr\/"},"modified":"2025-08-04T14:05:40","modified_gmt":"2025-08-04T12:05:40","slug":"busch-fraise-ceramique-denture-gqsr","status":"publish","type":"product","link":"https:\/\/sundar.be\/fr\/produit\/busch-fraise-ceramique-denture-gqsr\/","title":{"rendered":"Busch Fraise C\u00e9ramique denture GQSR"},"content":{"rendered":"<p>Dents GQSR en c\u00e9ramique frais\u00e9e de Busch, caract\u00e9ris\u00e9es par des ar\u00eates de coupe parall\u00e8les. Pour l&rsquo;usinage des orth\u00e8ses et l&rsquo;\u00e9limination des mat\u00e9riaux acryliques. Les fraises c\u00e9ramiques blanches sp\u00e9ciales \u00e0 hautes performances de la nouvelle s\u00e9rie KERA sont fabriqu\u00e9es dans un nouveau mat\u00e9riau de haute technologie et appartiennent \u00e0 la classe premium de BUSCH.  <\/p>\n","protected":false},"excerpt":{"rendered":"<p>Fraise C\u00e9ramique denture GQSR de Busch<\/p>\n","protected":false},"featured_media":38080,"comment_status":"open","ping_status":"closed","template":"","meta":{"_acf_changed":false},"product_brand":[],"product_cat":[1626,3412,4765],"product_tag":[3472],"class_list":{"0":"post-38096","1":"product","2":"type-product","3":"status-publish","4":"has-post-thumbnail","6":"product_cat-appareils-et-accessoires","7":"product_cat-units-fraises-ceramiques","8":"product_cat-matriel-de-pratique","9":"product_tag-fraisen-fr","10":"pa_vorm-busch-keramische-frais-k424gqsr060-lr-fr","11":"pa_vorm-busch-keramische-frais-k425gqsr060-fr","12":"pa_vorm-busch-keramische-frais-k429gqsr040-lr-fr","13":"pa_vorm-busch-keramische-frais-k432gqsr023-fr","14":"pa_vorm-busch-keramische-frais-k433gqsr023-fr","16":"first","17":"instock","18":"taxable","19":"shipping-taxable","20":"product-type-variable"},"acf":[],"_links":{"self":[{"href":"https:\/\/sundar.be\/fr\/wp-json\/wp\/v2\/product\/38096","targetHints":{"allow":["GET"]}}],"collection":[{"href":"https:\/\/sundar.be\/fr\/wp-json\/wp\/v2\/product"}],"about":[{"href":"https:\/\/sundar.be\/fr\/wp-json\/wp\/v2\/types\/product"}],"replies":[{"embeddable":true,"href":"https:\/\/sundar.be\/fr\/wp-json\/wp\/v2\/comments?post=38096"}],"wp:featuredmedia":[{"embeddable":true,"href":"https:\/\/sundar.be\/fr\/wp-json\/wp\/v2\/media\/38080"}],"wp:attachment":[{"href":"https:\/\/sundar.be\/fr\/wp-json\/wp\/v2\/media?parent=38096"}],"wp:term":[{"taxonomy":"product_brand","embeddable":true,"href":"https:\/\/sundar.be\/fr\/wp-json\/wp\/v2\/product_brand?post=38096"},{"taxonomy":"product_cat","embeddable":true,"href":"https:\/\/sundar.be\/fr\/wp-json\/wp\/v2\/product_cat?post=38096"},{"taxonomy":"product_tag","embeddable":true,"href":"https:\/\/sundar.be\/fr\/wp-json\/wp\/v2\/product_tag?post=38096"}],"curies":[{"name":"wp","href":"https:\/\/api.w.org\/{rel}","templated":true}]}}