{"id":37865,"date":"2024-08-01T16:35:34","date_gmt":"2024-08-01T14:35:34","guid":{"rendered":"https:\/\/sundar.be\/product\/warming-foot-balm-100ml\/"},"modified":"2025-12-18T08:26:28","modified_gmt":"2025-12-18T07:26:28","slug":"warming-foot-balm-100ml","status":"publish","type":"product","link":"https:\/\/sundar.be\/fr\/produit\/warming-foot-balm-100ml\/","title":{"rendered":"LCN Warming Foot Balm, 100ml"},"content":{"rendered":"<p>Le <span style=\"color: #557e96;\"><strong>LCN Warming Foot Balm<\/strong><\/span> est un baume chauffant pour les pieds, sp\u00e9cialement d\u00e9velopp\u00e9 pour apporter une chaleur bienfaisante et choyer vos pieds pendant les p\u00e9riodes froides.<\/p>\n<p>La texture riche avec des ingr\u00e9dients actifs chauffants tels que l&rsquo;extrait de gingembre et de camphre, l&rsquo;huile de romarin, les algues rouges et l&rsquo;extrait de marron d&rsquo;Inde aide \u00e0 stimuler la circulation sanguine et procure une sensation de d\u00e9tente. Le baume a un parfum agr\u00e9able d&rsquo;huile essentielle de romarin et de menthol. <\/p>\n","protected":false},"excerpt":{"rendered":"<p>Baume chauffant pour les pieds<\/p>\n","protected":false},"featured_media":37803,"comment_status":"open","ping_status":"closed","template":"","meta":{"_acf_changed":false},"product_brand":[],"product_cat":[4998,5052,1432,4936,4755,1427,4907,4996],"product_tag":[2715],"class_list":{"0":"post-37865","1":"product","2":"type-product","3":"status-publish","4":"has-post-thumbnail","6":"product_cat-cremes-lotions-pieds","7":"product_cat-cremes-chauffantes-pieds","8":"product_cat-cremes-pour-les-pieds","9":"product_cat-lcn-fr","10":"product_cat-pedicure","11":"product_cat-lcn-soin-de-pieds","12":"product_cat-soins","13":"product_cat-soins-quotidiens-des-pieds","14":"product_tag-lcn-fr","16":"first","17":"instock","18":"taxable","19":"shipping-taxable","20":"product-type-simple"},"acf":[],"_links":{"self":[{"href":"https:\/\/sundar.be\/fr\/wp-json\/wp\/v2\/product\/37865","targetHints":{"allow":["GET"]}}],"collection":[{"href":"https:\/\/sundar.be\/fr\/wp-json\/wp\/v2\/product"}],"about":[{"href":"https:\/\/sundar.be\/fr\/wp-json\/wp\/v2\/types\/product"}],"replies":[{"embeddable":true,"href":"https:\/\/sundar.be\/fr\/wp-json\/wp\/v2\/comments?post=37865"}],"wp:featuredmedia":[{"embeddable":true,"href":"https:\/\/sundar.be\/fr\/wp-json\/wp\/v2\/media\/37803"}],"wp:attachment":[{"href":"https:\/\/sundar.be\/fr\/wp-json\/wp\/v2\/media?parent=37865"}],"wp:term":[{"taxonomy":"product_brand","embeddable":true,"href":"https:\/\/sundar.be\/fr\/wp-json\/wp\/v2\/product_brand?post=37865"},{"taxonomy":"product_cat","embeddable":true,"href":"https:\/\/sundar.be\/fr\/wp-json\/wp\/v2\/product_cat?post=37865"},{"taxonomy":"product_tag","embeddable":true,"href":"https:\/\/sundar.be\/fr\/wp-json\/wp\/v2\/product_tag?post=37865"}],"curies":[{"name":"wp","href":"https:\/\/api.w.org\/{rel}","templated":true}]}}