{"id":37419,"date":"2024-07-01T18:01:02","date_gmt":"2024-07-01T16:01:02","guid":{"rendered":"https:\/\/sundar.be\/product\/solutions-sun-drops-spf50-30ml\/"},"modified":"2025-12-08T08:42:26","modified_gmt":"2025-12-08T07:42:26","slug":"solutions-sun-drops-spf50-30ml","status":"publish","type":"product","link":"https:\/\/sundar.be\/fr\/produit\/solutions-sun-drops-spf50-30ml\/","title":{"rendered":"Monteil Solutions Sun Drops SPF50, 30ml"},"content":{"rendered":"<p><span style=\"color: #557e96;\"><strong>Solutions Sun Drops SPF50 <\/strong><\/span>est un fluide solaire ultral\u00e9ger, \u00e0 absorption rapide, qui prot\u00e8ge la peau au quotidien contre les rayons UVA et UVB. Gr\u00e2ce \u00e0 la combinaison de filtres modernes et photostables, cette formule offre une tr\u00e8s haute protection, tandis que des ingr\u00e9dients hydratants et apaisants tels que la glyc\u00e9rine, l\u2019acide hyaluronique, le bisabolol et l\u2019extrait d\u2019algues prennent soin de la peau. La texture n\u2019est pas grasse, ne laisse aucun voile blanc et constitue l\u2019\u00e9tape finale id\u00e9ale de votre routine skincare ou post-\u00e9pilation pour pr\u00e9venir pigmentation et irritations.  <\/p>\n","protected":false},"excerpt":{"rendered":"<p>Ce fluide solaire a\u00e9rien SPF50 prot\u00e8ge efficacement la peau contre les rayons UVA\/UVB et pr\u00e9vient le vieillissement cutan\u00e9 pr\u00e9matur\u00e9. Des actifs hydratants et apaisants maintiennent la peau souple, confortable et lumineuse. <\/p>\n","protected":false},"featured_media":37413,"comment_status":"open","ping_status":"closed","template":"","meta":{"_acf_changed":false},"product_brand":[],"product_cat":[2683,2986,2703],"product_tag":[2716],"class_list":{"0":"post-37419","1":"product","2":"type-product","3":"status-publish","4":"has-post-thumbnail","6":"product_cat-monteil-fr","7":"product_cat-monteil-solutions-perfect-skin","8":"product_cat-solutions-fr","9":"product_tag-monteil-fr","10":"pa_inhoud-testeur-non-a-la-vente-30ml","11":"pa_inhoud-vente-30ml","13":"first","14":"instock","15":"taxable","16":"shipping-taxable","17":"product-type-variable"},"acf":[],"_links":{"self":[{"href":"https:\/\/sundar.be\/fr\/wp-json\/wp\/v2\/product\/37419","targetHints":{"allow":["GET"]}}],"collection":[{"href":"https:\/\/sundar.be\/fr\/wp-json\/wp\/v2\/product"}],"about":[{"href":"https:\/\/sundar.be\/fr\/wp-json\/wp\/v2\/types\/product"}],"replies":[{"embeddable":true,"href":"https:\/\/sundar.be\/fr\/wp-json\/wp\/v2\/comments?post=37419"}],"wp:featuredmedia":[{"embeddable":true,"href":"https:\/\/sundar.be\/fr\/wp-json\/wp\/v2\/media\/37413"}],"wp:attachment":[{"href":"https:\/\/sundar.be\/fr\/wp-json\/wp\/v2\/media?parent=37419"}],"wp:term":[{"taxonomy":"product_brand","embeddable":true,"href":"https:\/\/sundar.be\/fr\/wp-json\/wp\/v2\/product_brand?post=37419"},{"taxonomy":"product_cat","embeddable":true,"href":"https:\/\/sundar.be\/fr\/wp-json\/wp\/v2\/product_cat?post=37419"},{"taxonomy":"product_tag","embeddable":true,"href":"https:\/\/sundar.be\/fr\/wp-json\/wp\/v2\/product_tag?post=37419"}],"curies":[{"name":"wp","href":"https:\/\/api.w.org\/{rel}","templated":true}]}}