{"id":37385,"date":"2024-06-18T13:45:08","date_gmt":"2024-06-18T11:45:08","guid":{"rendered":"https:\/\/sundar.be\/product\/uv-gel-base-coat-universal-10ml\/"},"modified":"2025-11-25T14:57:41","modified_gmt":"2025-11-25T13:57:41","slug":"uv-gel-base-coat-universal-10ml","status":"publish","type":"product","link":"https:\/\/sundar.be\/fr\/produit\/uv-gel-base-coat-universal-10ml\/","title":{"rendered":"LCN UV-Gel Base Coat &#8211; universal, 10ml"},"content":{"rendered":"<p>Notre Gel UV Base Coat &#8211; universel est id\u00e9al pour les ongles naturels humides, gras ou ab\u00eem\u00e9s et offre une adh\u00e9rence parfaite pour le modelage des ongles. Cela garantit une adh\u00e9rence encore meilleure lorsqu&rsquo;il est combin\u00e9 avec le Gel UV Primer &#8211; sans acide.<\/p>\n","protected":false},"excerpt":{"rendered":"<p>Couche de base sans acide<\/p>\n","protected":false},"featured_media":37383,"comment_status":"open","ping_status":"closed","template":"","meta":{"_acf_changed":false},"product_brand":[],"product_cat":[6209,4950,4936,4949],"product_tag":[2715],"class_list":{"0":"post-37385","1":"product","2":"type-product","3":"status-publish","4":"has-post-thumbnail","6":"product_cat-lcn-ongles-artificielles-gels-uv-basic-adherence","7":"product_cat-lcn-ongles-artificiels-gels-uv-basic","8":"product_cat-lcn-fr","9":"product_cat-lcn-ongles-artificiels","10":"product_tag-lcn-fr","12":"first","13":"instock","14":"taxable","15":"shipping-taxable","16":"product-type-simple"},"acf":[],"_links":{"self":[{"href":"https:\/\/sundar.be\/fr\/wp-json\/wp\/v2\/product\/37385","targetHints":{"allow":["GET"]}}],"collection":[{"href":"https:\/\/sundar.be\/fr\/wp-json\/wp\/v2\/product"}],"about":[{"href":"https:\/\/sundar.be\/fr\/wp-json\/wp\/v2\/types\/product"}],"replies":[{"embeddable":true,"href":"https:\/\/sundar.be\/fr\/wp-json\/wp\/v2\/comments?post=37385"}],"wp:featuredmedia":[{"embeddable":true,"href":"https:\/\/sundar.be\/fr\/wp-json\/wp\/v2\/media\/37383"}],"wp:attachment":[{"href":"https:\/\/sundar.be\/fr\/wp-json\/wp\/v2\/media?parent=37385"}],"wp:term":[{"taxonomy":"product_brand","embeddable":true,"href":"https:\/\/sundar.be\/fr\/wp-json\/wp\/v2\/product_brand?post=37385"},{"taxonomy":"product_cat","embeddable":true,"href":"https:\/\/sundar.be\/fr\/wp-json\/wp\/v2\/product_cat?post=37385"},{"taxonomy":"product_tag","embeddable":true,"href":"https:\/\/sundar.be\/fr\/wp-json\/wp\/v2\/product_tag?post=37385"}],"curies":[{"name":"wp","href":"https:\/\/api.w.org\/{rel}","templated":true}]}}