{"id":37380,"date":"2024-06-18T12:53:57","date_gmt":"2024-06-18T10:53:57","guid":{"rendered":"https:\/\/sundar.be\/product\/uv-gel-primer-sans-acide-10ml\/"},"modified":"2025-11-25T15:02:23","modified_gmt":"2025-11-25T14:02:23","slug":"uv-gel-primer-sans-acide-10ml","status":"publish","type":"product","link":"https:\/\/sundar.be\/fr\/produit\/uv-gel-primer-sans-acide-10ml\/","title":{"rendered":"LCN UV-Gel Primer &#8211; sans acide, 10ml"},"content":{"rendered":"<p>Le primer sans acide est id\u00e9al pour les ongles naturels humides et gras et offre une adh\u00e9rence parfaite pour le modelage des ongles. Il s\u00e8che \u00e0 l&rsquo;air et n&rsquo;a pas la consistance d&rsquo;un gel. Le primer offre une adh\u00e9rence encore meilleure pour les ascenseurs lorsqu&rsquo;il est combin\u00e9 avec la couche de base en gel UV &#8211; extra forte.<\/p>\n","protected":false},"excerpt":{"rendered":"<p>Primaire sans acide<\/p>\n","protected":false},"featured_media":37379,"comment_status":"open","ping_status":"closed","template":"","meta":{"_acf_changed":false},"product_brand":[],"product_cat":[6209,4950,4936,4949],"product_tag":[2715],"class_list":{"0":"post-37380","1":"product","2":"type-product","3":"status-publish","4":"has-post-thumbnail","6":"product_cat-lcn-ongles-artificielles-gels-uv-basic-adherence","7":"product_cat-lcn-ongles-artificiels-gels-uv-basic","8":"product_cat-lcn-fr","9":"product_cat-lcn-ongles-artificiels","10":"product_tag-lcn-fr","12":"first","13":"instock","14":"taxable","15":"shipping-taxable","16":"product-type-simple"},"acf":[],"_links":{"self":[{"href":"https:\/\/sundar.be\/fr\/wp-json\/wp\/v2\/product\/37380","targetHints":{"allow":["GET"]}}],"collection":[{"href":"https:\/\/sundar.be\/fr\/wp-json\/wp\/v2\/product"}],"about":[{"href":"https:\/\/sundar.be\/fr\/wp-json\/wp\/v2\/types\/product"}],"replies":[{"embeddable":true,"href":"https:\/\/sundar.be\/fr\/wp-json\/wp\/v2\/comments?post=37380"}],"wp:featuredmedia":[{"embeddable":true,"href":"https:\/\/sundar.be\/fr\/wp-json\/wp\/v2\/media\/37379"}],"wp:attachment":[{"href":"https:\/\/sundar.be\/fr\/wp-json\/wp\/v2\/media?parent=37380"}],"wp:term":[{"taxonomy":"product_brand","embeddable":true,"href":"https:\/\/sundar.be\/fr\/wp-json\/wp\/v2\/product_brand?post=37380"},{"taxonomy":"product_cat","embeddable":true,"href":"https:\/\/sundar.be\/fr\/wp-json\/wp\/v2\/product_cat?post=37380"},{"taxonomy":"product_tag","embeddable":true,"href":"https:\/\/sundar.be\/fr\/wp-json\/wp\/v2\/product_tag?post=37380"}],"curies":[{"name":"wp","href":"https:\/\/api.w.org\/{rel}","templated":true}]}}