{"id":37376,"date":"2024-06-18T12:48:38","date_gmt":"2024-06-18T10:48:38","guid":{"rendered":"https:\/\/sundar.be\/product\/uv-gel-top-coat-matt-10ml\/"},"modified":"2025-11-25T14:58:47","modified_gmt":"2025-11-25T13:58:47","slug":"uv-gel-top-coat-matt-10ml","status":"publish","type":"product","link":"https:\/\/sundar.be\/fr\/produit\/uv-gel-top-coat-matt-10ml\/","title":{"rendered":"LCN UV-Gel Top Coat &#8211; matt, 10ml"},"content":{"rendered":"<p>Le \u00ab\u00a0Top Coat matt\u00a0\u00bb vous offre un scellant mat dans un pot. L&rsquo;application simple convient \u00e0 diverses techniques de nail art. Le top coat mat doit toujours \u00eatre utilis\u00e9 en combinaison avec un modelage complet de l&rsquo;ongle.<\/p>\n","protected":false},"excerpt":{"rendered":"<p>Couche de finition mate<\/p>\n","protected":false},"featured_media":37375,"comment_status":"open","ping_status":"closed","template":"","meta":{"_acf_changed":false},"product_brand":[],"product_cat":[4950,4936,4949,6213],"product_tag":[2715],"class_list":{"0":"post-37376","1":"product","2":"type-product","3":"status-publish","4":"has-post-thumbnail","6":"product_cat-lcn-ongles-artificiels-gels-uv-basic","7":"product_cat-lcn-fr","8":"product_cat-lcn-ongles-artificiels","9":"product_cat-lcn-ongles-artificielles-uv-gels-basic-scellement","10":"product_tag-lcn-fr","12":"first","13":"instock","14":"taxable","15":"shipping-taxable","16":"product-type-simple"},"acf":[],"_links":{"self":[{"href":"https:\/\/sundar.be\/fr\/wp-json\/wp\/v2\/product\/37376","targetHints":{"allow":["GET"]}}],"collection":[{"href":"https:\/\/sundar.be\/fr\/wp-json\/wp\/v2\/product"}],"about":[{"href":"https:\/\/sundar.be\/fr\/wp-json\/wp\/v2\/types\/product"}],"replies":[{"embeddable":true,"href":"https:\/\/sundar.be\/fr\/wp-json\/wp\/v2\/comments?post=37376"}],"wp:featuredmedia":[{"embeddable":true,"href":"https:\/\/sundar.be\/fr\/wp-json\/wp\/v2\/media\/37375"}],"wp:attachment":[{"href":"https:\/\/sundar.be\/fr\/wp-json\/wp\/v2\/media?parent=37376"}],"wp:term":[{"taxonomy":"product_brand","embeddable":true,"href":"https:\/\/sundar.be\/fr\/wp-json\/wp\/v2\/product_brand?post=37376"},{"taxonomy":"product_cat","embeddable":true,"href":"https:\/\/sundar.be\/fr\/wp-json\/wp\/v2\/product_cat?post=37376"},{"taxonomy":"product_tag","embeddable":true,"href":"https:\/\/sundar.be\/fr\/wp-json\/wp\/v2\/product_tag?post=37376"}],"curies":[{"name":"wp","href":"https:\/\/api.w.org\/{rel}","templated":true}]}}