{"id":37337,"date":"2024-06-18T10:30:58","date_gmt":"2024-06-18T08:30:58","guid":{"rendered":"https:\/\/sundar.be\/product\/uv-gel-fiberglass-20ml\/"},"modified":"2025-11-25T14:58:38","modified_gmt":"2025-11-25T13:58:38","slug":"uv-gel-fiberglass-20ml","status":"publish","type":"product","link":"https:\/\/sundar.be\/fr\/produit\/uv-gel-fiberglass-20ml\/","title":{"rendered":"LCN UV-Gel Fiberglass, 20ml"},"content":{"rendered":"<p>Le gel de construction en fibre de verre \u00e0 2 phases convient \u00e0 tous les types d\u2019ongles. Il combine les propri\u00e9t\u00e9s d\u2019adh\u00e9sion et d\u2019accumulation dans un seul gel UV.<\/p>\n<p>\u00ab\u00a0Fibreglass Gel\u00a0\u00bb offre une grande stabilit\u00e9 pour toutes les longueurs d&rsquo;ongles et peut \u00e9galement \u00eatre utilis\u00e9 pour les extensions avec des pointes ou des chablons. Le modelage avec le \u00ab\u00a0Fibreglass Gel\u00a0\u00bb peut \u00eatre fini avec n&rsquo;importe quelle couche de finition, en fonction de la couleur souhait\u00e9e.<\/p>\n","protected":false},"excerpt":{"rendered":"<p>Primaire et gel de construction en 1 avec des particules de fibre de verre<\/p>\n","protected":false},"featured_media":37336,"comment_status":"open","ping_status":"closed","template":"","meta":{"_acf_changed":false},"product_brand":[],"product_cat":[6210,4950,4936,4949],"product_tag":[2715],"class_list":{"0":"post-37337","1":"product","2":"type-product","3":"status-publish","4":"has-post-thumbnail","6":"product_cat-lcn-ongles-artificielles-uv-gels-basic-gels-de-construction","7":"product_cat-lcn-ongles-artificiels-gels-uv-basic","8":"product_cat-lcn-fr","9":"product_cat-lcn-ongles-artificiels","10":"product_tag-lcn-fr","11":"pa_kleur-clear","12":"pa_kleur-kleur-rose","13":"pa_kleur-milky-white","15":"first","16":"instock","17":"taxable","18":"shipping-taxable","19":"product-type-variable"},"acf":[],"_links":{"self":[{"href":"https:\/\/sundar.be\/fr\/wp-json\/wp\/v2\/product\/37337","targetHints":{"allow":["GET"]}}],"collection":[{"href":"https:\/\/sundar.be\/fr\/wp-json\/wp\/v2\/product"}],"about":[{"href":"https:\/\/sundar.be\/fr\/wp-json\/wp\/v2\/types\/product"}],"replies":[{"embeddable":true,"href":"https:\/\/sundar.be\/fr\/wp-json\/wp\/v2\/comments?post=37337"}],"wp:featuredmedia":[{"embeddable":true,"href":"https:\/\/sundar.be\/fr\/wp-json\/wp\/v2\/media\/37336"}],"wp:attachment":[{"href":"https:\/\/sundar.be\/fr\/wp-json\/wp\/v2\/media?parent=37337"}],"wp:term":[{"taxonomy":"product_brand","embeddable":true,"href":"https:\/\/sundar.be\/fr\/wp-json\/wp\/v2\/product_brand?post=37337"},{"taxonomy":"product_cat","embeddable":true,"href":"https:\/\/sundar.be\/fr\/wp-json\/wp\/v2\/product_cat?post=37337"},{"taxonomy":"product_tag","embeddable":true,"href":"https:\/\/sundar.be\/fr\/wp-json\/wp\/v2\/product_tag?post=37337"}],"curies":[{"name":"wp","href":"https:\/\/api.w.org\/{rel}","templated":true}]}}