{"id":37300,"date":"2024-06-18T09:01:40","date_gmt":"2024-06-18T07:01:40","guid":{"rendered":"https:\/\/sundar.be\/product\/uv-gel-all-in-one-easy-10ml\/"},"modified":"2025-11-25T14:58:48","modified_gmt":"2025-11-25T13:58:48","slug":"uv-gel-all-in-one-easy-10ml","status":"publish","type":"product","link":"https:\/\/sundar.be\/fr\/produit\/uv-gel-all-in-one-easy-10ml\/","title":{"rendered":"LCN UV-Gel All-in-One Easy, 10ml"},"content":{"rendered":"<p>UV gel All-in-One Easy est un gel \u00e0 1 phase dans un flacon pinceau et convient \u00e0 tous les types d\u2019ongles. Il combine les propri\u00e9t\u00e9s d\u2019adh\u00e9sion, de construction et de scellement en un seul gel UV. All in One Gel Easy\u201d offre une grande stabilit\u00e9 pour toutes les longueurs d\u2019ongles et peut \u00e9galement \u00eatre utilis\u00e9 pour les extensions avec des pointes ou des pochoirs. Le modelage avec le \u201cAll in One Gel Easy\u201d peut \u00eatre termin\u00e9 avec toutes les couches de finition, en fonction de la couleur souhait\u00e9e.<\/p>\n","protected":false},"excerpt":{"rendered":"<p>Gel 3 en 1 pour les ongles<\/p>\n","protected":false},"featured_media":37294,"comment_status":"open","ping_status":"closed","template":"","meta":{"_acf_changed":false},"product_brand":[],"product_cat":[6210,4950,6214,4936,4949,6219],"product_tag":[2715],"class_list":{"0":"post-37300","1":"product","2":"type-product","3":"status-publish","4":"has-post-thumbnail","6":"product_cat-lcn-ongles-artificielles-uv-gels-basic-gels-de-construction","7":"product_cat-lcn-ongles-artificiels-gels-uv-basic","8":"product_cat-lcn-ongles-artificielles-highlights","9":"product_cat-lcn-fr","10":"product_cat-lcn-ongles-artificiels","11":"product_cat-lcn-ongles-artificielles-systemes-easy-gel","12":"product_tag-lcn-fr","13":"pa_kleur-clear","14":"pa_kleur-milky-white","15":"pa_kleur-nude","17":"first","18":"instock","19":"taxable","20":"shipping-taxable","21":"product-type-variable"},"acf":[],"_links":{"self":[{"href":"https:\/\/sundar.be\/fr\/wp-json\/wp\/v2\/product\/37300","targetHints":{"allow":["GET"]}}],"collection":[{"href":"https:\/\/sundar.be\/fr\/wp-json\/wp\/v2\/product"}],"about":[{"href":"https:\/\/sundar.be\/fr\/wp-json\/wp\/v2\/types\/product"}],"replies":[{"embeddable":true,"href":"https:\/\/sundar.be\/fr\/wp-json\/wp\/v2\/comments?post=37300"}],"wp:featuredmedia":[{"embeddable":true,"href":"https:\/\/sundar.be\/fr\/wp-json\/wp\/v2\/media\/37294"}],"wp:attachment":[{"href":"https:\/\/sundar.be\/fr\/wp-json\/wp\/v2\/media?parent=37300"}],"wp:term":[{"taxonomy":"product_brand","embeddable":true,"href":"https:\/\/sundar.be\/fr\/wp-json\/wp\/v2\/product_brand?post=37300"},{"taxonomy":"product_cat","embeddable":true,"href":"https:\/\/sundar.be\/fr\/wp-json\/wp\/v2\/product_cat?post=37300"},{"taxonomy":"product_tag","embeddable":true,"href":"https:\/\/sundar.be\/fr\/wp-json\/wp\/v2\/product_tag?post=37300"}],"curies":[{"name":"wp","href":"https:\/\/api.w.org\/{rel}","templated":true}]}}