{"id":37288,"date":"2024-06-18T08:50:06","date_gmt":"2024-06-18T06:50:06","guid":{"rendered":"https:\/\/sundar.be\/product\/uv-gel-all-in-one-easy-foot-10ml\/"},"modified":"2025-11-25T14:58:45","modified_gmt":"2025-11-25T13:58:45","slug":"uv-gel-all-in-one-easy-foot-10ml","status":"publish","type":"product","link":"https:\/\/sundar.be\/fr\/produit\/uv-gel-all-in-one-easy-foot-10ml\/","title":{"rendered":"LCN UV-Gel All-in-One Easy Foot, 10ml"},"content":{"rendered":"<p>La gel de construction monophase All in One en flacon avec pinceau int\u00e9gr\u00e9 convient \u00e0 tous les types d\u2019ongles des pieds.<br \/>\nIl combine des propri\u00e9t\u00e9s adh\u00e9rentes, constructrices et scellantes en un seul gel UV.<br \/>\nVous pouvez embellir les ongles de pieds sains avec le \u00ab\u00a0UV Gel All-in-One Easy Foot\u00a0\u00bb. Le modelage avec l&rsquo;UV Gel All-in-One Easy Foot peut \u00eatre termin\u00e9 avec n&rsquo;importe quelle couche de finition, en fonction de la couleur souhait\u00e9e.<\/p>\n","protected":false},"excerpt":{"rendered":"<p>Gel 3 en 1 pour les pieds<\/p>\n","protected":false},"featured_media":37287,"comment_status":"open","ping_status":"closed","template":"","meta":{"_acf_changed":false},"product_brand":[],"product_cat":[4950,6211,6214,4936,4949,4755,1427,6219],"product_tag":[2715],"class_list":{"0":"post-37288","1":"product","2":"type-product","3":"status-publish","4":"has-post-thumbnail","6":"product_cat-lcn-ongles-artificiels-gels-uv-basic","7":"product_cat-lcn-ongles-artificielles-gels-uv-basic-gels-uv-pieds","8":"product_cat-lcn-ongles-artificielles-highlights","9":"product_cat-lcn-fr","10":"product_cat-lcn-ongles-artificiels","11":"product_cat-pedicure","12":"product_cat-lcn-soin-de-pieds","13":"product_cat-lcn-ongles-artificielles-systemes-easy-gel","14":"product_tag-lcn-fr","16":"first","17":"instock","18":"taxable","19":"shipping-taxable","20":"product-type-simple"},"acf":[],"_links":{"self":[{"href":"https:\/\/sundar.be\/fr\/wp-json\/wp\/v2\/product\/37288","targetHints":{"allow":["GET"]}}],"collection":[{"href":"https:\/\/sundar.be\/fr\/wp-json\/wp\/v2\/product"}],"about":[{"href":"https:\/\/sundar.be\/fr\/wp-json\/wp\/v2\/types\/product"}],"replies":[{"embeddable":true,"href":"https:\/\/sundar.be\/fr\/wp-json\/wp\/v2\/comments?post=37288"}],"wp:featuredmedia":[{"embeddable":true,"href":"https:\/\/sundar.be\/fr\/wp-json\/wp\/v2\/media\/37287"}],"wp:attachment":[{"href":"https:\/\/sundar.be\/fr\/wp-json\/wp\/v2\/media?parent=37288"}],"wp:term":[{"taxonomy":"product_brand","embeddable":true,"href":"https:\/\/sundar.be\/fr\/wp-json\/wp\/v2\/product_brand?post=37288"},{"taxonomy":"product_cat","embeddable":true,"href":"https:\/\/sundar.be\/fr\/wp-json\/wp\/v2\/product_cat?post=37288"},{"taxonomy":"product_tag","embeddable":true,"href":"https:\/\/sundar.be\/fr\/wp-json\/wp\/v2\/product_tag?post=37288"}],"curies":[{"name":"wp","href":"https:\/\/api.w.org\/{rel}","templated":true}]}}