{"id":37234,"date":"2024-05-21T08:09:22","date_gmt":"2024-05-21T06:09:22","guid":{"rendered":"https:\/\/sundar.be\/product\/tanning-drops-30ml\/"},"modified":"2025-12-08T08:44:58","modified_gmt":"2025-12-08T07:44:58","slug":"tanning-drops-30ml","status":"publish","type":"product","link":"https:\/\/sundar.be\/fr\/produit\/tanning-drops-30ml\/","title":{"rendered":"Monteil Tanning Drops, 30ml"},"content":{"rendered":"<p>Les <span style=\"color: #557e96;\"><strong>Tanning Drops<\/strong><\/span> sont des gouttes autobronzantes concentr\u00e9es qui permettent de cr\u00e9er facilement un h\u00e2le naturel et uniforme en les m\u00e9langeant \u00e0 votre cr\u00e8me, lotion ou s\u00e9rum pr\u00e9f\u00e9r\u00e9. La formule associe l\u2019action autobronzante du DHA et de l\u2019\u00e9rythrulose \u00e0 l\u2019hydratation de l\u2019aloe vera pour un effet ensoleill\u00e9 homog\u00e8ne, sans exposition au soleil. Gr\u00e2ce \u00e0 leur texture l\u00e9g\u00e8re, les gouttes se m\u00e9langent parfaitement \u00e0 tout soin cutan\u00e9 et laissent la peau lisse, confortable et lumineuse.  <\/p>\n","protected":false},"excerpt":{"rendered":"<p>Ces gouttes autobronzantes offrent un h\u00e2le progressif et naturel que vous pouvez intensifier \u00e0 votre guise. M\u00e9lang\u00e9es \u00e0 vos soins quotidiens, elles procurent une glow uniforme et \u00e9clatante, sans traces. <\/p>\n","protected":false},"featured_media":37231,"comment_status":"open","ping_status":"closed","template":"","meta":{"_acf_changed":false},"product_brand":[],"product_cat":[2683,2986,2703],"product_tag":[2716],"class_list":{"0":"post-37234","1":"product","2":"type-product","3":"status-publish","4":"has-post-thumbnail","6":"product_cat-monteil-fr","7":"product_cat-monteil-solutions-perfect-skin","8":"product_cat-solutions-fr","9":"product_tag-monteil-fr","11":"first","12":"instock","13":"taxable","14":"shipping-taxable","15":"product-type-simple"},"acf":[],"_links":{"self":[{"href":"https:\/\/sundar.be\/fr\/wp-json\/wp\/v2\/product\/37234","targetHints":{"allow":["GET"]}}],"collection":[{"href":"https:\/\/sundar.be\/fr\/wp-json\/wp\/v2\/product"}],"about":[{"href":"https:\/\/sundar.be\/fr\/wp-json\/wp\/v2\/types\/product"}],"replies":[{"embeddable":true,"href":"https:\/\/sundar.be\/fr\/wp-json\/wp\/v2\/comments?post=37234"}],"wp:featuredmedia":[{"embeddable":true,"href":"https:\/\/sundar.be\/fr\/wp-json\/wp\/v2\/media\/37231"}],"wp:attachment":[{"href":"https:\/\/sundar.be\/fr\/wp-json\/wp\/v2\/media?parent=37234"}],"wp:term":[{"taxonomy":"product_brand","embeddable":true,"href":"https:\/\/sundar.be\/fr\/wp-json\/wp\/v2\/product_brand?post=37234"},{"taxonomy":"product_cat","embeddable":true,"href":"https:\/\/sundar.be\/fr\/wp-json\/wp\/v2\/product_cat?post=37234"},{"taxonomy":"product_tag","embeddable":true,"href":"https:\/\/sundar.be\/fr\/wp-json\/wp\/v2\/product_tag?post=37234"}],"curies":[{"name":"wp","href":"https:\/\/api.w.org\/{rel}","templated":true}]}}