{"id":37096,"date":"2024-04-12T07:58:17","date_gmt":"2024-04-12T05:58:17","guid":{"rendered":"https:\/\/sundar.be\/product\/2-in-1-express-pedicure-100ml\/"},"modified":"2025-11-25T14:58:39","modified_gmt":"2025-11-25T13:58:39","slug":"2-in-1-express-pedicure-100ml","status":"publish","type":"product","link":"https:\/\/sundar.be\/fr\/produit\/2-in-1-express-pedicure-100ml\/","title":{"rendered":"LCN 2-in-1 Express Pedicure, 100ml"},"content":{"rendered":"<p><strong>2-in-1 Express Pedicure<\/strong> est un soin intensif pour les pieds qui exfolie et nettoie en une seule \u00e9tape, id\u00e9al pour une p\u00e9dicure rapide mais efficace. Sa formule associe des acides exfoliants, des extraits v\u00e9g\u00e9taux et des agents nettoyants afin d\u2019\u00e9liminer les cellules mortes, d\u2019affiner la texture de la peau et de laisser les pieds frais, doux et lisses. <\/p>\n","protected":false},"excerpt":{"rendered":"<p data-start=\"398\" data-end=\"624\">2-in-1 Express Pedicure \u00e9limine les cellules mortes et nettoie les pieds en profondeur sans dess\u00e9cher la peau. Les pieds sont plus lisses, plus frais et parfaitement pr\u00e9par\u00e9s \u00e0 recevoir les soins suivants. <\/p>\n","protected":false},"featured_media":37095,"comment_status":"open","ping_status":"closed","template":"","meta":{"_acf_changed":false},"product_brand":[],"product_cat":[4936,1431,4755,1427,4907],"product_tag":[2715],"class_list":{"0":"post-37096","1":"product","2":"type-product","3":"status-publish","4":"has-post-thumbnail","6":"product_cat-lcn-fr","7":"product_cat-lavage-exfoliation-soin-pour-les-pieds","8":"product_cat-pedicure","9":"product_cat-lcn-soin-de-pieds","10":"product_cat-soins","11":"product_tag-lcn-fr","13":"first","14":"instock","15":"taxable","16":"shipping-taxable","17":"product-type-simple"},"acf":[],"_links":{"self":[{"href":"https:\/\/sundar.be\/fr\/wp-json\/wp\/v2\/product\/37096","targetHints":{"allow":["GET"]}}],"collection":[{"href":"https:\/\/sundar.be\/fr\/wp-json\/wp\/v2\/product"}],"about":[{"href":"https:\/\/sundar.be\/fr\/wp-json\/wp\/v2\/types\/product"}],"replies":[{"embeddable":true,"href":"https:\/\/sundar.be\/fr\/wp-json\/wp\/v2\/comments?post=37096"}],"wp:featuredmedia":[{"embeddable":true,"href":"https:\/\/sundar.be\/fr\/wp-json\/wp\/v2\/media\/37095"}],"wp:attachment":[{"href":"https:\/\/sundar.be\/fr\/wp-json\/wp\/v2\/media?parent=37096"}],"wp:term":[{"taxonomy":"product_brand","embeddable":true,"href":"https:\/\/sundar.be\/fr\/wp-json\/wp\/v2\/product_brand?post=37096"},{"taxonomy":"product_cat","embeddable":true,"href":"https:\/\/sundar.be\/fr\/wp-json\/wp\/v2\/product_cat?post=37096"},{"taxonomy":"product_tag","embeddable":true,"href":"https:\/\/sundar.be\/fr\/wp-json\/wp\/v2\/product_tag?post=37096"}],"curies":[{"name":"wp","href":"https:\/\/api.w.org\/{rel}","templated":true}]}}