{"id":36968,"date":"2024-04-01T08:00:16","date_gmt":"2024-04-01T06:00:16","guid":{"rendered":"https:\/\/sundar.be\/product\/easy-gel-tip-glue\/"},"modified":"2025-11-25T15:02:34","modified_gmt":"2025-11-25T14:02:34","slug":"easy-gel-tip-glue","status":"publish","type":"product","link":"https:\/\/sundar.be\/fr\/produit\/easy-gel-tip-glue\/","title":{"rendered":"LCN Easy Gel Tip Glue"},"content":{"rendered":"<p>Colle \u00e0 utiliser en combinaison avec les Easy Gel Tips.<\/p>\n<ul>\n<li>Propri\u00e9t\u00e9s : Base cyanoacrylate<\/li>\n<li>Effet : se fixe en quelques secondes<\/li>\n<li>Caract\u00e9ristiques particuli\u00e8res : Facile \u00e0 appliquer \u00e0 l&rsquo;aide du pinceau situ\u00e9 dans le bouchon, consistance de viscosit\u00e9 moyenne<\/li>\n<\/ul>\n","protected":false},"excerpt":{"rendered":"<p>Colle \u00e0 utiliser en combinaison avec les Easy Gel Tips. Propri\u00e9t\u00e9s : Base cyanoacrylate Effet : se fixe en quelques secondes Caract\u00e9ristiques particuli\u00e8res : Facile \u00e0 appliquer \u00e0 l&rsquo;aide du pinceau situ\u00e9 dans le bouchon, consistance de viscosit\u00e9 moyenne<\/p>\n","protected":false},"featured_media":36967,"comment_status":"open","ping_status":"closed","template":"","meta":{"_acf_changed":false},"product_brand":[],"product_cat":[5012,5670,1538,6214,4936,1532,4949,4761,6219],"product_tag":[2715],"class_list":{"0":"post-36968","1":"product","2":"type-product","3":"status-publish","4":"has-post-thumbnail","6":"product_cat-manucure-chablons","7":"product_cat-colle","8":"product_cat-colle-tips-formes-fr","9":"product_cat-lcn-ongles-artificielles-highlights","10":"product_cat-lcn-fr","11":"product_cat-materiels","12":"product_cat-lcn-ongles-artificiels","13":"product_cat-pose-ongles","14":"product_cat-lcn-ongles-artificielles-systemes-easy-gel","15":"product_tag-lcn-fr","17":"first","18":"instock","19":"taxable","20":"shipping-taxable","21":"product-type-simple"},"acf":[],"_links":{"self":[{"href":"https:\/\/sundar.be\/fr\/wp-json\/wp\/v2\/product\/36968","targetHints":{"allow":["GET"]}}],"collection":[{"href":"https:\/\/sundar.be\/fr\/wp-json\/wp\/v2\/product"}],"about":[{"href":"https:\/\/sundar.be\/fr\/wp-json\/wp\/v2\/types\/product"}],"replies":[{"embeddable":true,"href":"https:\/\/sundar.be\/fr\/wp-json\/wp\/v2\/comments?post=36968"}],"wp:featuredmedia":[{"embeddable":true,"href":"https:\/\/sundar.be\/fr\/wp-json\/wp\/v2\/media\/36967"}],"wp:attachment":[{"href":"https:\/\/sundar.be\/fr\/wp-json\/wp\/v2\/media?parent=36968"}],"wp:term":[{"taxonomy":"product_brand","embeddable":true,"href":"https:\/\/sundar.be\/fr\/wp-json\/wp\/v2\/product_brand?post=36968"},{"taxonomy":"product_cat","embeddable":true,"href":"https:\/\/sundar.be\/fr\/wp-json\/wp\/v2\/product_cat?post=36968"},{"taxonomy":"product_tag","embeddable":true,"href":"https:\/\/sundar.be\/fr\/wp-json\/wp\/v2\/product_tag?post=36968"}],"curies":[{"name":"wp","href":"https:\/\/api.w.org\/{rel}","templated":true}]}}