{"id":36951,"date":"2024-04-01T08:00:48","date_gmt":"2024-04-01T06:00:48","guid":{"rendered":"https:\/\/sundar.be\/product\/easy-gel-10ml\/"},"modified":"2025-11-25T14:58:36","modified_gmt":"2025-11-25T13:58:36","slug":"easy-gel-10ml","status":"publish","type":"product","link":"https:\/\/sundar.be\/fr\/produit\/easy-gel-10ml\/","title":{"rendered":"LCN Easy Gel, 10ml"},"content":{"rendered":"<p>Le LCN Easy Gel est un gel de poche imbibable dans une bouteille qui permet de coller, de raffermir et de sceller en un seul produit ! Il contient du Syn Hycan et de la k\u00e9ratine et est v\u00e9g\u00e9talien et sans h\u00e9moglobine.<\/p>\n<p>Le gel constructeur est tr\u00e8s facile \u00e0 utiliser et garantit des r\u00e9sultats parfaits et naturels gr\u00e2ce \u00e0 sa texture auto-nivelante ! Il s&rsquo;utilise parfaitement avec le LCN Easy Gel Tips lorsqu&rsquo;une extension rapide est n\u00e9cessaire.<\/p>\n<p>Le LCN Easy Gel est disponible en deux versions : clear et nude.<\/p>\n<p>&nbsp;<\/p>\n","protected":false},"excerpt":{"rendered":"<p>Gel de construction en bouteille avec pinceau int\u00e9gr\u00e9.<\/p>\n","protected":false},"featured_media":37009,"comment_status":"open","ping_status":"closed","template":"","meta":{"_acf_changed":false},"product_brand":[],"product_cat":[6210,4950,6214,4936,4949,6219],"product_tag":[2715],"class_list":{"0":"post-36951","1":"product","2":"type-product","3":"status-publish","4":"has-post-thumbnail","6":"product_cat-lcn-ongles-artificielles-uv-gels-basic-gels-de-construction","7":"product_cat-lcn-ongles-artificiels-gels-uv-basic","8":"product_cat-lcn-ongles-artificielles-highlights","9":"product_cat-lcn-fr","10":"product_cat-lcn-ongles-artificiels","11":"product_cat-lcn-ongles-artificielles-systemes-easy-gel","12":"product_tag-lcn-fr","13":"pa_kleur-clear","14":"pa_kleur-nude","16":"first","17":"instock","18":"taxable","19":"shipping-taxable","20":"product-type-variable"},"acf":[],"_links":{"self":[{"href":"https:\/\/sundar.be\/fr\/wp-json\/wp\/v2\/product\/36951","targetHints":{"allow":["GET"]}}],"collection":[{"href":"https:\/\/sundar.be\/fr\/wp-json\/wp\/v2\/product"}],"about":[{"href":"https:\/\/sundar.be\/fr\/wp-json\/wp\/v2\/types\/product"}],"replies":[{"embeddable":true,"href":"https:\/\/sundar.be\/fr\/wp-json\/wp\/v2\/comments?post=36951"}],"wp:featuredmedia":[{"embeddable":true,"href":"https:\/\/sundar.be\/fr\/wp-json\/wp\/v2\/media\/37009"}],"wp:attachment":[{"href":"https:\/\/sundar.be\/fr\/wp-json\/wp\/v2\/media?parent=36951"}],"wp:term":[{"taxonomy":"product_brand","embeddable":true,"href":"https:\/\/sundar.be\/fr\/wp-json\/wp\/v2\/product_brand?post=36951"},{"taxonomy":"product_cat","embeddable":true,"href":"https:\/\/sundar.be\/fr\/wp-json\/wp\/v2\/product_cat?post=36951"},{"taxonomy":"product_tag","embeddable":true,"href":"https:\/\/sundar.be\/fr\/wp-json\/wp\/v2\/product_tag?post=36951"}],"curies":[{"name":"wp","href":"https:\/\/api.w.org\/{rel}","templated":true}]}}