{"id":35042,"date":"2024-01-25T20:30:59","date_gmt":"2024-01-25T19:30:59","guid":{"rendered":"https:\/\/sundar.be\/product\/uv-gel-polish-shellac-10ml\/"},"modified":"2025-11-25T15:02:27","modified_gmt":"2025-11-25T14:02:27","slug":"uv-gel-polish-shellac-10ml","status":"publish","type":"product","link":"https:\/\/sundar.be\/fr\/produit\/uv-gel-polish-shellac-10ml\/","title":{"rendered":"LCN UV Gel Polish (Shellac), 10ml"},"content":{"rendered":"<p>UN SYST\u00c8ME DE VERNIS UV-GEL SIMPLE ET PARFAIT AUX R\u00c9SULTATS SENSATIONNELS !<\/p>\n<p>Le syst\u00e8me de vernis en gel UV LCN v\u00e9g\u00e9talien est tr\u00e8s facile \u00e0 appliquer et offre une couleur de vernis r\u00e9sistante aux rayures et ultra-brillante pendant 3 semaines. La texture gel nivelant garantit des r\u00e9sultats parfaits. Disponible en 40 couleurs intenses et brillantes, il peut \u00eatre retir\u00e9 en douceur.<\/p>\n","protected":false},"excerpt":{"rendered":"<p>Notre r\u00e9ponse \u00e0 Shellac !<\/p>\n<p>&nbsp;<\/p>\n","protected":false},"featured_media":34854,"comment_status":"open","ping_status":"closed","template":"","meta":{"_acf_changed":false},"product_brand":[],"product_cat":[4936,4952,4953],"product_tag":[2715],"class_list":{"0":"post-35042","1":"product","2":"type-product","3":"status-publish","4":"has-post-thumbnail","6":"product_cat-lcn-fr","7":"product_cat-lcn-systemes-de-couleur","8":"product_cat-lcn-systemes-de-couleur-uv-gel-polish","9":"product_tag-lcn-fr","10":"pa_kleur-1-prima-ballerina","11":"pa_kleur-10-ruby-red","12":"pa_kleur-11-dark-cherry","13":"pa_kleur-12-coral-sunset","14":"pa_kleur-13-classic-red","15":"pa_kleur-14-velvet-cake","16":"pa_kleur-15-nude-rose","17":"pa_kleur-16-nude-shimmer","18":"pa_kleur-17-taupe-violet","19":"pa_kleur-18-sunkissed-red","20":"pa_kleur-19-marsala-red","21":"pa_kleur-2-sparkling-nude","22":"pa_kleur-20-baby-blue","23":"pa_kleur-21-red-kiss","24":"pa_kleur-22-rouge-noir","25":"pa_kleur-23-safari-mauve","26":"pa_kleur-24-valentine-red","27":"pa_kleur-25-poppy-red","28":"pa_kleur-26-taupe-elegance","29":"pa_kleur-27-crystal-rose","30":"pa_kleur-28-silver-disco","31":"pa_kleur-29-zen-mauve","32":"pa_kleur-3-sheer-elegance","33":"pa_kleur-30-dusty-grey","34":"pa_kleur-31-glimmer-rose","35":"pa_kleur-32-glimmer-lilac","36":"pa_kleur-33-firework-pink","37":"pa_kleur-34-juicy-plum","38":"pa_kleur-35-coral-reef","39":"pa_kleur-36-dragon-fruit-pink","40":"pa_kleur-37-bubblegum-pink","41":"pa_kleur-38-glimmer-violet","42":"pa_kleur-39-berry-red","43":"pa_kleur-4-pretty-bride","44":"pa_kleur-40-pop-art-pink","45":"pa_kleur-5-jet-black","46":"pa_kleur-6-candy-pink","47":"pa_kleur-7-soft-purple","48":"pa_kleur-8-gold-disco","49":"pa_kleur-851-one-world","50":"pa_kleur-852-one-planet","51":"pa_kleur-853-one-goal","52":"pa_kleur-854-one-love","53":"pa_kleur-855-one-family","54":"pa_kleur-856-one-future","55":"pa_kleur-857-rouge-rush","56":"pa_kleur-858-wild-cherry","57":"pa_kleur-859-rouge","58":"pa_kleur-860-lamor","59":"pa_kleur-861-cheri","60":"pa_kleur-862-coeur","61":"pa_kleur-9-camel-beige","63":"first","64":"instock","65":"taxable","66":"shipping-taxable","67":"product-type-variable"},"acf":[],"_links":{"self":[{"href":"https:\/\/sundar.be\/fr\/wp-json\/wp\/v2\/product\/35042","targetHints":{"allow":["GET"]}}],"collection":[{"href":"https:\/\/sundar.be\/fr\/wp-json\/wp\/v2\/product"}],"about":[{"href":"https:\/\/sundar.be\/fr\/wp-json\/wp\/v2\/types\/product"}],"replies":[{"embeddable":true,"href":"https:\/\/sundar.be\/fr\/wp-json\/wp\/v2\/comments?post=35042"}],"wp:featuredmedia":[{"embeddable":true,"href":"https:\/\/sundar.be\/fr\/wp-json\/wp\/v2\/media\/34854"}],"wp:attachment":[{"href":"https:\/\/sundar.be\/fr\/wp-json\/wp\/v2\/media?parent=35042"}],"wp:term":[{"taxonomy":"product_brand","embeddable":true,"href":"https:\/\/sundar.be\/fr\/wp-json\/wp\/v2\/product_brand?post=35042"},{"taxonomy":"product_cat","embeddable":true,"href":"https:\/\/sundar.be\/fr\/wp-json\/wp\/v2\/product_cat?post=35042"},{"taxonomy":"product_tag","embeddable":true,"href":"https:\/\/sundar.be\/fr\/wp-json\/wp\/v2\/product_tag?post=35042"}],"curies":[{"name":"wp","href":"https:\/\/api.w.org\/{rel}","templated":true}]}}