{"id":35038,"date":"2024-01-25T20:35:07","date_gmt":"2024-01-25T19:35:07","guid":{"rendered":"https:\/\/sundar.be\/product\/uv-gel-polish-top-coat-10-ml\/"},"modified":"2025-11-25T15:03:28","modified_gmt":"2025-11-25T14:03:28","slug":"uv-gel-polish-top-coat-10-ml","status":"publish","type":"product","link":"https:\/\/sundar.be\/fr\/produit\/uv-gel-polish-top-coat-10-ml\/","title":{"rendered":"LCN UV Gel Polish Top Coat, 10 ml"},"content":{"rendered":"<p>Le Top Coat UV Gel Polish rend votre gel polish extr\u00eamement durable ! Le vernis de finition r\u00e9sistant aux rayures garantit une brillance durable des ongles.<\/p>\n<p>La texture du gel durcissant \u00e0 la lumi\u00e8re UV offre une finition parfaite \u00e0 la laque de couleur avec UV Gel Polish !<\/p>\n<p>&nbsp;<\/p>\n","protected":false},"excerpt":{"rendered":"<p>Top Coat sans TPO pour le syst\u00e8me de vernis UV Gel Polish (shellac). <strong>Avec couche de dispersion.<\/strong><\/p>\n","protected":false},"featured_media":34880,"comment_status":"open","ping_status":"closed","template":"","meta":{"_acf_changed":false},"product_brand":[],"product_cat":[4936,4952,4953],"product_tag":[2715],"class_list":{"0":"post-35038","1":"product","2":"type-product","3":"status-publish","4":"has-post-thumbnail","6":"product_cat-lcn-fr","7":"product_cat-lcn-systemes-de-couleur","8":"product_cat-lcn-systemes-de-couleur-uv-gel-polish","9":"product_tag-lcn-fr","11":"first","12":"instock","13":"taxable","14":"shipping-taxable","15":"product-type-simple"},"acf":[],"_links":{"self":[{"href":"https:\/\/sundar.be\/fr\/wp-json\/wp\/v2\/product\/35038","targetHints":{"allow":["GET"]}}],"collection":[{"href":"https:\/\/sundar.be\/fr\/wp-json\/wp\/v2\/product"}],"about":[{"href":"https:\/\/sundar.be\/fr\/wp-json\/wp\/v2\/types\/product"}],"replies":[{"embeddable":true,"href":"https:\/\/sundar.be\/fr\/wp-json\/wp\/v2\/comments?post=35038"}],"wp:featuredmedia":[{"embeddable":true,"href":"https:\/\/sundar.be\/fr\/wp-json\/wp\/v2\/media\/34880"}],"wp:attachment":[{"href":"https:\/\/sundar.be\/fr\/wp-json\/wp\/v2\/media?parent=35038"}],"wp:term":[{"taxonomy":"product_brand","embeddable":true,"href":"https:\/\/sundar.be\/fr\/wp-json\/wp\/v2\/product_brand?post=35038"},{"taxonomy":"product_cat","embeddable":true,"href":"https:\/\/sundar.be\/fr\/wp-json\/wp\/v2\/product_cat?post=35038"},{"taxonomy":"product_tag","embeddable":true,"href":"https:\/\/sundar.be\/fr\/wp-json\/wp\/v2\/product_tag?post=35038"}],"curies":[{"name":"wp","href":"https:\/\/api.w.org\/{rel}","templated":true}]}}