{"id":35035,"date":"2024-02-08T17:54:00","date_gmt":"2024-02-19T12:38:21","guid":{"rendered":"https:\/\/sundar.be\/product\/paraffine-2x500ml\/"},"modified":"2025-03-13T19:17:58","modified_gmt":"2025-03-13T18:17:58","slug":"paraffine-2x500ml","status":"publish","type":"product","link":"https:\/\/sundar.be\/fr\/produit\/paraffine-2x500ml\/","title":{"rendered":"Paraffine Lavendel, 1 kg"},"content":{"rendered":"<p>Cette paraffine est formul\u00e9e avec les ingr\u00e9dients les plus exclusifs. Cette paraffine a un agr\u00e9able parfum de lavande. Pour chauffer la paraffine, il est pr\u00e9f\u00e9rable d&rsquo;utiliser un bain de paraffine appropri\u00e9.  <\/p>\n","protected":false},"excerpt":{"rendered":"<p>Blocs de paraffine \u00e0 faire fondre dans un bain de paraffine.<\/p>\n","protected":false},"featured_media":42553,"comment_status":"open","ping_status":"closed","template":"","meta":{"_acf_changed":false},"product_brand":[],"product_cat":[4936,4755,4761,1427,2772,4907,1443],"product_tag":[2715],"class_list":{"0":"post-35035","1":"product","2":"type-product","3":"status-publish","4":"has-post-thumbnail","6":"product_cat-lcn-fr","7":"product_cat-pedicure","8":"product_cat-pose-ongles","9":"product_cat-lcn-soin-de-pieds","10":"product_cat-manucure-soin-mains","11":"product_cat-soins","12":"product_cat-traitement-paraffine","13":"product_tag-lcn-fr","15":"first","16":"instock","17":"taxable","18":"shipping-taxable","19":"product-type-simple"},"acf":[],"_links":{"self":[{"href":"https:\/\/sundar.be\/fr\/wp-json\/wp\/v2\/product\/35035","targetHints":{"allow":["GET"]}}],"collection":[{"href":"https:\/\/sundar.be\/fr\/wp-json\/wp\/v2\/product"}],"about":[{"href":"https:\/\/sundar.be\/fr\/wp-json\/wp\/v2\/types\/product"}],"replies":[{"embeddable":true,"href":"https:\/\/sundar.be\/fr\/wp-json\/wp\/v2\/comments?post=35035"}],"wp:featuredmedia":[{"embeddable":true,"href":"https:\/\/sundar.be\/fr\/wp-json\/wp\/v2\/media\/42553"}],"wp:attachment":[{"href":"https:\/\/sundar.be\/fr\/wp-json\/wp\/v2\/media?parent=35035"}],"wp:term":[{"taxonomy":"product_brand","embeddable":true,"href":"https:\/\/sundar.be\/fr\/wp-json\/wp\/v2\/product_brand?post=35035"},{"taxonomy":"product_cat","embeddable":true,"href":"https:\/\/sundar.be\/fr\/wp-json\/wp\/v2\/product_cat?post=35035"},{"taxonomy":"product_tag","embeddable":true,"href":"https:\/\/sundar.be\/fr\/wp-json\/wp\/v2\/product_tag?post=35035"}],"curies":[{"name":"wp","href":"https:\/\/api.w.org\/{rel}","templated":true}]}}