{"id":35020,"date":"2024-02-19T12:17:43","date_gmt":"2024-02-19T11:17:43","guid":{"rendered":"https:\/\/sundar.be\/product\/profi-file-gris-thin-6-pieces\/"},"modified":"2025-11-25T15:02:21","modified_gmt":"2025-11-25T14:02:21","slug":"profi-file-gris-thin-6-pieces","status":"publish","type":"product","link":"https:\/\/sundar.be\/fr\/produit\/profi-file-gris-thin-6-pieces\/","title":{"rendered":"LCN Profi Lime Gris Dun 100\/100 (6 pi\u00e8ces)"},"content":{"rendered":"<p>Lime professionnelle pour retirer et tailler rapidement les mat\u00e9riaux de modelage tels que le gel ou l&rsquo;acrylique. Confort de limage maximal gr\u00e2ce \u00e0 la surface r\u00e9sistante \u00e0 l&rsquo;usure.<\/p>\n<p>Grain : 100\/100<\/p>\n","protected":false},"excerpt":{"rendered":"<p>Lime professionnelle pour retirer et tailler rapidement les mat\u00e9riaux de modelage tels que le gel ou l&rsquo;acrylique. Confort de limage maximal gr\u00e2ce \u00e0 la surface r\u00e9sistante \u00e0 l&rsquo;usure. Grain : 100\/100<\/p>\n","protected":false},"featured_media":35019,"comment_status":"open","ping_status":"closed","template":"","meta":{"_acf_changed":false},"product_brand":[],"product_cat":[4936,1535,5629,5632,1532,4949,4761],"product_tag":[2715],"class_list":{"0":"post-35020","1":"product","2":"type-product","3":"status-publish","4":"has-post-thumbnail","6":"product_cat-lcn-fr","7":"product_cat-limes-fr","8":"product_cat-manucure-limes","9":"product_cat-limes-droites","10":"product_cat-materiels","11":"product_cat-lcn-ongles-artificiels","12":"product_cat-pose-ongles","13":"product_tag-lcn-fr","15":"first","16":"instock","17":"taxable","18":"shipping-taxable","19":"product-type-simple"},"acf":[],"_links":{"self":[{"href":"https:\/\/sundar.be\/fr\/wp-json\/wp\/v2\/product\/35020","targetHints":{"allow":["GET"]}}],"collection":[{"href":"https:\/\/sundar.be\/fr\/wp-json\/wp\/v2\/product"}],"about":[{"href":"https:\/\/sundar.be\/fr\/wp-json\/wp\/v2\/types\/product"}],"replies":[{"embeddable":true,"href":"https:\/\/sundar.be\/fr\/wp-json\/wp\/v2\/comments?post=35020"}],"wp:featuredmedia":[{"embeddable":true,"href":"https:\/\/sundar.be\/fr\/wp-json\/wp\/v2\/media\/35019"}],"wp:attachment":[{"href":"https:\/\/sundar.be\/fr\/wp-json\/wp\/v2\/media?parent=35020"}],"wp:term":[{"taxonomy":"product_brand","embeddable":true,"href":"https:\/\/sundar.be\/fr\/wp-json\/wp\/v2\/product_brand?post=35020"},{"taxonomy":"product_cat","embeddable":true,"href":"https:\/\/sundar.be\/fr\/wp-json\/wp\/v2\/product_cat?post=35020"},{"taxonomy":"product_tag","embeddable":true,"href":"https:\/\/sundar.be\/fr\/wp-json\/wp\/v2\/product_tag?post=35020"}],"curies":[{"name":"wp","href":"https:\/\/api.w.org\/{rel}","templated":true}]}}