{"id":34440,"date":"2024-01-12T14:34:47","date_gmt":"2024-01-12T13:34:47","guid":{"rendered":"https:\/\/sundar.be\/product\/display-urea\/"},"modified":"2025-11-25T15:03:31","modified_gmt":"2025-11-25T14:03:31","slug":"display-urea","status":"publish","type":"product","link":"https:\/\/sundar.be\/fr\/produit\/display-urea\/","title":{"rendered":"LCN Display \u00ab\u00a0Urea\u00a0\u00bb"},"content":{"rendered":"<p>Avec ce pr\u00e9sentoir, vous pouvez attirer l&rsquo;attention sur la ligne de soins des pieds de votre salon.<\/p>\n<p>La ligne de soins pour les pieds \u00e0 base d&rsquo;ur\u00e9e, tr\u00e8s efficace, r\u00e9duit la calcification gr\u00e2ce \u00e0 ses propri\u00e9t\u00e9s de fixation de l&rsquo;humidit\u00e9, les cellules cutan\u00e9es sont renouvel\u00e9es et la fonction protectrice naturelle de la peau est r\u00e9\u00e9quilibr\u00e9e.<\/p>\n<p>L&rsquo;\u00e9cran est disponible \u00e0 la fois rempli et vide.<\/p>\n<p><strong>Contenu pr\u00e9sentoir rempli:<\/strong><\/p>\n<ul>\n<li>6x + testeur<strong><a href=\"https:\/\/sundar.be\/fr\/produit\/urea-10-foot-cream\/\"> Urea 10% Foot Cream<\/a><\/strong> <\/li>\n<li>6x + testeur <strong><a href=\"https:\/\/sundar.be\/fr\/produit\/urea-10-foot-mask\/\">Urea 10% Foot Mask<\/a><\/strong><\/li>\n<li>6x + testeur <strong><a href=\"https:\/\/sundar.be\/fr\/produit\/urea-foot-balm-25\/\">Urea 25% Foot Balm<\/a><\/strong><\/li>\n<li>6x + testeur <strong><a href=\"https:\/\/sundar.be\/fr\/produit\/urea-40-chapped-skin-balm\/\">Urea 40% Chapped Skin Balm<\/a><\/strong><\/li>\n<li><strong>Pr\u00e9sentoir gratuit<\/strong><\/li>\n<\/ul>\n","protected":false},"excerpt":{"rendered":"<p>Urea Display<\/p>\n","protected":false},"featured_media":37436,"comment_status":"open","ping_status":"closed","template":"","meta":{"_acf_changed":false},"product_brand":[],"product_cat":[4998,4936,5001,4755,5002,1427,1438,4996],"product_tag":[2715],"class_list":{"0":"post-34440","1":"product","2":"type-product","3":"status-publish","4":"has-post-thumbnail","6":"product_cat-cremes-lotions-pieds","7":"product_cat-lcn-fr","8":"product_cat-outils-pedicure","9":"product_cat-pedicure","10":"product_cat-ramollisseurs-callosites","11":"product_cat-lcn-soin-de-pieds","12":"product_cat-soins-des-pieds-urea","13":"product_cat-soins-quotidiens-des-pieds","14":"product_tag-lcn-fr","15":"pa_inhoud-affichage-vide","16":"pa_inhoud-presentoir-rempli","18":"first","19":"instock","20":"taxable","21":"shipping-taxable","22":"product-type-simple"},"acf":[],"_links":{"self":[{"href":"https:\/\/sundar.be\/fr\/wp-json\/wp\/v2\/product\/34440","targetHints":{"allow":["GET"]}}],"collection":[{"href":"https:\/\/sundar.be\/fr\/wp-json\/wp\/v2\/product"}],"about":[{"href":"https:\/\/sundar.be\/fr\/wp-json\/wp\/v2\/types\/product"}],"replies":[{"embeddable":true,"href":"https:\/\/sundar.be\/fr\/wp-json\/wp\/v2\/comments?post=34440"}],"wp:featuredmedia":[{"embeddable":true,"href":"https:\/\/sundar.be\/fr\/wp-json\/wp\/v2\/media\/37436"}],"wp:attachment":[{"href":"https:\/\/sundar.be\/fr\/wp-json\/wp\/v2\/media?parent=34440"}],"wp:term":[{"taxonomy":"product_brand","embeddable":true,"href":"https:\/\/sundar.be\/fr\/wp-json\/wp\/v2\/product_brand?post=34440"},{"taxonomy":"product_cat","embeddable":true,"href":"https:\/\/sundar.be\/fr\/wp-json\/wp\/v2\/product_cat?post=34440"},{"taxonomy":"product_tag","embeddable":true,"href":"https:\/\/sundar.be\/fr\/wp-json\/wp\/v2\/product_tag?post=34440"}],"curies":[{"name":"wp","href":"https:\/\/api.w.org\/{rel}","templated":true}]}}