{"id":34330,"date":"2024-01-08T16:02:24","date_gmt":"2024-01-08T15:02:24","guid":{"rendered":"https:\/\/sundar.be\/product\/elixir-metamorphose-vitamine-c\/"},"modified":"2025-12-08T08:53:56","modified_gmt":"2025-12-08T07:53:56","slug":"elixir-metamorphose-vitamine-c","status":"publish","type":"product","link":"https:\/\/sundar.be\/fr\/produit\/elixir-metamorphose-vitamine-c\/","title":{"rendered":"Monteil Elixir M\u00e9tamorphose Vitamin C Serum"},"content":{"rendered":"<p>Le <span style=\"color: #557e96;\"><strong>Elixir M\u00e9tamorphose Vitamin C Serum<\/strong><\/span> est une formule puissante qui illumine, prot\u00e8ge et hydrate la peau. Avec une concentration \u00e9lev\u00e9e en <strong>Sodium Ascorbyl Phosphate (une forme stable de vitamine C)<\/strong> et en <strong>Cocoyl Proline<\/strong>, un d\u00e9riv\u00e9 d\u2019acide amin\u00e9 renfor\u00e7ant la peau, ce s\u00e9rum offre un soin en profondeur. Il aide \u00e0 r\u00e9duire les taches pigmentaires, am\u00e9liore la texture de la peau et apporte un teint \u00e9clatant. Ce s\u00e9rum poss\u00e8de une texture l\u00e9g\u00e8re et \u00e0 absorption rapide, adapt\u00e9e \u00e0 une utilisation quotidienne.<\/p>\n<h2>&lsquo;Quel est l&rsquo;effet r\u00e9el d&rsquo;un s\u00e9rum \u00e0 la vitamine C ?<\/h2>\n<p>La vitamine C est un ingr\u00e9dient actif populaire et souvent utilis\u00e9 dans les produits de soins de la peau. En tant qu&rsquo;antioxydant, il prot\u00e8ge les cellules des influences n\u00e9fastes. La vitamine C pour la peau peut aussi :<\/p>\n<ul>\n<li>Att\u00e9nuer les signes d&rsquo;hyperpigmentation<\/li>\n<li>Favoriser la synth\u00e8se du collag\u00e8ne<\/li>\n<li>Am\u00e9liorer la densit\u00e9 des papilles dans la peau (Les papilles sont situ\u00e9es dans les couches profondes de la peau, le derme. Elles jouent un r\u00f4le important dans l&rsquo;apport de nutriments et d&rsquo;oxyg\u00e8ne \u00e0 la peau. Par cons\u00e9quent, plus la densit\u00e9 des papilles est \u00e9lev\u00e9e, plus l&rsquo;effet sur la peau est important).<\/li>\n<li>La vitamine C contribue ainsi \u00e0 affiner le teint et \u00e0 lui donner un aspect frais et \u00e9clatant.<\/li>\n<\/ul>\n<h2>Remarque importante<\/h2>\n<p>De nombreux produits contiennent de l&rsquo;acide L-ascorbique. Cette forme de vitamine C n&rsquo;est pas tr\u00e8s stable et dans une formule cosm\u00e9tique, elle s&rsquo;oxyde et perd son efficacit\u00e9 jusqu&rsquo;\u00e0 100% en quelques jours. Par cons\u00e9quent, la concentration en elle-m\u00eame n&rsquo;a pas de sens. Elle d\u00e9pend de la<br \/>\nla composition de la texture<\/p>\n<p>C&rsquo;est pourquoi nous utilisons du phosphate ascorbique de sodium, un d\u00e9riv\u00e9 stable de la vitamine C (2 %). Le phosphate ascorbique de sodium est un <span style=\"color: #557e96;\"><strong>d\u00e9riv\u00e9 stable de la vitamine C <\/strong><\/span>qui pr\u00e9sente de nombreux avantages pour les soins de la peau. Lorsqu&rsquo;il traverse la couche sup\u00e9rieure de la peau (Stratum Corneum), il est m\u00e9tabolis\u00e9 en acide ascorbique (vitamine C) par la phosphatase pr\u00e9sente dans la peau, qui peut p\u00e9n\u00e9trer plus profond\u00e9ment dans la peau.<\/p>\n","protected":false},"excerpt":{"rendered":"<p><span class=\"OYPEnA text-decoration-none text-strikethrough-none\">Le <span style=\"color: #557e96;\"><strong>Elixir M\u00e9tamorphose Vitamin C Serum<\/strong><\/span> est la solution id\u00e9ale pour une peau \u00e9clatante et en pleine sant\u00e9. Avec une combinaison puissante de vitamine C et d\u2019ingr\u00e9dients hydratants, ce s\u00e9rum offre protection, nutrition et \u00e9clat. Parfait pour une utilisation quotidienne et un \u00e9l\u00e9ment essentiel de toute routine de soins de la peau.<\/span><\/p>\n","protected":false},"featured_media":46490,"comment_status":"open","ping_status":"closed","template":"","meta":{"_acf_changed":false},"product_brand":[],"product_cat":[2701,2683],"product_tag":[2716],"class_list":{"0":"post-34330","1":"product","2":"type-product","3":"status-publish","4":"has-post-thumbnail","6":"product_cat-elixir-metamorphose-fr","7":"product_cat-monteil-fr","8":"product_tag-monteil-fr","9":"pa_inhoud-testeur-3ml","10":"pa_inhoud-testeur-non-a-la-vente-30ml","11":"pa_inhoud-vente-30ml","13":"first","14":"instock","15":"taxable","16":"shipping-taxable","17":"product-type-variable"},"acf":[],"_links":{"self":[{"href":"https:\/\/sundar.be\/fr\/wp-json\/wp\/v2\/product\/34330","targetHints":{"allow":["GET"]}}],"collection":[{"href":"https:\/\/sundar.be\/fr\/wp-json\/wp\/v2\/product"}],"about":[{"href":"https:\/\/sundar.be\/fr\/wp-json\/wp\/v2\/types\/product"}],"replies":[{"embeddable":true,"href":"https:\/\/sundar.be\/fr\/wp-json\/wp\/v2\/comments?post=34330"}],"wp:featuredmedia":[{"embeddable":true,"href":"https:\/\/sundar.be\/fr\/wp-json\/wp\/v2\/media\/46490"}],"wp:attachment":[{"href":"https:\/\/sundar.be\/fr\/wp-json\/wp\/v2\/media?parent=34330"}],"wp:term":[{"taxonomy":"product_brand","embeddable":true,"href":"https:\/\/sundar.be\/fr\/wp-json\/wp\/v2\/product_brand?post=34330"},{"taxonomy":"product_cat","embeddable":true,"href":"https:\/\/sundar.be\/fr\/wp-json\/wp\/v2\/product_cat?post=34330"},{"taxonomy":"product_tag","embeddable":true,"href":"https:\/\/sundar.be\/fr\/wp-json\/wp\/v2\/product_tag?post=34330"}],"curies":[{"name":"wp","href":"https:\/\/api.w.org\/{rel}","templated":true}]}}