{"id":34133,"date":"2024-01-12T12:54:41","date_gmt":"2024-01-12T11:54:41","guid":{"rendered":"https:\/\/sundar.be\/?post_type=product&#038;p=34133"},"modified":"2025-12-18T08:17:42","modified_gmt":"2025-12-18T07:17:42","slug":"2in1-express-manicure-clean-peel","status":"publish","type":"product","link":"https:\/\/sundar.be\/fr\/produit\/2in1-express-manicure-clean-peel\/","title":{"rendered":"LCN 2in1 Express Manicure \u2013 Clean &amp; Peel"},"content":{"rendered":"<p><span style=\"color: #557e96;\"><strong>2in1 Express Manicure \u2013 Clean &amp; Peel<\/strong><\/span> est une cr\u00e8me pour les mains exfoliante innovante qui exfolie et nourrit en m\u00eame temps, pour des mains soyeuses et liss\u00e9es en un seul geste. La cr\u00e8me \u00e9limine les cellules mortes gr\u00e2ce \u00e0 des exfoliants naturels et nourrit la peau avec des huiles v\u00e9g\u00e9tales, laissant les mains imm\u00e9diatement douces, lumineuses et souples. <\/p>\n<p>Id\u00e9al en combinaison avec le <span style=\"color: #557e96;\"><strong><a style=\"color: #557e96;\" href=\"https:\/\/sundar.be\/product\/26652\/\">Peach Cuti Scrub<\/a><\/strong><\/span><\/p>\n","protected":false},"excerpt":{"rendered":"<p data-start=\"392\" data-end=\"663\">Cette cr\u00e8me pour les mains exfoliante renouvelle instantan\u00e9ment la peau gr\u00e2ce \u00e0 une exfoliation naturelle et douce combin\u00e9e \u00e0 un soin intensif. Le r\u00e9sultat : une peau ultra-douce, liss\u00e9e et \u00e9clatante, sans \u00e9tapes suppl\u00e9mentaires ni temps d\u2019attente. <\/p>\n<p data-start=\"665\" data-end=\"923\">\n","protected":false},"featured_media":58598,"comment_status":"open","ping_status":"closed","template":"","meta":{"_acf_changed":false},"product_brand":[],"product_cat":[4969,1442,6229,4936,6230,4761,1440,2772,4907],"product_tag":[2715],"class_list":{"0":"post-34133","1":"product","2":"type-product","3":"status-publish","4":"has-post-thumbnail","6":"product_cat-cremes-lotions-mains","7":"product_cat-cremes-pour-les-mains","8":"product_cat-lcn-soins-highlights","9":"product_cat-lcn-fr","10":"product_cat-lcn-soins-highlights-perfect-manicure","11":"product_cat-pose-ongles","12":"product_cat-lcn-soin-de-mains","13":"product_cat-manucure-soin-mains","14":"product_cat-soins","15":"product_tag-lcn-fr","16":"pa_inhoud-300-ml-fr","17":"pa_inhoud-50-ml-fr","19":"first","20":"instock","21":"taxable","22":"shipping-taxable","23":"product-type-variable"},"acf":[],"_links":{"self":[{"href":"https:\/\/sundar.be\/fr\/wp-json\/wp\/v2\/product\/34133","targetHints":{"allow":["GET"]}}],"collection":[{"href":"https:\/\/sundar.be\/fr\/wp-json\/wp\/v2\/product"}],"about":[{"href":"https:\/\/sundar.be\/fr\/wp-json\/wp\/v2\/types\/product"}],"replies":[{"embeddable":true,"href":"https:\/\/sundar.be\/fr\/wp-json\/wp\/v2\/comments?post=34133"}],"wp:featuredmedia":[{"embeddable":true,"href":"https:\/\/sundar.be\/fr\/wp-json\/wp\/v2\/media\/58598"}],"wp:attachment":[{"href":"https:\/\/sundar.be\/fr\/wp-json\/wp\/v2\/media?parent=34133"}],"wp:term":[{"taxonomy":"product_brand","embeddable":true,"href":"https:\/\/sundar.be\/fr\/wp-json\/wp\/v2\/product_brand?post=34133"},{"taxonomy":"product_cat","embeddable":true,"href":"https:\/\/sundar.be\/fr\/wp-json\/wp\/v2\/product_cat?post=34133"},{"taxonomy":"product_tag","embeddable":true,"href":"https:\/\/sundar.be\/fr\/wp-json\/wp\/v2\/product_tag?post=34133"}],"curies":[{"name":"wp","href":"https:\/\/api.w.org\/{rel}","templated":true}]}}