{"id":34132,"date":"2024-01-12T12:24:17","date_gmt":"2024-01-12T11:24:17","guid":{"rendered":"https:\/\/sundar.be\/?post_type=product&#038;p=34132"},"modified":"2025-12-18T08:11:00","modified_gmt":"2025-12-18T07:11:00","slug":"hydrating-hand-cream","status":"publish","type":"product","link":"https:\/\/sundar.be\/fr\/produit\/hydrating-hand-cream\/","title":{"rendered":"LCN Hydrating Hand Cream"},"content":{"rendered":"<p><span style=\"color: #557e96;\"><strong>Hydrating Hand Cream<\/strong><\/span> est une cr\u00e8me pour les mains intens\u00e9ment nourrissante qui apaise imm\u00e9diatement les mains s\u00e8ches et tiraill\u00e9es tout en offrant une hydratation durable. Sa formule riche combine nutrition profonde, r\u00e9paration cutan\u00e9e et r\u00e9tention d\u2019eau pour une peau douce, souple et confortable tout au long de la journ\u00e9e. <\/p>\n<p>Id\u00e9al en combinaison avec le <span style=\"color: #557e96;\"><strong><a style=\"color: #557e96;\" href=\"https:\/\/sundar.be\/fr\/produit\/blueberry-hydrating-nail-shot-11ml\/\">Blueberry Nail Shot<\/a><\/strong><\/span><\/p>\n","protected":false},"excerpt":{"rendered":"<p data-start=\"318\" data-end=\"545\">Cette cr\u00e8me pour les mains hydrate intens\u00e9ment et renforce la barri\u00e8re cutan\u00e9e pour lutter efficacement contre la s\u00e9cheresse et l\u2019inconfort. La peau devient instantan\u00e9ment plus lisse, plus douce et plus \u00e9lastique, sans laisser de film gras. <\/p>\n<p data-start=\"547\" data-end=\"758\">\n","protected":false},"featured_media":58585,"comment_status":"open","ping_status":"closed","template":"","meta":{"_acf_changed":false},"product_brand":[],"product_cat":[4969,1442,6229,4936,6230,4761,1440,2772,4907],"product_tag":[2715],"class_list":{"0":"post-34132","1":"product","2":"type-product","3":"status-publish","4":"has-post-thumbnail","6":"product_cat-cremes-lotions-mains","7":"product_cat-cremes-pour-les-mains","8":"product_cat-lcn-soins-highlights","9":"product_cat-lcn-fr","10":"product_cat-lcn-soins-highlights-perfect-manicure","11":"product_cat-pose-ongles","12":"product_cat-lcn-soin-de-mains","13":"product_cat-manucure-soin-mains","14":"product_cat-soins","15":"product_tag-lcn-fr","16":"pa_inhoud-300-ml-fr","17":"pa_inhoud-50-ml-fr","19":"first","20":"instock","21":"taxable","22":"shipping-taxable","23":"product-type-variable"},"acf":[],"_links":{"self":[{"href":"https:\/\/sundar.be\/fr\/wp-json\/wp\/v2\/product\/34132","targetHints":{"allow":["GET"]}}],"collection":[{"href":"https:\/\/sundar.be\/fr\/wp-json\/wp\/v2\/product"}],"about":[{"href":"https:\/\/sundar.be\/fr\/wp-json\/wp\/v2\/types\/product"}],"replies":[{"embeddable":true,"href":"https:\/\/sundar.be\/fr\/wp-json\/wp\/v2\/comments?post=34132"}],"wp:featuredmedia":[{"embeddable":true,"href":"https:\/\/sundar.be\/fr\/wp-json\/wp\/v2\/media\/58585"}],"wp:attachment":[{"href":"https:\/\/sundar.be\/fr\/wp-json\/wp\/v2\/media?parent=34132"}],"wp:term":[{"taxonomy":"product_brand","embeddable":true,"href":"https:\/\/sundar.be\/fr\/wp-json\/wp\/v2\/product_brand?post=34132"},{"taxonomy":"product_cat","embeddable":true,"href":"https:\/\/sundar.be\/fr\/wp-json\/wp\/v2\/product_cat?post=34132"},{"taxonomy":"product_tag","embeddable":true,"href":"https:\/\/sundar.be\/fr\/wp-json\/wp\/v2\/product_tag?post=34132"}],"curies":[{"name":"wp","href":"https:\/\/api.w.org\/{rel}","templated":true}]}}