{"id":34131,"date":"2024-01-12T12:58:47","date_gmt":"2024-01-12T11:58:47","guid":{"rendered":"https:\/\/sundar.be\/?post_type=product&#038;p=34131"},"modified":"2025-11-25T15:03:25","modified_gmt":"2025-11-25T14:03:25","slug":"vitamin-hand-cream","status":"publish","type":"product","link":"https:\/\/sundar.be\/fr\/produit\/vitamin-hand-cream\/","title":{"rendered":"LCN Vitamin Hand Cream"},"content":{"rendered":"<p>La <span style=\"color: #c77b33;\"><strong>Vitamin Hand Cream<\/strong><\/span> est une cr\u00e8me pour les mains intens\u00e9ment nourrissante et r\u00e9paratrice qui rend les mains s\u00e8ches, rugueuses ou fatigu\u00e9es \u00e0 nouveau douces, souples et confortables. Gr\u00e2ce \u00e0 un puissant m\u00e9lange de vitamines, d\u2019huiles v\u00e9g\u00e9tales et d\u2019actifs hydratants, la cr\u00e8me aide \u00e0 renforcer la barri\u00e8re cutan\u00e9e et \u00e0 conserver l\u2019hydratation durablement. <\/p>\n<p>Id\u00e9al en combinaison avec l&rsquo;<span style=\"color: #c77b33;\"><strong><a style=\"color: #c77b33;\" href=\"https:\/\/sundar.be\/fr\/produit\/orange-vitamin-nail-shot-11ml-fr\/\">Orange Nail Shot<\/a><\/strong><\/span><\/p>\n","protected":false},"excerpt":{"rendered":"<p>Cette cr\u00e8me pour les mains nourrit et hydrate intens\u00e9ment, laissant la peau visiblement plus douce et plus lisse. Les huiles riches en vitamines et les actifs r\u00e9parateurs prot\u00e8gent la peau contre le dess\u00e8chement et les agressions ext\u00e9rieures. <\/p>\n","protected":false},"featured_media":58592,"comment_status":"open","ping_status":"closed","template":"","meta":{"_acf_changed":false},"product_brand":[],"product_cat":[4969,1442,6229,4936,6230,4761,1440,2772,4907,5058],"product_tag":[2715],"class_list":{"0":"post-34131","1":"product","2":"type-product","3":"status-publish","4":"has-post-thumbnail","6":"product_cat-cremes-lotions-mains","7":"product_cat-cremes-pour-les-mains","8":"product_cat-lcn-soins-highlights","9":"product_cat-lcn-fr","10":"product_cat-lcn-soins-highlights-perfect-manicure","11":"product_cat-pose-ongles","12":"product_cat-lcn-soin-de-mains","13":"product_cat-manucure-soin-mains","14":"product_cat-soins","15":"product_cat-webshop-fr","16":"product_tag-lcn-fr","17":"pa_inhoud-300-ml-fr","18":"pa_inhoud-50-ml-fr","20":"first","21":"instock","22":"taxable","23":"shipping-taxable","24":"product-type-variable"},"acf":[],"_links":{"self":[{"href":"https:\/\/sundar.be\/fr\/wp-json\/wp\/v2\/product\/34131","targetHints":{"allow":["GET"]}}],"collection":[{"href":"https:\/\/sundar.be\/fr\/wp-json\/wp\/v2\/product"}],"about":[{"href":"https:\/\/sundar.be\/fr\/wp-json\/wp\/v2\/types\/product"}],"replies":[{"embeddable":true,"href":"https:\/\/sundar.be\/fr\/wp-json\/wp\/v2\/comments?post=34131"}],"wp:featuredmedia":[{"embeddable":true,"href":"https:\/\/sundar.be\/fr\/wp-json\/wp\/v2\/media\/58592"}],"wp:attachment":[{"href":"https:\/\/sundar.be\/fr\/wp-json\/wp\/v2\/media?parent=34131"}],"wp:term":[{"taxonomy":"product_brand","embeddable":true,"href":"https:\/\/sundar.be\/fr\/wp-json\/wp\/v2\/product_brand?post=34131"},{"taxonomy":"product_cat","embeddable":true,"href":"https:\/\/sundar.be\/fr\/wp-json\/wp\/v2\/product_cat?post=34131"},{"taxonomy":"product_tag","embeddable":true,"href":"https:\/\/sundar.be\/fr\/wp-json\/wp\/v2\/product_tag?post=34131"}],"curies":[{"name":"wp","href":"https:\/\/api.w.org\/{rel}","templated":true}]}}