{"id":34130,"date":"2024-01-12T12:49:49","date_gmt":"2024-01-12T11:49:49","guid":{"rendered":"https:\/\/sundar.be\/?post_type=product&#038;p=34130"},"modified":"2025-12-18T08:27:51","modified_gmt":"2025-12-18T07:27:51","slug":"protecting-hand-cream","status":"publish","type":"product","link":"https:\/\/sundar.be\/fr\/produit\/protecting-hand-cream\/","title":{"rendered":"LCN Protecting Hand Cream"},"content":{"rendered":"<p><span style=\"color: #557e96;\"><strong>Protecting Hand Cream<\/strong><\/span> est une cr\u00e8me pour les mains riche et r\u00e9paratrice qui apporte un confort imm\u00e9diat aux mains s\u00e8ches, sensibles ou irrit\u00e9es. Gr\u00e2ce \u00e0 un puissant m\u00e9lange d\u2019huiles v\u00e9g\u00e9tales nourrissantes, d\u2019ingr\u00e9dients hydratants et d\u2019extraits apaisants, elle aide \u00e0 restaurer la barri\u00e8re cutan\u00e9e, \u00e0 retenir l\u2019hydratation et \u00e0 prot\u00e9ger durablement les mains contre le dess\u00e8chement et les agressions ext\u00e9rieures. <\/p>\n<p>Id\u00e9al en combinaison avec le <span style=\"color: #557e96;\"><strong><a style=\"color: #557e96;\" href=\"https:\/\/sundar.be\/fr\/produit\/pineapple-refreshing-nail-shot-11ml\/\">Pineapple Nail Shot<\/a><\/strong><\/span><\/p>\n","protected":false},"excerpt":{"rendered":"<p data-start=\"432\" data-end=\"703\">Cette cr\u00e8me pour les mains nourrit intens\u00e9ment, apaise et renforce la barri\u00e8re cutan\u00e9e pour un confort et une protection longue dur\u00e9e. La peau est imm\u00e9diatement plus douce, souple et moins tiraill\u00e9e, m\u00eame en cas de lavages fr\u00e9quents ou d\u2019exposition au froid. <\/p>\n<p data-start=\"705\" data-end=\"920\">\n","protected":false},"featured_media":58607,"comment_status":"open","ping_status":"closed","template":"","meta":{"_acf_changed":false},"product_brand":[],"product_cat":[4969,1442,6229,4936,6230,4761,1440,2772,4907],"product_tag":[2715],"class_list":{"0":"post-34130","1":"product","2":"type-product","3":"status-publish","4":"has-post-thumbnail","6":"product_cat-cremes-lotions-mains","7":"product_cat-cremes-pour-les-mains","8":"product_cat-lcn-soins-highlights","9":"product_cat-lcn-fr","10":"product_cat-lcn-soins-highlights-perfect-manicure","11":"product_cat-pose-ongles","12":"product_cat-lcn-soin-de-mains","13":"product_cat-manucure-soin-mains","14":"product_cat-soins","15":"product_tag-lcn-fr","16":"pa_inhoud-300-ml-fr","17":"pa_inhoud-50-ml-fr","19":"first","20":"instock","21":"taxable","22":"shipping-taxable","23":"product-type-variable"},"acf":[],"_links":{"self":[{"href":"https:\/\/sundar.be\/fr\/wp-json\/wp\/v2\/product\/34130","targetHints":{"allow":["GET"]}}],"collection":[{"href":"https:\/\/sundar.be\/fr\/wp-json\/wp\/v2\/product"}],"about":[{"href":"https:\/\/sundar.be\/fr\/wp-json\/wp\/v2\/types\/product"}],"replies":[{"embeddable":true,"href":"https:\/\/sundar.be\/fr\/wp-json\/wp\/v2\/comments?post=34130"}],"wp:featuredmedia":[{"embeddable":true,"href":"https:\/\/sundar.be\/fr\/wp-json\/wp\/v2\/media\/58607"}],"wp:attachment":[{"href":"https:\/\/sundar.be\/fr\/wp-json\/wp\/v2\/media?parent=34130"}],"wp:term":[{"taxonomy":"product_brand","embeddable":true,"href":"https:\/\/sundar.be\/fr\/wp-json\/wp\/v2\/product_brand?post=34130"},{"taxonomy":"product_cat","embeddable":true,"href":"https:\/\/sundar.be\/fr\/wp-json\/wp\/v2\/product_cat?post=34130"},{"taxonomy":"product_tag","embeddable":true,"href":"https:\/\/sundar.be\/fr\/wp-json\/wp\/v2\/product_tag?post=34130"}],"curies":[{"name":"wp","href":"https:\/\/api.w.org\/{rel}","templated":true}]}}